{"id":10002,"date":"2024-02-12T15:46:04","date_gmt":"2024-02-12T14:46:04","guid":{"rendered":"https:\/\/fenxweb.com\/?page_id=10002"},"modified":"2024-02-12T16:02:12","modified_gmt":"2024-02-12T15:02:12","slug":"nos-valeurs","status":"publish","type":"page","link":"https:\/\/fenxweb.com\/index.php\/nos-valeurs\/","title":{"rendered":"Nos Valeurs"},"content":{"rendered":"\t\t<div data-elementor-type=\"wp-page\" data-elementor-id=\"10002\" class=\"elementor elementor-10002\" data-elementor-settings=\"[]\">\n\t\t\t\t\t\t\t<div class=\"elementor-section-wrap\">\n\t\t\t\t\t\t\t<section class=\"elementor-section elementor-top-section elementor-element elementor-element-43bfb4c elementor-section-full_width elementor-section-height-default elementor-section-height-default mkdf-parallax-row-no mkdf-row-grid-no mkdf-disabled-bg-image-bellow-no\" data-id=\"43bfb4c\" data-element_type=\"section\">\n\t\t\t\t\t\t<div class=\"elementor-container elementor-column-gap-default\">\n\t\t\t\t\t<div class=\"elementor-column elementor-col-50 elementor-top-column elementor-element elementor-element-af9cadd\" data-id=\"af9cadd\" data-element_type=\"column\" data-settings=\"{&quot;background_background&quot;:&quot;classic&quot;}\">\n\t\t\t<div class=\"elementor-widget-wrap elementor-element-populated\">\n\t\t\t\t\t\t\t\t<div class=\"elementor-element elementor-element-01b7609 elementor-widget elementor-widget-heading\" data-id=\"01b7609\" data-element_type=\"widget\" data-widget_type=\"heading.default\">\n\t\t\t\t<div class=\"elementor-widget-container\">\n\t\t\t<h3 class=\"elementor-heading-title elementor-size-default\">Innovation<\/h3>\t\t<\/div>\n\t\t\t\t<\/div>\n\t\t\t\t<div class=\"elementor-element elementor-element-11b697f elementor-widget elementor-widget-text-editor\" data-id=\"11b697f\" data-element_type=\"widget\" data-widget_type=\"text-editor.default\">\n\t\t\t\t<div class=\"elementor-widget-container\">\n\t\t\t\t\t\t\t\t<p><span style=\"font-weight: 400;\">Chez FENX, l\u2019innovation est au c\u0153ur de tout ce que nous faisons. Nous croyons que le d\u00e9veloppement de logiciels est un domaine en constante \u00e9volution, et nous nous effor\u00e7ons d\u2019\u00eatre \u00e0 la pointe de cette \u00e9volution. Nous encourageons nos employ\u00e9s \u00e0 penser de mani\u00e8re cr\u00e9ative et \u00e0 trouver de nouvelles solutions aux d\u00e9fis auxquels nos clients sont confront\u00e9s.<\/span><\/p>\t\t\t\t\t\t<\/div>\n\t\t\t\t<\/div>\n\t\t\t\t\t<\/div>\n\t\t<\/div>\n\t\t\t\t<div class=\"elementor-column elementor-col-50 elementor-top-column elementor-element elementor-element-b098a90\" data-id=\"b098a90\" data-element_type=\"column\">\n\t\t\t<div class=\"elementor-widget-wrap elementor-element-populated\">\n\t\t\t\t\t\t\t\t<div class=\"elementor-element elementor-element-fe2ae7a elementor-widget elementor-widget-image\" data-id=\"fe2ae7a\" data-element_type=\"widget\" data-widget_type=\"image.default\">\n\t\t\t\t<div class=\"elementor-widget-container\">\n\t\t\t\t\t\t\t\t\t\t\t\t\t\t\t<img width=\"800\" height=\"800\" src=\"https:\/\/fenxweb.com\/wp-content\/uploads\/2020\/01\/h12-img-1-2.jpg\" class=\"attachment-large size-large\" alt=\"c\" loading=\"lazy\" srcset=\"https:\/\/fenxweb.com\/wp-content\/uploads\/2020\/01\/h12-img-1-2.jpg 800w, https:\/\/fenxweb.com\/wp-content\/uploads\/2020\/01\/h12-img-1-2-300x300.jpg 300w, https:\/\/fenxweb.com\/wp-content\/uploads\/2020\/01\/h12-img-1-2-100x100.jpg 100w, https:\/\/fenxweb.com\/wp-content\/uploads\/2020\/01\/h12-img-1-2-600x600.jpg 600w, https:\/\/fenxweb.com\/wp-content\/uploads\/2020\/01\/h12-img-1-2-150x150.jpg 150w, https:\/\/fenxweb.com\/wp-content\/uploads\/2020\/01\/h12-img-1-2-768x768.jpg 768w, https:\/\/fenxweb.com\/wp-content\/uploads\/2020\/01\/h12-img-1-2-550x550.jpg 550w, https:\/\/fenxweb.com\/wp-content\/uploads\/2020\/01\/h12-img-1-2-650x650.jpg 650w\" sizes=\"(max-width: 800px) 100vw, 800px\" \/>\t\t\t\t\t\t\t\t\t\t\t\t\t\t\t<\/div>\n\t\t\t\t<\/div>\n\t\t\t\t\t<\/div>\n\t\t<\/div>\n\t\t\t\t\t\t\t<\/div>\n\t\t<\/section>\n\t\t\t\t<section class=\"elementor-section elementor-top-section elementor-element elementor-element-947defc elementor-section-full_width elementor-section-height-default elementor-section-height-default mkdf-parallax-row-no mkdf-row-grid-no mkdf-disabled-bg-image-bellow-no\" data-id=\"947defc\" data-element_type=\"section\">\n\t\t\t\t\t\t<div class=\"elementor-container elementor-column-gap-default\">\n\t\t\t\t\t<div class=\"elementor-column elementor-col-50 elementor-top-column elementor-element elementor-element-1e9b757\" data-id=\"1e9b757\" data-element_type=\"column\">\n\t\t\t<div class=\"elementor-widget-wrap elementor-element-populated\">\n\t\t\t\t\t\t\t\t<div class=\"elementor-element elementor-element-ae78af5 elementor-widget elementor-widget-image\" data-id=\"ae78af5\" data-element_type=\"widget\" data-widget_type=\"image.default\">\n\t\t\t\t<div class=\"elementor-widget-container\">\n\t\t\t\t\t\t\t\t\t\t\t\t\t\t\t<img width=\"800\" height=\"800\" src=\"https:\/\/fenxweb.com\/wp-content\/uploads\/2020\/01\/h12-img-4-2.jpg\" class=\"attachment-large size-large\" alt=\"z\" loading=\"lazy\" srcset=\"https:\/\/fenxweb.com\/wp-content\/uploads\/2020\/01\/h12-img-4-2.jpg 800w, https:\/\/fenxweb.com\/wp-content\/uploads\/2020\/01\/h12-img-4-2-300x300.jpg 300w, https:\/\/fenxweb.com\/wp-content\/uploads\/2020\/01\/h12-img-4-2-100x100.jpg 100w, https:\/\/fenxweb.com\/wp-content\/uploads\/2020\/01\/h12-img-4-2-600x600.jpg 600w, https:\/\/fenxweb.com\/wp-content\/uploads\/2020\/01\/h12-img-4-2-150x150.jpg 150w, https:\/\/fenxweb.com\/wp-content\/uploads\/2020\/01\/h12-img-4-2-768x768.jpg 768w, https:\/\/fenxweb.com\/wp-content\/uploads\/2020\/01\/h12-img-4-2-550x550.jpg 550w, https:\/\/fenxweb.com\/wp-content\/uploads\/2020\/01\/h12-img-4-2-650x650.jpg 650w\" sizes=\"(max-width: 800px) 100vw, 800px\" \/>\t\t\t\t\t\t\t\t\t\t\t\t\t\t\t<\/div>\n\t\t\t\t<\/div>\n\t\t\t\t\t<\/div>\n\t\t<\/div>\n\t\t\t\t<div class=\"elementor-column elementor-col-50 elementor-top-column elementor-element elementor-element-6dc5a91\" data-id=\"6dc5a91\" data-element_type=\"column\" data-settings=\"{&quot;background_background&quot;:&quot;classic&quot;}\">\n\t\t\t<div class=\"elementor-widget-wrap elementor-element-populated\">\n\t\t\t\t\t\t\t\t<div class=\"elementor-element elementor-element-99c228d elementor-widget elementor-widget-heading\" data-id=\"99c228d\" data-element_type=\"widget\" data-widget_type=\"heading.default\">\n\t\t\t\t<div class=\"elementor-widget-container\">\n\t\t\t<h3 class=\"elementor-heading-title elementor-size-default\">Efficacit\u00e9<\/h3>\t\t<\/div>\n\t\t\t\t<\/div>\n\t\t\t\t<div class=\"elementor-element elementor-element-ce89b19 elementor-widget elementor-widget-text-editor\" data-id=\"ce89b19\" data-element_type=\"widget\" data-widget_type=\"text-editor.default\">\n\t\t\t\t<div class=\"elementor-widget-container\">\n\t\t\t\t\t\t\t\t<p><span style=\"font-weight: 400;\">L\u2019efficacit\u00e9 est une autre valeur cl\u00e9 de FENX. Nous nous effor\u00e7ons de fournir des solutions logicielles qui am\u00e9liorent l\u2019efficacit\u00e9 de nos clients. Cela signifie que nous travaillons pour optimiser nos processus et nos produits afin de maximiser la valeur que nous apportons \u00e0 nos clients.<\/span><\/p>\t\t\t\t\t\t<\/div>\n\t\t\t\t<\/div>\n\t\t\t\t\t<\/div>\n\t\t<\/div>\n\t\t\t\t\t\t\t<\/div>\n\t\t<\/section>\n\t\t\t\t<section class=\"elementor-section elementor-top-section elementor-element elementor-element-f275f47 elementor-section-full_width elementor-section-height-default elementor-section-height-default mkdf-parallax-row-no mkdf-row-grid-no mkdf-disabled-bg-image-bellow-no\" data-id=\"f275f47\" data-element_type=\"section\">\n\t\t\t\t\t\t<div class=\"elementor-container elementor-column-gap-default\">\n\t\t\t\t\t<div class=\"elementor-column elementor-col-50 elementor-top-column elementor-element elementor-element-9bc636f\" data-id=\"9bc636f\" data-element_type=\"column\" data-settings=\"{&quot;background_background&quot;:&quot;classic&quot;}\">\n\t\t\t<div class=\"elementor-widget-wrap elementor-element-populated\">\n\t\t\t\t\t\t\t\t<div class=\"elementor-element elementor-element-9774c1f elementor-widget elementor-widget-heading\" data-id=\"9774c1f\" data-element_type=\"widget\" data-widget_type=\"heading.default\">\n\t\t\t\t<div class=\"elementor-widget-container\">\n\t\t\t<h3 class=\"elementor-heading-title elementor-size-default\">Satisfaction du client<\/h3>\t\t<\/div>\n\t\t\t\t<\/div>\n\t\t\t\t<div class=\"elementor-element elementor-element-dfabce5 elementor-widget elementor-widget-text-editor\" data-id=\"dfabce5\" data-element_type=\"widget\" data-widget_type=\"text-editor.default\">\n\t\t\t\t<div class=\"elementor-widget-container\">\n\t\t\t\t\t\t\t\t<p><span style=\"font-weight: 400;\">La satisfaction du client est au c\u0153ur de notre mission chez FENX. Nous nous engageons \u00e0 d\u00e9passer les attentes de nos clients en fournissant des produits et services de haute qualit\u00e9. Nous \u00e9coutons attentivement les besoins de nos clients et nous nous effor\u00e7ons de r\u00e9pondre \u00e0 ces besoins de mani\u00e8re efficace et innovante.<\/span><\/p>\t\t\t\t\t\t<\/div>\n\t\t\t\t<\/div>\n\t\t\t\t\t<\/div>\n\t\t<\/div>\n\t\t\t\t<div class=\"elementor-column elementor-col-50 elementor-top-column elementor-element elementor-element-7389332\" data-id=\"7389332\" data-element_type=\"column\">\n\t\t\t<div class=\"elementor-widget-wrap elementor-element-populated\">\n\t\t\t\t\t\t\t\t<div class=\"elementor-element elementor-element-756b660 elementor-widget elementor-widget-image\" data-id=\"756b660\" data-element_type=\"widget\" data-widget_type=\"image.default\">\n\t\t\t\t<div class=\"elementor-widget-container\">\n\t\t\t\t\t\t\t\t\t\t\t\t\t\t\t<img width=\"800\" height=\"800\" src=\"https:\/\/fenxweb.com\/wp-content\/uploads\/2020\/01\/h12-img-5-2.jpg\" class=\"attachment-large size-large\" alt=\"b\" loading=\"lazy\" srcset=\"https:\/\/fenxweb.com\/wp-content\/uploads\/2020\/01\/h12-img-5-2.jpg 800w, https:\/\/fenxweb.com\/wp-content\/uploads\/2020\/01\/h12-img-5-2-300x300.jpg 300w, https:\/\/fenxweb.com\/wp-content\/uploads\/2020\/01\/h12-img-5-2-100x100.jpg 100w, https:\/\/fenxweb.com\/wp-content\/uploads\/2020\/01\/h12-img-5-2-600x600.jpg 600w, https:\/\/fenxweb.com\/wp-content\/uploads\/2020\/01\/h12-img-5-2-150x150.jpg 150w, https:\/\/fenxweb.com\/wp-content\/uploads\/2020\/01\/h12-img-5-2-768x768.jpg 768w, https:\/\/fenxweb.com\/wp-content\/uploads\/2020\/01\/h12-img-5-2-550x550.jpg 550w, https:\/\/fenxweb.com\/wp-content\/uploads\/2020\/01\/h12-img-5-2-650x650.jpg 650w\" sizes=\"(max-width: 800px) 100vw, 800px\" \/>\t\t\t\t\t\t\t\t\t\t\t\t\t\t\t<\/div>\n\t\t\t\t<\/div>\n\t\t\t\t\t<\/div>\n\t\t<\/div>\n\t\t\t\t\t\t\t<\/div>\n\t\t<\/section>\n\t\t\t\t\t\t<\/div>\n\t\t\t\t\t<\/div>\n\t\t","protected":false},"excerpt":{"rendered":"<p>Innovation Chez FENX, l\u2019innovation est au c\u0153ur de tout ce que nous faisons. Nous croyons que le d\u00e9veloppement de logiciels est un domaine en constante \u00e9volution, et nous nous effor\u00e7ons d\u2019\u00eatre \u00e0 la pointe de cette \u00e9volution. Nous encourageons nos [&hellip;]<\/p>\n","protected":false},"author":1,"featured_media":0,"parent":0,"menu_order":0,"comment_status":"closed","ping_status":"closed","template":"","meta":[],"yoast_head":"<!-- This site is optimized with the Yoast SEO plugin v17.1 - https:\/\/yoast.com\/wordpress\/plugins\/seo\/ -->\n<title>Nos Valeurs - FENX<\/title>\n<meta name=\"robots\" content=\"index, follow, max-snippet:-1, max-image-preview:large, max-video-preview:-1\" \/>\n<link rel=\"canonical\" href=\"https:\/\/fenxweb.com\/index.php\/nos-valeurs\/\" \/>\n<meta property=\"og:locale\" content=\"en_US\" \/>\n<meta property=\"og:type\" content=\"article\" \/>\n<meta property=\"og:title\" content=\"Nos Valeurs - FENX\" \/>\n<meta property=\"og:description\" content=\"Innovation Chez FENX, l\u2019innovation est au c\u0153ur de tout ce que nous faisons. Nous croyons que le d\u00e9veloppement de logiciels est un domaine en constante \u00e9volution, et nous nous effor\u00e7ons d\u2019\u00eatre \u00e0 la pointe de cette \u00e9volution. Nous encourageons nos [&hellip;]\" \/>\n<meta property=\"og:url\" content=\"https:\/\/fenxweb.com\/index.php\/nos-valeurs\/\" \/>\n<meta property=\"og:site_name\" content=\"FENX\" \/>\n<meta property=\"article:modified_time\" content=\"2024-02-12T15:02:12+00:00\" \/>\n<meta property=\"og:image\" content=\"https:\/\/fenxweb.com\/wp-content\/uploads\/2020\/01\/h12-img-1-2.jpg\" \/>\n<meta name=\"twitter:card\" content=\"summary_large_image\" \/>\n<meta name=\"twitter:label1\" content=\"Est. reading time\" \/>\n\t<meta name=\"twitter:data1\" content=\"2 minutes\" \/>\n<script type=\"application\/ld+json\" class=\"yoast-schema-graph\">{\"@context\":\"https:\/\/schema.org\",\"@graph\":[{\"@type\":\"WebSite\",\"@id\":\"https:\/\/fenxweb.com\/#website\",\"url\":\"https:\/\/fenxweb.com\/\",\"name\":\"FENX\",\"description\":\"\",\"potentialAction\":[{\"@type\":\"SearchAction\",\"target\":{\"@type\":\"EntryPoint\",\"urlTemplate\":\"https:\/\/fenxweb.com\/?s={search_term_string}\"},\"query-input\":\"required name=search_term_string\"}],\"inLanguage\":\"en-US\"},{\"@type\":\"ImageObject\",\"@id\":\"https:\/\/fenxweb.com\/index.php\/nos-valeurs\/#primaryimage\",\"inLanguage\":\"en-US\",\"url\":\"https:\/\/fenxweb.com\/wp-content\/uploads\/2020\/01\/h12-img-1-2.jpg\",\"contentUrl\":\"https:\/\/fenxweb.com\/wp-content\/uploads\/2020\/01\/h12-img-1-2.jpg\",\"width\":800,\"height\":800,\"caption\":\"c\"},{\"@type\":\"WebPage\",\"@id\":\"https:\/\/fenxweb.com\/index.php\/nos-valeurs\/#webpage\",\"url\":\"https:\/\/fenxweb.com\/index.php\/nos-valeurs\/\",\"name\":\"Nos Valeurs - FENX\",\"isPartOf\":{\"@id\":\"https:\/\/fenxweb.com\/#website\"},\"primaryImageOfPage\":{\"@id\":\"https:\/\/fenxweb.com\/index.php\/nos-valeurs\/#primaryimage\"},\"datePublished\":\"2024-02-12T14:46:04+00:00\",\"dateModified\":\"2024-02-12T15:02:12+00:00\",\"breadcrumb\":{\"@id\":\"https:\/\/fenxweb.com\/index.php\/nos-valeurs\/#breadcrumb\"},\"inLanguage\":\"en-US\",\"potentialAction\":[{\"@type\":\"ReadAction\",\"target\":[\"https:\/\/fenxweb.com\/index.php\/nos-valeurs\/\"]}]},{\"@type\":\"BreadcrumbList\",\"@id\":\"https:\/\/fenxweb.com\/index.php\/nos-valeurs\/#breadcrumb\",\"itemListElement\":[{\"@type\":\"ListItem\",\"position\":1,\"name\":\"Home\",\"item\":\"https:\/\/fenxweb.com\/\"},{\"@type\":\"ListItem\",\"position\":2,\"name\":\"Nos Valeurs\"}]}]}<\/script>\n<!-- \/ Yoast SEO plugin. -->","yoast_head_json":{"title":"Nos Valeurs - FENX","robots":{"index":"index","follow":"follow","max-snippet":"max-snippet:-1","max-image-preview":"max-image-preview:large","max-video-preview":"max-video-preview:-1"},"canonical":"https:\/\/fenxweb.com\/index.php\/nos-valeurs\/","og_locale":"en_US","og_type":"article","og_title":"Nos Valeurs - FENX","og_description":"Innovation Chez FENX, l\u2019innovation est au c\u0153ur de tout ce que nous faisons. Nous croyons que le d\u00e9veloppement de logiciels est un domaine en constante \u00e9volution, et nous nous effor\u00e7ons d\u2019\u00eatre \u00e0 la pointe de cette \u00e9volution. Nous encourageons nos [&hellip;]","og_url":"https:\/\/fenxweb.com\/index.php\/nos-valeurs\/","og_site_name":"FENX","article_modified_time":"2024-02-12T15:02:12+00:00","og_image":[{"url":"https:\/\/fenxweb.com\/wp-content\/uploads\/2020\/01\/h12-img-1-2.jpg"}],"twitter_card":"summary_large_image","twitter_misc":{"Est. reading time":"2 minutes"},"schema":{"@context":"https:\/\/schema.org","@graph":[{"@type":"WebSite","@id":"https:\/\/fenxweb.com\/#website","url":"https:\/\/fenxweb.com\/","name":"FENX","description":"","potentialAction":[{"@type":"SearchAction","target":{"@type":"EntryPoint","urlTemplate":"https:\/\/fenxweb.com\/?s={search_term_string}"},"query-input":"required name=search_term_string"}],"inLanguage":"en-US"},{"@type":"ImageObject","@id":"https:\/\/fenxweb.com\/index.php\/nos-valeurs\/#primaryimage","inLanguage":"en-US","url":"https:\/\/fenxweb.com\/wp-content\/uploads\/2020\/01\/h12-img-1-2.jpg","contentUrl":"https:\/\/fenxweb.com\/wp-content\/uploads\/2020\/01\/h12-img-1-2.jpg","width":800,"height":800,"caption":"c"},{"@type":"WebPage","@id":"https:\/\/fenxweb.com\/index.php\/nos-valeurs\/#webpage","url":"https:\/\/fenxweb.com\/index.php\/nos-valeurs\/","name":"Nos Valeurs - FENX","isPartOf":{"@id":"https:\/\/fenxweb.com\/#website"},"primaryImageOfPage":{"@id":"https:\/\/fenxweb.com\/index.php\/nos-valeurs\/#primaryimage"},"datePublished":"2024-02-12T14:46:04+00:00","dateModified":"2024-02-12T15:02:12+00:00","breadcrumb":{"@id":"https:\/\/fenxweb.com\/index.php\/nos-valeurs\/#breadcrumb"},"inLanguage":"en-US","potentialAction":[{"@type":"ReadAction","target":["https:\/\/fenxweb.com\/index.php\/nos-valeurs\/"]}]},{"@type":"BreadcrumbList","@id":"https:\/\/fenxweb.com\/index.php\/nos-valeurs\/#breadcrumb","itemListElement":[{"@type":"ListItem","position":1,"name":"Home","item":"https:\/\/fenxweb.com\/"},{"@type":"ListItem","position":2,"name":"Nos Valeurs"}]}]}},"_links":{"self":[{"href":"https:\/\/fenxweb.com\/index.php\/wp-json\/wp\/v2\/pages\/10002"}],"collection":[{"href":"https:\/\/fenxweb.com\/index.php\/wp-json\/wp\/v2\/pages"}],"about":[{"href":"https:\/\/fenxweb.com\/index.php\/wp-json\/wp\/v2\/types\/page"}],"author":[{"embeddable":true,"href":"https:\/\/fenxweb.com\/index.php\/wp-json\/wp\/v2\/users\/1"}],"replies":[{"embeddable":true,"href":"https:\/\/fenxweb.com\/index.php\/wp-json\/wp\/v2\/comments?post=10002"}],"version-history":[{"count":31,"href":"https:\/\/fenxweb.com\/index.php\/wp-json\/wp\/v2\/pages\/10002\/revisions"}],"predecessor-version":[{"id":10034,"href":"https:\/\/fenxweb.com\/index.php\/wp-json\/wp\/v2\/pages\/10002\/revisions\/10034"}],"wp:attachment":[{"href":"https:\/\/fenxweb.com\/index.php\/wp-json\/wp\/v2\/media?parent=10002"}],"curies":[{"name":"wp","href":"https:\/\/api.w.org\/{rel}","templated":true}]}}