{"id":10207,"date":"2024-02-13T16:38:44","date_gmt":"2024-02-13T15:38:44","guid":{"rendered":"https:\/\/fenxweb.com\/?page_id=10207"},"modified":"2024-02-13T17:44:28","modified_gmt":"2024-02-13T16:44:28","slug":"systemes-de-gestion-personnalises","status":"publish","type":"page","link":"https:\/\/fenxweb.com\/index.php\/product-presentation\/systemes-de-gestion-personnalises\/","title":{"rendered":"Syst\u00e8mes de gestion personnalis\u00e9s"},"content":{"rendered":"<p>[vc_row content_placement=&#8221;middle&#8221; row_content_width=&#8221;grid&#8221; content_text_aligment=&#8221;left&#8221; css=&#8221;.vc_custom_1707840413400{padding-top: 75px !important;}&#8221;][vc_column]<div class=\"mkdf-elements-holder   mkdf-two-columns  mkdf-responsive-mode-1024 \" ><div class=\"mkdf-eh-item   mkdf-horizontal-alignment-right \" style=\"background-image: url(https:\/\/fenxweb.com\/wp-content\/uploads\/2024\/02\/OIG3.jpeg)\" data-item-class=\"mkdf-eh-custom-5294\">\n\t<div class=\"mkdf-eh-item-inner\">\n\t\t<div class=\"mkdf-eh-item-content mkdf-eh-custom-5294\" style=\"padding: 325px 0\">\n\t\t\t\t\t<\/div>\n\t<\/div>\n<\/div><div class=\"mkdf-eh-item    \"  data-item-class=\"mkdf-eh-custom-9971\" data-1367-1600=\"0 137px 0 14%\" data-1025-1366=\"0 51px 0 14%\" data-769-1024=\"44px 0px 100px 0%\" data-681-768=\"47px 6% 0 1%\" data-680=\"60px 0 0 0\">\n\t<div class=\"mkdf-eh-item-inner\">\n\t\t<div class=\"mkdf-eh-item-content mkdf-eh-custom-9971\" style=\"padding: 0px 21% 0 14%\">\n\t\t\t<div class=\"mkdf-section-title-holder  mkdf-st-standard mkdf-st-title-left mkdf-st-normal-space \" style=\"text-align: left\">\n\t<div class=\"mkdf-st-inner\">\n\t\t\t\t\t<h3 class=\"mkdf-st-title\" >\n\t\t\t\tPratiques\t\t\t<\/h3>\n\t\t\t\t\t\t\t<p class=\"mkdf-st-text\" style=\"font-size: 20px;line-height: 34px;margin-top: 17px\">\n\t\t\t\tChez FENX, nous sommes d\u00e9di\u00e9s \u00e0 la fourniture de solutions logicielles d\u2019entreprise de haute qualit\u00e9. Nous utilisons les meilleures pratiques et m\u00e9thodologies de d\u00e9veloppement pour cr\u00e9er des syst\u00e8mes de gestion personnalis\u00e9s qui r\u00e9pondent aux besoins sp\u00e9cifiques de votre entreprise.\t\t\t<\/p>\n\t\t\t<\/div>\n<\/div>[vc_empty_space height=&#8221;50px&#8221;]\t\t<\/div>\n\t<\/div>\n<\/div><\/div>[\/vc_column][\/vc_row][vc_row content_placement=&#8221;middle&#8221; row_content_width=&#8221;grid&#8221; content_text_aligment=&#8221;left&#8221;][vc_column]<div class=\"mkdf-elements-holder   mkdf-two-columns  mkdf-responsive-mode-1024 mkdf-one-column-alignment-left\" ><div class=\"mkdf-eh-item    \"  data-item-class=\"mkdf-eh-custom-7511\" data-1367-1600=\"0 137px 0 14%\" data-1025-1366=\"0 51px 0 14%\" data-769-1024=\"44px 0px 100px 0%\" data-681-768=\"47px 6% 0 1%\" data-680=\"60px 0 0 0\">\n\t<div class=\"mkdf-eh-item-inner\">\n\t\t<div class=\"mkdf-eh-item-content mkdf-eh-custom-7511\" style=\"padding: 0px 21% 0 14%\">\n\t\t\t<div class=\"mkdf-section-title-holder  mkdf-st-standard mkdf-st-title-left mkdf-st-normal-space \" style=\"text-align: left\">\n\t<div class=\"mkdf-st-inner\">\n\t\t\t\t\t<h3 class=\"mkdf-st-title\" >\n\t\t\t\tM\u00e9thodologie\t\t\t<\/h3>\n\t\t\t\t\t\t\t<p class=\"mkdf-st-text\" style=\"font-size: 20px;line-height: 34px;margin-top: 17px\">\n\t\t\t\tNotre approche est structur\u00e9e et efficace. Nous mettons en place des processus rigoureux pour assurer que chaque \u00e9tape du d\u00e9veloppement est r\u00e9alis\u00e9e avec pr\u00e9cision et efficacit\u00e9. Cela nous permet de livrer des solutions qui non seulement r\u00e9pondent \u00e0 vos attentes, mais les d\u00e9passent.\t\t\t<\/p>\n\t\t\t<\/div>\n<\/div>[vc_empty_space height=&#8221;50px&#8221;]\t\t<\/div>\n\t<\/div>\n<\/div><div class=\"mkdf-eh-item    \" style=\"background-image: url(https:\/\/fenxweb.com\/wp-content\/uploads\/2024\/02\/OIG1.jpeg)\" data-item-class=\"mkdf-eh-custom-4327\">\n\t<div class=\"mkdf-eh-item-inner\">\n\t\t<div class=\"mkdf-eh-item-content mkdf-eh-custom-4327\" style=\"padding: 325px 0\">\n\t\t\t\t\t<\/div>\n\t<\/div>\n<\/div><\/div>[\/vc_column][\/vc_row][vc_row content_placement=&#8221;middle&#8221; row_content_width=&#8221;grid&#8221; content_text_aligment=&#8221;left&#8221; css=&#8221;.vc_custom_1707840339332{padding-top: 0px !important;}&#8221;][vc_column]<div class=\"mkdf-elements-holder   mkdf-two-columns  mkdf-responsive-mode-1024 \" ><div class=\"mkdf-eh-item   mkdf-horizontal-alignment-right \" style=\"background-image: url(https:\/\/fenxweb.com\/wp-content\/uploads\/2024\/02\/OIG3-1.jpeg)\" data-item-class=\"mkdf-eh-custom-3664\">\n\t<div class=\"mkdf-eh-item-inner\">\n\t\t<div class=\"mkdf-eh-item-content mkdf-eh-custom-3664\" style=\"padding: 325px 0\">\n\t\t\t\t\t<\/div>\n\t<\/div>\n<\/div><div class=\"mkdf-eh-item    \"  data-item-class=\"mkdf-eh-custom-1789\" data-1367-1600=\"0 137px 0 14%\" data-1025-1366=\"0 51px 0 14%\" data-769-1024=\"44px 0px 100px 0%\" data-681-768=\"47px 6% 0 1%\" data-680=\"60px 0 0 0\">\n\t<div class=\"mkdf-eh-item-inner\">\n\t\t<div class=\"mkdf-eh-item-content mkdf-eh-custom-1789\" style=\"padding: 0px 21% 0 14%\">\n\t\t\t<div class=\"mkdf-section-title-holder  mkdf-st-standard mkdf-st-title-left mkdf-st-normal-space \" style=\"text-align: left\">\n\t<div class=\"mkdf-st-inner\">\n\t\t\t\t\t<h3 class=\"mkdf-st-title\" >\n\t\t\t\tAvantages\t\t\t<\/h3>\n\t\t\t\t\t\t\t<p class=\"mkdf-st-text\" style=\"font-size: 20px;line-height: 34px;margin-top: 17px\">\n\t\t\t\tEn choisissant FENX pour le d\u00e9veloppement de votre syst\u00e8me de gestion personnalis\u00e9, vous b\u00e9n\u00e9ficiez de notre expertise et de notre engagement envers l\u2019excellence. Nos solutions sont con\u00e7ues pour am\u00e9liorer l\u2019efficacit\u00e9 op\u00e9rationnelle, r\u00e9duire les co\u00fbts et favoriser la croissance de votre entreprise.\t\t\t<\/p>\n\t\t\t<\/div>\n<\/div>[vc_empty_space height=&#8221;50px&#8221;]\t\t<\/div>\n\t<\/div>\n<\/div><\/div>[\/vc_column][\/vc_row][vc_row content_placement=&#8221;middle&#8221; row_content_width=&#8221;grid&#8221; content_text_aligment=&#8221;left&#8221;][vc_column]<div class=\"mkdf-elements-holder   mkdf-two-columns  mkdf-responsive-mode-1024 mkdf-one-column-alignment-left\" ><div class=\"mkdf-eh-item    \"  data-item-class=\"mkdf-eh-custom-9423\" data-1367-1600=\"0 137px 0 14%\" data-1025-1366=\"0 51px 0 14%\" data-769-1024=\"44px 0px 100px 0%\" data-681-768=\"47px 6% 0 1%\" data-680=\"60px 0 0 0\">\n\t<div class=\"mkdf-eh-item-inner\">\n\t\t<div class=\"mkdf-eh-item-content mkdf-eh-custom-9423\" style=\"padding: 0px 21% 0 14%\">\n\t\t\t<div class=\"mkdf-section-title-holder  mkdf-st-standard mkdf-st-title-left mkdf-st-normal-space \" style=\"text-align: left\">\n\t<div class=\"mkdf-st-inner\">\n\t\t\t\t\t<h3 class=\"mkdf-st-title\" >\n\t\t\t\tChoisissez FENX\t\t\t<\/h3>\n\t\t\t\t\t\t\t<p class=\"mkdf-st-text\" style=\"font-size: 20px;line-height: 34px;margin-top: 17px\">\n\t\t\t\tFaites confiance \u00e0 FENX pour le d\u00e9veloppement de votre syst\u00e8me de gestion personnalis\u00e9. Nous sommes d\u00e9termin\u00e9s \u00e0 fournir des solutions qui vous aideront \u00e0 atteindre vos objectifs d\u2019affaires. Prenez rendez-vous d\u00e8s aujourd\u2019hui pour en savoir plus sur nos services.\t\t\t<\/p>\n\t\t\t<\/div>\n<\/div>[vc_empty_space height=&#8221;50px&#8221;]<a itemprop=\"url\" href=\"https:\/\/fenx-sasu.odoo.com\/book\/venez-me-rencontrer-1\" target=\"_self\" style=\"color: #ffffff;background-color: #0152e2;margin: 0\" class=\"mkdf-btn mkdf-btn-large mkdf-btn-solid\"  >\n    <span class=\"mkdf-btn-text\">Prendre RDV<\/span>\n    <\/a>\t\t<\/div>\n\t<\/div>\n<\/div><div class=\"mkdf-eh-item    \" style=\"background-image: url(https:\/\/fenxweb.com\/wp-content\/uploads\/2024\/02\/Untitled-design-31.jpg)\" data-item-class=\"mkdf-eh-custom-4461\">\n\t<div class=\"mkdf-eh-item-inner\">\n\t\t<div class=\"mkdf-eh-item-content mkdf-eh-custom-4461\" style=\"padding: 325px 0\">\n\t\t\t\t\t<\/div>\n\t<\/div>\n<\/div><\/div>[vc_empty_space height=&#8221;64px&#8221;][\/vc_column][\/vc_row]<\/p>\n","protected":false},"excerpt":{"rendered":"<p>[vc_row content_placement=&#8221;middle&#8221; row_content_width=&#8221;grid&#8221; content_text_aligment=&#8221;left&#8221; css=&#8221;.vc_custom_1707840413400{padding-top: 75px !important;}&#8221;][vc_column][\/vc_column][\/vc_row][vc_row content_placement=&#8221;middle&#8221; row_content_width=&#8221;grid&#8221; content_text_aligment=&#8221;left&#8221;][vc_column][\/vc_column][\/vc_row][vc_row content_placement=&#8221;middle&#8221; row_content_width=&#8221;grid&#8221; content_text_aligment=&#8221;left&#8221; css=&#8221;.vc_custom_1707840339332{padding-top: 0px !important;}&#8221;][vc_column][\/vc_column][\/vc_row][vc_row content_placement=&#8221;middle&#8221; row_content_width=&#8221;grid&#8221; content_text_aligment=&#8221;left&#8221;][vc_column][vc_empty_space height=&#8221;64px&#8221;][\/vc_column][\/vc_row]<\/p>\n","protected":false},"author":1,"featured_media":0,"parent":3309,"menu_order":0,"comment_status":"closed","ping_status":"closed","template":"","meta":[],"yoast_head":"<!-- This site is optimized with the Yoast SEO plugin v17.1 - https:\/\/yoast.com\/wordpress\/plugins\/seo\/ -->\n<title>Syst\u00e8mes de gestion personnalis\u00e9s - FENX<\/title>\n<meta name=\"robots\" content=\"index, follow, max-snippet:-1, max-image-preview:large, max-video-preview:-1\" \/>\n<link rel=\"canonical\" href=\"https:\/\/fenxweb.com\/index.php\/product-presentation\/systemes-de-gestion-personnalises\/\" \/>\n<meta property=\"og:locale\" content=\"en_US\" \/>\n<meta property=\"og:type\" content=\"article\" \/>\n<meta property=\"og:title\" content=\"Syst\u00e8mes de gestion personnalis\u00e9s - FENX\" \/>\n<meta property=\"og:description\" content=\"[vc_row content_placement=&#8221;middle&#8221; row_content_width=&#8221;grid&#8221; content_text_aligment=&#8221;left&#8221; css=&#8221;.vc_custom_1707840413400{padding-top: 75px !important;}&#8221;][vc_column][\/vc_column][\/vc_row][vc_row content_placement=&#8221;middle&#8221; row_content_width=&#8221;grid&#8221; content_text_aligment=&#8221;left&#8221;][vc_column][\/vc_column][\/vc_row][vc_row content_placement=&#8221;middle&#8221; row_content_width=&#8221;grid&#8221; content_text_aligment=&#8221;left&#8221; css=&#8221;.vc_custom_1707840339332{padding-top: 0px !important;}&#8221;][vc_column][\/vc_column][\/vc_row][vc_row content_placement=&#8221;middle&#8221; row_content_width=&#8221;grid&#8221; content_text_aligment=&#8221;left&#8221;][vc_column][vc_empty_space height=&#8221;64px&#8221;][\/vc_column][\/vc_row]\" \/>\n<meta property=\"og:url\" content=\"https:\/\/fenxweb.com\/index.php\/product-presentation\/systemes-de-gestion-personnalises\/\" \/>\n<meta property=\"og:site_name\" content=\"FENX\" \/>\n<meta property=\"article:modified_time\" content=\"2024-02-13T16:44:28+00:00\" \/>\n<meta name=\"twitter:card\" content=\"summary_large_image\" \/>\n<meta name=\"twitter:label1\" content=\"Est. reading time\" \/>\n\t<meta name=\"twitter:data1\" content=\"2 minutes\" \/>\n<script type=\"application\/ld+json\" class=\"yoast-schema-graph\">{\"@context\":\"https:\/\/schema.org\",\"@graph\":[{\"@type\":\"WebSite\",\"@id\":\"https:\/\/fenxweb.com\/#website\",\"url\":\"https:\/\/fenxweb.com\/\",\"name\":\"FENX\",\"description\":\"\",\"potentialAction\":[{\"@type\":\"SearchAction\",\"target\":{\"@type\":\"EntryPoint\",\"urlTemplate\":\"https:\/\/fenxweb.com\/?s={search_term_string}\"},\"query-input\":\"required name=search_term_string\"}],\"inLanguage\":\"en-US\"},{\"@type\":\"WebPage\",\"@id\":\"https:\/\/fenxweb.com\/index.php\/product-presentation\/systemes-de-gestion-personnalises\/#webpage\",\"url\":\"https:\/\/fenxweb.com\/index.php\/product-presentation\/systemes-de-gestion-personnalises\/\",\"name\":\"Syst\\u00e8mes de gestion personnalis\\u00e9s - FENX\",\"isPartOf\":{\"@id\":\"https:\/\/fenxweb.com\/#website\"},\"datePublished\":\"2024-02-13T15:38:44+00:00\",\"dateModified\":\"2024-02-13T16:44:28+00:00\",\"breadcrumb\":{\"@id\":\"https:\/\/fenxweb.com\/index.php\/product-presentation\/systemes-de-gestion-personnalises\/#breadcrumb\"},\"inLanguage\":\"en-US\",\"potentialAction\":[{\"@type\":\"ReadAction\",\"target\":[\"https:\/\/fenxweb.com\/index.php\/product-presentation\/systemes-de-gestion-personnalises\/\"]}]},{\"@type\":\"BreadcrumbList\",\"@id\":\"https:\/\/fenxweb.com\/index.php\/product-presentation\/systemes-de-gestion-personnalises\/#breadcrumb\",\"itemListElement\":[{\"@type\":\"ListItem\",\"position\":1,\"name\":\"Home\",\"item\":\"https:\/\/fenxweb.com\/\"},{\"@type\":\"ListItem\",\"position\":2,\"name\":\"Product Presentation\",\"item\":\"https:\/\/fenxweb.com\/index.php\/product-presentation\/\"},{\"@type\":\"ListItem\",\"position\":3,\"name\":\"Syst\\u00e8mes de gestion personnalis\\u00e9s\"}]}]}<\/script>\n<!-- \/ Yoast SEO plugin. -->","yoast_head_json":{"title":"Syst\u00e8mes de gestion personnalis\u00e9s - FENX","robots":{"index":"index","follow":"follow","max-snippet":"max-snippet:-1","max-image-preview":"max-image-preview:large","max-video-preview":"max-video-preview:-1"},"canonical":"https:\/\/fenxweb.com\/index.php\/product-presentation\/systemes-de-gestion-personnalises\/","og_locale":"en_US","og_type":"article","og_title":"Syst\u00e8mes de gestion personnalis\u00e9s - FENX","og_description":"[vc_row content_placement=&#8221;middle&#8221; row_content_width=&#8221;grid&#8221; content_text_aligment=&#8221;left&#8221; css=&#8221;.vc_custom_1707840413400{padding-top: 75px !important;}&#8221;][vc_column][\/vc_column][\/vc_row][vc_row content_placement=&#8221;middle&#8221; row_content_width=&#8221;grid&#8221; content_text_aligment=&#8221;left&#8221;][vc_column][\/vc_column][\/vc_row][vc_row content_placement=&#8221;middle&#8221; row_content_width=&#8221;grid&#8221; content_text_aligment=&#8221;left&#8221; css=&#8221;.vc_custom_1707840339332{padding-top: 0px !important;}&#8221;][vc_column][\/vc_column][\/vc_row][vc_row content_placement=&#8221;middle&#8221; row_content_width=&#8221;grid&#8221; content_text_aligment=&#8221;left&#8221;][vc_column][vc_empty_space height=&#8221;64px&#8221;][\/vc_column][\/vc_row]","og_url":"https:\/\/fenxweb.com\/index.php\/product-presentation\/systemes-de-gestion-personnalises\/","og_site_name":"FENX","article_modified_time":"2024-02-13T16:44:28+00:00","twitter_card":"summary_large_image","twitter_misc":{"Est. reading time":"2 minutes"},"schema":{"@context":"https:\/\/schema.org","@graph":[{"@type":"WebSite","@id":"https:\/\/fenxweb.com\/#website","url":"https:\/\/fenxweb.com\/","name":"FENX","description":"","potentialAction":[{"@type":"SearchAction","target":{"@type":"EntryPoint","urlTemplate":"https:\/\/fenxweb.com\/?s={search_term_string}"},"query-input":"required name=search_term_string"}],"inLanguage":"en-US"},{"@type":"WebPage","@id":"https:\/\/fenxweb.com\/index.php\/product-presentation\/systemes-de-gestion-personnalises\/#webpage","url":"https:\/\/fenxweb.com\/index.php\/product-presentation\/systemes-de-gestion-personnalises\/","name":"Syst\u00e8mes de gestion personnalis\u00e9s - FENX","isPartOf":{"@id":"https:\/\/fenxweb.com\/#website"},"datePublished":"2024-02-13T15:38:44+00:00","dateModified":"2024-02-13T16:44:28+00:00","breadcrumb":{"@id":"https:\/\/fenxweb.com\/index.php\/product-presentation\/systemes-de-gestion-personnalises\/#breadcrumb"},"inLanguage":"en-US","potentialAction":[{"@type":"ReadAction","target":["https:\/\/fenxweb.com\/index.php\/product-presentation\/systemes-de-gestion-personnalises\/"]}]},{"@type":"BreadcrumbList","@id":"https:\/\/fenxweb.com\/index.php\/product-presentation\/systemes-de-gestion-personnalises\/#breadcrumb","itemListElement":[{"@type":"ListItem","position":1,"name":"Home","item":"https:\/\/fenxweb.com\/"},{"@type":"ListItem","position":2,"name":"Product Presentation","item":"https:\/\/fenxweb.com\/index.php\/product-presentation\/"},{"@type":"ListItem","position":3,"name":"Syst\u00e8mes de gestion personnalis\u00e9s"}]}]}},"_links":{"self":[{"href":"https:\/\/fenxweb.com\/index.php\/wp-json\/wp\/v2\/pages\/10207"}],"collection":[{"href":"https:\/\/fenxweb.com\/index.php\/wp-json\/wp\/v2\/pages"}],"about":[{"href":"https:\/\/fenxweb.com\/index.php\/wp-json\/wp\/v2\/types\/page"}],"author":[{"embeddable":true,"href":"https:\/\/fenxweb.com\/index.php\/wp-json\/wp\/v2\/users\/1"}],"replies":[{"embeddable":true,"href":"https:\/\/fenxweb.com\/index.php\/wp-json\/wp\/v2\/comments?post=10207"}],"version-history":[{"count":26,"href":"https:\/\/fenxweb.com\/index.php\/wp-json\/wp\/v2\/pages\/10207\/revisions"}],"predecessor-version":[{"id":10238,"href":"https:\/\/fenxweb.com\/index.php\/wp-json\/wp\/v2\/pages\/10207\/revisions\/10238"}],"up":[{"embeddable":true,"href":"https:\/\/fenxweb.com\/index.php\/wp-json\/wp\/v2\/pages\/3309"}],"wp:attachment":[{"href":"https:\/\/fenxweb.com\/index.php\/wp-json\/wp\/v2\/media?parent=10207"}],"curies":[{"name":"wp","href":"https:\/\/api.w.org\/{rel}","templated":true}]}}