{"id":10239,"date":"2024-02-13T17:51:40","date_gmt":"2024-02-13T16:51:40","guid":{"rendered":"https:\/\/fenxweb.com\/?page_id=10239"},"modified":"2024-02-13T17:57:24","modified_gmt":"2024-02-13T16:57:24","slug":"systeme-de-tracabilite","status":"publish","type":"page","link":"https:\/\/fenxweb.com\/index.php\/systeme-de-tracabilite\/","title":{"rendered":"Syst\u00e8me de tra\u00e7abilit\u00e9"},"content":{"rendered":"<p>[vc_row content_placement=&#8221;middle&#8221; row_content_width=&#8221;grid&#8221; content_text_aligment=&#8221;left&#8221; css=&#8221;.vc_custom_1707840413400{padding-top: 75px !important;}&#8221;][vc_column]<div class=\"mkdf-elements-holder   mkdf-two-columns  mkdf-responsive-mode-1024 \" ><div class=\"mkdf-eh-item   mkdf-horizontal-alignment-right \" style=\"background-image: url(https:\/\/fenxweb.com\/wp-content\/uploads\/2024\/02\/056f0ce0-bde5-4d92-b584-6c588167d778.jpeg)\" data-item-class=\"mkdf-eh-custom-2358\">\n\t<div class=\"mkdf-eh-item-inner\">\n\t\t<div class=\"mkdf-eh-item-content mkdf-eh-custom-2358\" style=\"padding: 325px 0\">\n\t\t\t\t\t<\/div>\n\t<\/div>\n<\/div><div class=\"mkdf-eh-item    \"  data-item-class=\"mkdf-eh-custom-4067\" data-1367-1600=\"0 137px 0 14%\" data-1025-1366=\"0 51px 0 14%\" data-769-1024=\"44px 0px 100px 0%\" data-681-768=\"47px 6% 0 1%\" data-680=\"60px 0 0 0\">\n\t<div class=\"mkdf-eh-item-inner\">\n\t\t<div class=\"mkdf-eh-item-content mkdf-eh-custom-4067\" style=\"padding: 0px 21% 0 14%\">\n\t\t\t<div class=\"mkdf-section-title-holder  mkdf-st-standard mkdf-st-title-left mkdf-st-normal-space \" style=\"text-align: left\">\n\t<div class=\"mkdf-st-inner\">\n\t\t\t\t\t<h3 class=\"mkdf-st-title\" >\n\t\t\t\tRespect des normes\t\t\t<\/h3>\n\t\t\t\t\t\t\t<p class=\"mkdf-st-text\" style=\"font-size: 20px;line-height: 34px;margin-top: 17px\">\n\t\t\t\tChez FENX, nous sommes sp\u00e9cialis\u00e9s dans le d\u00e9veloppement de syst\u00e8mes de tra\u00e7abilit\u00e9 tout-en-un. Que vous travailliez avec des min\u00e9raux ou du bois, nos solutions sont con\u00e7ues pour garantir le respect des normes internationales.\t\t\t<\/p>\n\t\t\t<\/div>\n<\/div>[vc_empty_space height=&#8221;50px&#8221;]\t\t<\/div>\n\t<\/div>\n<\/div><\/div>[\/vc_column][\/vc_row][vc_row content_placement=&#8221;middle&#8221; row_content_width=&#8221;grid&#8221; content_text_aligment=&#8221;left&#8221;][vc_column]<div class=\"mkdf-elements-holder   mkdf-two-columns  mkdf-responsive-mode-1024 mkdf-one-column-alignment-left\" ><div class=\"mkdf-eh-item    \"  data-item-class=\"mkdf-eh-custom-1004\" data-1367-1600=\"0 137px 0 14%\" data-1025-1366=\"0 51px 0 14%\" data-769-1024=\"44px 0px 100px 0%\" data-681-768=\"47px 6% 0 1%\" data-680=\"60px 0 0 0\">\n\t<div class=\"mkdf-eh-item-inner\">\n\t\t<div class=\"mkdf-eh-item-content mkdf-eh-custom-1004\" style=\"padding: 0px 21% 0 14%\">\n\t\t\t<div class=\"mkdf-section-title-holder  mkdf-st-standard mkdf-st-title-left mkdf-st-normal-space \" style=\"text-align: left\">\n\t<div class=\"mkdf-st-inner\">\n\t\t\t\t\t<h3 class=\"mkdf-st-title\" >\n\t\t\t\tAttention particuli\u00e8re\t\t\t<\/h3>\n\t\t\t\t\t\t\t<p class=\"mkdf-st-text\" style=\"font-size: 20px;line-height: 34px;margin-top: 17px\">\n\t\t\t\tNos syst\u00e8mes de tra\u00e7abilit\u00e9 sont d\u00e9velopp\u00e9s avec une attention particuli\u00e8re aux d\u00e9tails et \u00e0 la pr\u00e9cision. Nous nous engageons \u00e0 fournir des solutions qui non seulement r\u00e9pondent \u00e0 vos besoins, mais aussi surpassent vos attentes en termes de conformit\u00e9 aux normes internationales.\t\t\t<\/p>\n\t\t\t<\/div>\n<\/div>[vc_empty_space height=&#8221;50px&#8221;]\t\t<\/div>\n\t<\/div>\n<\/div><div class=\"mkdf-eh-item    \" style=\"background-image: url(https:\/\/fenxweb.com\/wp-content\/uploads\/2024\/02\/dd6f5a6a-3e89-41b8-a019-9bfaeeb4c370.jpeg)\" data-item-class=\"mkdf-eh-custom-4397\">\n\t<div class=\"mkdf-eh-item-inner\">\n\t\t<div class=\"mkdf-eh-item-content mkdf-eh-custom-4397\" style=\"padding: 325px 0\">\n\t\t\t\t\t<\/div>\n\t<\/div>\n<\/div><\/div>[\/vc_column][\/vc_row][vc_row content_placement=&#8221;middle&#8221; row_content_width=&#8221;grid&#8221; content_text_aligment=&#8221;left&#8221; css=&#8221;.vc_custom_1707840339332{padding-top: 0px !important;}&#8221;][vc_column]<div class=\"mkdf-elements-holder   mkdf-two-columns  mkdf-responsive-mode-1024 \" ><div class=\"mkdf-eh-item   mkdf-horizontal-alignment-right \" style=\"background-image: url(https:\/\/fenxweb.com\/wp-content\/uploads\/2024\/02\/496a03d8-75e9-486f-a7f4-af9403cbdbbb.jpeg)\" data-item-class=\"mkdf-eh-custom-5523\">\n\t<div class=\"mkdf-eh-item-inner\">\n\t\t<div class=\"mkdf-eh-item-content mkdf-eh-custom-5523\" style=\"padding: 325px 0\">\n\t\t\t\t\t<\/div>\n\t<\/div>\n<\/div><div class=\"mkdf-eh-item    \"  data-item-class=\"mkdf-eh-custom-9295\" data-1367-1600=\"0 137px 0 14%\" data-1025-1366=\"0 51px 0 14%\" data-769-1024=\"44px 0px 100px 0%\" data-681-768=\"47px 6% 0 1%\" data-680=\"60px 0 0 0\">\n\t<div class=\"mkdf-eh-item-inner\">\n\t\t<div class=\"mkdf-eh-item-content mkdf-eh-custom-9295\" style=\"padding: 0px 21% 0 14%\">\n\t\t\t<div class=\"mkdf-section-title-holder  mkdf-st-standard mkdf-st-title-left mkdf-st-normal-space \" style=\"text-align: left\">\n\t<div class=\"mkdf-st-inner\">\n\t\t\t\t\t<h3 class=\"mkdf-st-title\" >\n\t\t\t\tAvantages\t\t\t<\/h3>\n\t\t\t\t\t\t\t<p class=\"mkdf-st-text\" style=\"font-size: 20px;line-height: 34px;margin-top: 17px\">\n\t\t\t\tEn choisissant FENX pour le d\u00e9veloppement de votre syst\u00e8me de tra\u00e7abilit\u00e9, vous b\u00e9n\u00e9ficiez de notre expertise et de notre engagement envers l\u2019excellence. Nos solutions sont con\u00e7ues pour am\u00e9liorer l\u2019efficacit\u00e9 de votre cha\u00eene d\u2019approvisionnement, r\u00e9duire les risques et assurer une conformit\u00e9 totale.\t\t\t<\/p>\n\t\t\t<\/div>\n<\/div>[vc_empty_space height=&#8221;50px&#8221;]\t\t<\/div>\n\t<\/div>\n<\/div><\/div>[\/vc_column][\/vc_row][vc_row content_placement=&#8221;middle&#8221; row_content_width=&#8221;grid&#8221; content_text_aligment=&#8221;left&#8221;][vc_column]<div class=\"mkdf-elements-holder   mkdf-two-columns  mkdf-responsive-mode-1024 mkdf-one-column-alignment-left\" ><div class=\"mkdf-eh-item    \"  data-item-class=\"mkdf-eh-custom-2906\" data-1367-1600=\"0 137px 0 14%\" data-1025-1366=\"0 51px 0 14%\" data-769-1024=\"44px 0px 100px 0%\" data-681-768=\"47px 6% 0 1%\" data-680=\"60px 0 0 0\">\n\t<div class=\"mkdf-eh-item-inner\">\n\t\t<div class=\"mkdf-eh-item-content mkdf-eh-custom-2906\" style=\"padding: 0px 21% 0 14%\">\n\t\t\t<div class=\"mkdf-section-title-holder  mkdf-st-standard mkdf-st-title-left mkdf-st-normal-space \" style=\"text-align: left\">\n\t<div class=\"mkdf-st-inner\">\n\t\t\t\t\t<h3 class=\"mkdf-st-title\" >\n\t\t\t\tChoisissez FENX\t\t\t<\/h3>\n\t\t\t\t\t\t\t<p class=\"mkdf-st-text\" style=\"font-size: 20px;line-height: 34px;margin-top: 17px\">\n\t\t\t\tFaites confiance \u00e0 FENX pour le d\u00e9veloppement de votre syst\u00e8me de tra\u00e7abilit\u00e9. Nous sommes d\u00e9termin\u00e9s \u00e0 fournir des solutions qui vous aideront \u00e0 atteindre vos objectifs d\u2019affaires. Contactez-nous d\u00e8s aujourd\u2019hui pour en savoir plus sur nos services.\t\t\t<\/p>\n\t\t\t<\/div>\n<\/div>[vc_empty_space height=&#8221;50px&#8221;]<a itemprop=\"url\" href=\"https:\/\/fenx-sasu.odoo.com\/book\/venez-me-rencontrer-1\" target=\"_self\" style=\"color: #ffffff;background-color: #0152e2;margin: 0\" class=\"mkdf-btn mkdf-btn-large mkdf-btn-solid\"  >\n    <span class=\"mkdf-btn-text\">Prendre RDV<\/span>\n    <\/a>\t\t<\/div>\n\t<\/div>\n<\/div><div class=\"mkdf-eh-item    \" style=\"background-image: url(https:\/\/fenxweb.com\/wp-content\/uploads\/2024\/02\/Untitled-design-31.jpg)\" data-item-class=\"mkdf-eh-custom-3053\">\n\t<div class=\"mkdf-eh-item-inner\">\n\t\t<div class=\"mkdf-eh-item-content mkdf-eh-custom-3053\" style=\"padding: 325px 0\">\n\t\t\t\t\t<\/div>\n\t<\/div>\n<\/div><\/div>[vc_empty_space height=&#8221;64px&#8221;][\/vc_column][\/vc_row]<\/p>\n","protected":false},"excerpt":{"rendered":"<p>[vc_row content_placement=&#8221;middle&#8221; row_content_width=&#8221;grid&#8221; content_text_aligment=&#8221;left&#8221; css=&#8221;.vc_custom_1707840413400{padding-top: 75px !important;}&#8221;][vc_column][\/vc_column][\/vc_row][vc_row content_placement=&#8221;middle&#8221; row_content_width=&#8221;grid&#8221; content_text_aligment=&#8221;left&#8221;][vc_column][\/vc_column][\/vc_row][vc_row content_placement=&#8221;middle&#8221; row_content_width=&#8221;grid&#8221; content_text_aligment=&#8221;left&#8221; css=&#8221;.vc_custom_1707840339332{padding-top: 0px !important;}&#8221;][vc_column][\/vc_column][\/vc_row][vc_row content_placement=&#8221;middle&#8221; row_content_width=&#8221;grid&#8221; content_text_aligment=&#8221;left&#8221;][vc_column][vc_empty_space height=&#8221;64px&#8221;][\/vc_column][\/vc_row]<\/p>\n","protected":false},"author":1,"featured_media":0,"parent":0,"menu_order":0,"comment_status":"closed","ping_status":"closed","template":"","meta":[],"yoast_head":"<!-- This site is optimized with the Yoast SEO plugin v17.1 - https:\/\/yoast.com\/wordpress\/plugins\/seo\/ -->\n<title>Syst\u00e8me de tra\u00e7abilit\u00e9 - FENX<\/title>\n<meta name=\"robots\" content=\"index, follow, max-snippet:-1, max-image-preview:large, max-video-preview:-1\" \/>\n<link rel=\"canonical\" href=\"https:\/\/fenxweb.com\/index.php\/systeme-de-tracabilite\/\" \/>\n<meta property=\"og:locale\" content=\"en_US\" \/>\n<meta property=\"og:type\" content=\"article\" \/>\n<meta property=\"og:title\" content=\"Syst\u00e8me de tra\u00e7abilit\u00e9 - FENX\" \/>\n<meta property=\"og:description\" content=\"[vc_row content_placement=&#8221;middle&#8221; row_content_width=&#8221;grid&#8221; content_text_aligment=&#8221;left&#8221; css=&#8221;.vc_custom_1707840413400{padding-top: 75px !important;}&#8221;][vc_column][\/vc_column][\/vc_row][vc_row content_placement=&#8221;middle&#8221; row_content_width=&#8221;grid&#8221; content_text_aligment=&#8221;left&#8221;][vc_column][\/vc_column][\/vc_row][vc_row content_placement=&#8221;middle&#8221; row_content_width=&#8221;grid&#8221; content_text_aligment=&#8221;left&#8221; css=&#8221;.vc_custom_1707840339332{padding-top: 0px !important;}&#8221;][vc_column][\/vc_column][\/vc_row][vc_row content_placement=&#8221;middle&#8221; row_content_width=&#8221;grid&#8221; content_text_aligment=&#8221;left&#8221;][vc_column][vc_empty_space height=&#8221;64px&#8221;][\/vc_column][\/vc_row]\" \/>\n<meta property=\"og:url\" content=\"https:\/\/fenxweb.com\/index.php\/systeme-de-tracabilite\/\" \/>\n<meta property=\"og:site_name\" content=\"FENX\" \/>\n<meta property=\"article:modified_time\" content=\"2024-02-13T16:57:24+00:00\" \/>\n<meta name=\"twitter:card\" content=\"summary_large_image\" \/>\n<meta name=\"twitter:label1\" content=\"Est. reading time\" \/>\n\t<meta name=\"twitter:data1\" content=\"4 minutes\" \/>\n<script type=\"application\/ld+json\" class=\"yoast-schema-graph\">{\"@context\":\"https:\/\/schema.org\",\"@graph\":[{\"@type\":\"WebSite\",\"@id\":\"https:\/\/fenxweb.com\/#website\",\"url\":\"https:\/\/fenxweb.com\/\",\"name\":\"FENX\",\"description\":\"\",\"potentialAction\":[{\"@type\":\"SearchAction\",\"target\":{\"@type\":\"EntryPoint\",\"urlTemplate\":\"https:\/\/fenxweb.com\/?s={search_term_string}\"},\"query-input\":\"required name=search_term_string\"}],\"inLanguage\":\"en-US\"},{\"@type\":\"WebPage\",\"@id\":\"https:\/\/fenxweb.com\/index.php\/systeme-de-tracabilite\/#webpage\",\"url\":\"https:\/\/fenxweb.com\/index.php\/systeme-de-tracabilite\/\",\"name\":\"Syst\\u00e8me de tra\\u00e7abilit\\u00e9 - FENX\",\"isPartOf\":{\"@id\":\"https:\/\/fenxweb.com\/#website\"},\"datePublished\":\"2024-02-13T16:51:40+00:00\",\"dateModified\":\"2024-02-13T16:57:24+00:00\",\"breadcrumb\":{\"@id\":\"https:\/\/fenxweb.com\/index.php\/systeme-de-tracabilite\/#breadcrumb\"},\"inLanguage\":\"en-US\",\"potentialAction\":[{\"@type\":\"ReadAction\",\"target\":[\"https:\/\/fenxweb.com\/index.php\/systeme-de-tracabilite\/\"]}]},{\"@type\":\"BreadcrumbList\",\"@id\":\"https:\/\/fenxweb.com\/index.php\/systeme-de-tracabilite\/#breadcrumb\",\"itemListElement\":[{\"@type\":\"ListItem\",\"position\":1,\"name\":\"Home\",\"item\":\"https:\/\/fenxweb.com\/\"},{\"@type\":\"ListItem\",\"position\":2,\"name\":\"Syst\\u00e8me de tra\\u00e7abilit\\u00e9\"}]}]}<\/script>\n<!-- \/ Yoast SEO plugin. -->","yoast_head_json":{"title":"Syst\u00e8me de tra\u00e7abilit\u00e9 - FENX","robots":{"index":"index","follow":"follow","max-snippet":"max-snippet:-1","max-image-preview":"max-image-preview:large","max-video-preview":"max-video-preview:-1"},"canonical":"https:\/\/fenxweb.com\/index.php\/systeme-de-tracabilite\/","og_locale":"en_US","og_type":"article","og_title":"Syst\u00e8me de tra\u00e7abilit\u00e9 - FENX","og_description":"[vc_row content_placement=&#8221;middle&#8221; row_content_width=&#8221;grid&#8221; content_text_aligment=&#8221;left&#8221; css=&#8221;.vc_custom_1707840413400{padding-top: 75px !important;}&#8221;][vc_column][\/vc_column][\/vc_row][vc_row content_placement=&#8221;middle&#8221; row_content_width=&#8221;grid&#8221; content_text_aligment=&#8221;left&#8221;][vc_column][\/vc_column][\/vc_row][vc_row content_placement=&#8221;middle&#8221; row_content_width=&#8221;grid&#8221; content_text_aligment=&#8221;left&#8221; css=&#8221;.vc_custom_1707840339332{padding-top: 0px !important;}&#8221;][vc_column][\/vc_column][\/vc_row][vc_row content_placement=&#8221;middle&#8221; row_content_width=&#8221;grid&#8221; content_text_aligment=&#8221;left&#8221;][vc_column][vc_empty_space height=&#8221;64px&#8221;][\/vc_column][\/vc_row]","og_url":"https:\/\/fenxweb.com\/index.php\/systeme-de-tracabilite\/","og_site_name":"FENX","article_modified_time":"2024-02-13T16:57:24+00:00","twitter_card":"summary_large_image","twitter_misc":{"Est. reading time":"4 minutes"},"schema":{"@context":"https:\/\/schema.org","@graph":[{"@type":"WebSite","@id":"https:\/\/fenxweb.com\/#website","url":"https:\/\/fenxweb.com\/","name":"FENX","description":"","potentialAction":[{"@type":"SearchAction","target":{"@type":"EntryPoint","urlTemplate":"https:\/\/fenxweb.com\/?s={search_term_string}"},"query-input":"required name=search_term_string"}],"inLanguage":"en-US"},{"@type":"WebPage","@id":"https:\/\/fenxweb.com\/index.php\/systeme-de-tracabilite\/#webpage","url":"https:\/\/fenxweb.com\/index.php\/systeme-de-tracabilite\/","name":"Syst\u00e8me de tra\u00e7abilit\u00e9 - FENX","isPartOf":{"@id":"https:\/\/fenxweb.com\/#website"},"datePublished":"2024-02-13T16:51:40+00:00","dateModified":"2024-02-13T16:57:24+00:00","breadcrumb":{"@id":"https:\/\/fenxweb.com\/index.php\/systeme-de-tracabilite\/#breadcrumb"},"inLanguage":"en-US","potentialAction":[{"@type":"ReadAction","target":["https:\/\/fenxweb.com\/index.php\/systeme-de-tracabilite\/"]}]},{"@type":"BreadcrumbList","@id":"https:\/\/fenxweb.com\/index.php\/systeme-de-tracabilite\/#breadcrumb","itemListElement":[{"@type":"ListItem","position":1,"name":"Home","item":"https:\/\/fenxweb.com\/"},{"@type":"ListItem","position":2,"name":"Syst\u00e8me de tra\u00e7abilit\u00e9"}]}]}},"_links":{"self":[{"href":"https:\/\/fenxweb.com\/index.php\/wp-json\/wp\/v2\/pages\/10239"}],"collection":[{"href":"https:\/\/fenxweb.com\/index.php\/wp-json\/wp\/v2\/pages"}],"about":[{"href":"https:\/\/fenxweb.com\/index.php\/wp-json\/wp\/v2\/types\/page"}],"author":[{"embeddable":true,"href":"https:\/\/fenxweb.com\/index.php\/wp-json\/wp\/v2\/users\/1"}],"replies":[{"embeddable":true,"href":"https:\/\/fenxweb.com\/index.php\/wp-json\/wp\/v2\/comments?post=10239"}],"version-history":[{"count":4,"href":"https:\/\/fenxweb.com\/index.php\/wp-json\/wp\/v2\/pages\/10239\/revisions"}],"predecessor-version":[{"id":10246,"href":"https:\/\/fenxweb.com\/index.php\/wp-json\/wp\/v2\/pages\/10239\/revisions\/10246"}],"wp:attachment":[{"href":"https:\/\/fenxweb.com\/index.php\/wp-json\/wp\/v2\/media?parent=10239"}],"curies":[{"name":"wp","href":"https:\/\/api.w.org\/{rel}","templated":true}]}}