{"id":10249,"date":"2024-02-13T18:06:34","date_gmt":"2024-02-13T17:06:34","guid":{"rendered":"https:\/\/fenxweb.com\/?page_id=10249"},"modified":"2024-02-13T18:12:20","modified_gmt":"2024-02-13T17:12:20","slug":"developpement-dapplication-mobile","status":"publish","type":"page","link":"https:\/\/fenxweb.com\/index.php\/developpement-dapplication-mobile\/","title":{"rendered":"D\u00e9veloppement d&#8217;application mobile"},"content":{"rendered":"<p>[vc_row content_placement=&#8221;middle&#8221; row_content_width=&#8221;grid&#8221; content_text_aligment=&#8221;left&#8221; css=&#8221;.vc_custom_1707840413400{padding-top: 75px !important;}&#8221;][vc_column]<div class=\"mkdf-elements-holder   mkdf-two-columns  mkdf-responsive-mode-1024 \" ><div class=\"mkdf-eh-item   mkdf-horizontal-alignment-right \" style=\"background-image: url(https:\/\/fenxweb.com\/wp-content\/uploads\/2024\/02\/OIG4-2.jpeg)\" data-item-class=\"mkdf-eh-custom-1302\">\n\t<div class=\"mkdf-eh-item-inner\">\n\t\t<div class=\"mkdf-eh-item-content mkdf-eh-custom-1302\" style=\"padding: 325px 0\">\n\t\t\t\t\t<\/div>\n\t<\/div>\n<\/div><div class=\"mkdf-eh-item    \"  data-item-class=\"mkdf-eh-custom-4909\" data-1367-1600=\"0 137px 0 14%\" data-1025-1366=\"0 51px 0 14%\" data-769-1024=\"44px 0px 100px 0%\" data-681-768=\"47px 6% 0 1%\" data-680=\"60px 0 0 0\">\n\t<div class=\"mkdf-eh-item-inner\">\n\t\t<div class=\"mkdf-eh-item-content mkdf-eh-custom-4909\" style=\"padding: 0px 21% 0 14%\">\n\t\t\t<div class=\"mkdf-section-title-holder  mkdf-st-standard mkdf-st-title-left mkdf-st-normal-space \" style=\"text-align: left\">\n\t<div class=\"mkdf-st-inner\">\n\t\t\t\t\t<h3 class=\"mkdf-st-title\" >\n\t\t\t\tExpertise\t\t\t<\/h3>\n\t\t\t\t\t\t\t<p class=\"mkdf-st-text\" style=\"font-size: 20px;line-height: 34px;margin-top: 17px\">\n\t\t\t\tChez FENX, nous sommes sp\u00e9cialis\u00e9s dans le d\u00e9veloppement d\u2019applications mobiles. Qu\u2019il s\u2019agisse d\u2019une application destin\u00e9e au grand public ou d\u2019une solution interne pour votre entreprise, nous g\u00e9rons l\u2019ensemble du processus de d\u00e9veloppement.\t\t\t<\/p>\n\t\t\t<\/div>\n<\/div>[vc_empty_space height=&#8221;50px&#8221;]\t\t<\/div>\n\t<\/div>\n<\/div><\/div>[\/vc_column][\/vc_row][vc_row content_placement=&#8221;middle&#8221; row_content_width=&#8221;grid&#8221; content_text_aligment=&#8221;left&#8221;][vc_column]<div class=\"mkdf-elements-holder   mkdf-two-columns  mkdf-responsive-mode-1024 mkdf-one-column-alignment-left\" ><div class=\"mkdf-eh-item    \"  data-item-class=\"mkdf-eh-custom-9522\" data-1367-1600=\"0 137px 0 14%\" data-1025-1366=\"0 51px 0 14%\" data-769-1024=\"44px 0px 100px 0%\" data-681-768=\"47px 6% 0 1%\" data-680=\"60px 0 0 0\">\n\t<div class=\"mkdf-eh-item-inner\">\n\t\t<div class=\"mkdf-eh-item-content mkdf-eh-custom-9522\" style=\"padding: 0px 21% 0 14%\">\n\t\t\t<div class=\"mkdf-section-title-holder  mkdf-st-standard mkdf-st-title-left mkdf-st-normal-space \" style=\"text-align: left\">\n\t<div class=\"mkdf-st-inner\">\n\t\t\t\t\t<h3 class=\"mkdf-st-title\" >\n\t\t\t\tProcessus\t\t\t<\/h3>\n\t\t\t\t\t\t\t<p class=\"mkdf-st-text\" style=\"font-size: 20px;line-height: 34px;margin-top: 17px\">\n\t\t\t\tNotre processus de d\u00e9veloppement d\u2019applications mobiles est complet, allant de la conception \u00e0 la livraison et \u00e0 la maintenance continue. Nous nous engageons \u00e0 fournir des solutions qui r\u00e9pondent \u00e0 vos besoins et surpassent vos attentes.\t\t\t<\/p>\n\t\t\t<\/div>\n<\/div>[vc_empty_space height=&#8221;50px&#8221;]\t\t<\/div>\n\t<\/div>\n<\/div><div class=\"mkdf-eh-item    \" style=\"background-image: url(https:\/\/fenxweb.com\/wp-content\/uploads\/2024\/02\/OIG4-3.jpeg)\" data-item-class=\"mkdf-eh-custom-2371\">\n\t<div class=\"mkdf-eh-item-inner\">\n\t\t<div class=\"mkdf-eh-item-content mkdf-eh-custom-2371\" style=\"padding: 325px 0\">\n\t\t\t\t\t<\/div>\n\t<\/div>\n<\/div><\/div>[\/vc_column][\/vc_row][vc_row content_placement=&#8221;middle&#8221; row_content_width=&#8221;grid&#8221; content_text_aligment=&#8221;left&#8221; css=&#8221;.vc_custom_1707840339332{padding-top: 0px !important;}&#8221;][vc_column]<div class=\"mkdf-elements-holder   mkdf-two-columns  mkdf-responsive-mode-1024 \" ><div class=\"mkdf-eh-item   mkdf-horizontal-alignment-right \" style=\"background-image: url(https:\/\/fenxweb.com\/wp-content\/uploads\/2024\/02\/OIG4.jpeg)\" data-item-class=\"mkdf-eh-custom-2540\">\n\t<div class=\"mkdf-eh-item-inner\">\n\t\t<div class=\"mkdf-eh-item-content mkdf-eh-custom-2540\" style=\"padding: 325px 0\">\n\t\t\t\t\t<\/div>\n\t<\/div>\n<\/div><div class=\"mkdf-eh-item    \"  data-item-class=\"mkdf-eh-custom-7190\" data-1367-1600=\"0 137px 0 14%\" data-1025-1366=\"0 51px 0 14%\" data-769-1024=\"44px 0px 100px 0%\" data-681-768=\"47px 6% 0 1%\" data-680=\"60px 0 0 0\">\n\t<div class=\"mkdf-eh-item-inner\">\n\t\t<div class=\"mkdf-eh-item-content mkdf-eh-custom-7190\" style=\"padding: 0px 21% 0 14%\">\n\t\t\t<div class=\"mkdf-section-title-holder  mkdf-st-standard mkdf-st-title-left mkdf-st-normal-space \" style=\"text-align: left\">\n\t<div class=\"mkdf-st-inner\">\n\t\t\t\t\t<h3 class=\"mkdf-st-title\" >\n\t\t\t\tAvantages\t\t\t<\/h3>\n\t\t\t\t\t\t\t<p class=\"mkdf-st-text\" style=\"font-size: 20px;line-height: 34px;margin-top: 17px\">\n\t\t\t\tEn choisissant FENX pour le d\u00e9veloppement de votre application mobile, vous b\u00e9n\u00e9ficiez de notre expertise et de notre engagement envers l\u2019excellence. Nos applications sont con\u00e7ues pour am\u00e9liorer l\u2019efficacit\u00e9 de votre entreprise, augmenter l\u2019engagement des utilisateurs et favoriser la croissance.\t\t\t<\/p>\n\t\t\t<\/div>\n<\/div>[vc_empty_space height=&#8221;50px&#8221;]\t\t<\/div>\n\t<\/div>\n<\/div><\/div>[\/vc_column][\/vc_row][vc_row content_placement=&#8221;middle&#8221; row_content_width=&#8221;grid&#8221; content_text_aligment=&#8221;left&#8221;][vc_column]<div class=\"mkdf-elements-holder   mkdf-two-columns  mkdf-responsive-mode-1024 mkdf-one-column-alignment-left\" ><div class=\"mkdf-eh-item    \"  data-item-class=\"mkdf-eh-custom-2594\" data-1367-1600=\"0 137px 0 14%\" data-1025-1366=\"0 51px 0 14%\" data-769-1024=\"44px 0px 100px 0%\" data-681-768=\"47px 6% 0 1%\" data-680=\"60px 0 0 0\">\n\t<div class=\"mkdf-eh-item-inner\">\n\t\t<div class=\"mkdf-eh-item-content mkdf-eh-custom-2594\" style=\"padding: 0px 21% 0 14%\">\n\t\t\t<div class=\"mkdf-section-title-holder  mkdf-st-standard mkdf-st-title-left mkdf-st-normal-space \" style=\"text-align: left\">\n\t<div class=\"mkdf-st-inner\">\n\t\t\t\t\t<h3 class=\"mkdf-st-title\" >\n\t\t\t\tChoisissez FENX\t\t\t<\/h3>\n\t\t\t\t\t\t\t<p class=\"mkdf-st-text\" style=\"font-size: 20px;line-height: 34px;margin-top: 17px\">\n\t\t\t\tFaites confiance \u00e0 FENX pour le d\u00e9veloppement de votre application mobile. Nous sommes d\u00e9termin\u00e9s \u00e0 fournir des solutions qui vous aideront \u00e0 atteindre vos objectifs d\u2019affaires. Contactez-nous d\u00e8s aujourd\u2019hui pour en savoir plus sur nos services.\t\t\t<\/p>\n\t\t\t<\/div>\n<\/div>[vc_empty_space height=&#8221;50px&#8221;]<a itemprop=\"url\" href=\"https:\/\/fenx-sasu.odoo.com\/book\/venez-me-rencontrer-1\" target=\"_self\" style=\"color: #ffffff;background-color: #0152e2;margin: 0\" class=\"mkdf-btn mkdf-btn-large mkdf-btn-solid\"  >\n    <span class=\"mkdf-btn-text\">Prendre RDV<\/span>\n    <\/a>\t\t<\/div>\n\t<\/div>\n<\/div><div class=\"mkdf-eh-item    \" style=\"background-image: url(https:\/\/fenxweb.com\/wp-content\/uploads\/2024\/02\/Untitled-design-31.jpg)\" data-item-class=\"mkdf-eh-custom-2950\">\n\t<div class=\"mkdf-eh-item-inner\">\n\t\t<div class=\"mkdf-eh-item-content mkdf-eh-custom-2950\" style=\"padding: 325px 0\">\n\t\t\t\t\t<\/div>\n\t<\/div>\n<\/div><\/div>[vc_empty_space height=&#8221;64px&#8221;][\/vc_column][\/vc_row]<\/p>\n","protected":false},"excerpt":{"rendered":"<p>[vc_row content_placement=&#8221;middle&#8221; row_content_width=&#8221;grid&#8221; content_text_aligment=&#8221;left&#8221; css=&#8221;.vc_custom_1707840413400{padding-top: 75px !important;}&#8221;][vc_column][\/vc_column][\/vc_row][vc_row content_placement=&#8221;middle&#8221; row_content_width=&#8221;grid&#8221; content_text_aligment=&#8221;left&#8221;][vc_column][\/vc_column][\/vc_row][vc_row content_placement=&#8221;middle&#8221; row_content_width=&#8221;grid&#8221; content_text_aligment=&#8221;left&#8221; css=&#8221;.vc_custom_1707840339332{padding-top: 0px !important;}&#8221;][vc_column][\/vc_column][\/vc_row][vc_row content_placement=&#8221;middle&#8221; row_content_width=&#8221;grid&#8221; content_text_aligment=&#8221;left&#8221;][vc_column][vc_empty_space height=&#8221;64px&#8221;][\/vc_column][\/vc_row]<\/p>\n","protected":false},"author":1,"featured_media":0,"parent":0,"menu_order":0,"comment_status":"closed","ping_status":"closed","template":"","meta":[],"yoast_head":"<!-- This site is optimized with the Yoast SEO plugin v17.1 - https:\/\/yoast.com\/wordpress\/plugins\/seo\/ -->\n<title>D\u00e9veloppement d&#039;application mobile - FENX<\/title>\n<meta name=\"robots\" content=\"index, follow, max-snippet:-1, max-image-preview:large, max-video-preview:-1\" \/>\n<link rel=\"canonical\" href=\"https:\/\/fenxweb.com\/index.php\/developpement-dapplication-mobile\/\" \/>\n<meta property=\"og:locale\" content=\"en_US\" \/>\n<meta property=\"og:type\" content=\"article\" \/>\n<meta property=\"og:title\" content=\"D\u00e9veloppement d&#039;application mobile - FENX\" \/>\n<meta property=\"og:description\" content=\"[vc_row content_placement=&#8221;middle&#8221; row_content_width=&#8221;grid&#8221; content_text_aligment=&#8221;left&#8221; css=&#8221;.vc_custom_1707840413400{padding-top: 75px !important;}&#8221;][vc_column][\/vc_column][\/vc_row][vc_row content_placement=&#8221;middle&#8221; row_content_width=&#8221;grid&#8221; content_text_aligment=&#8221;left&#8221;][vc_column][\/vc_column][\/vc_row][vc_row content_placement=&#8221;middle&#8221; row_content_width=&#8221;grid&#8221; content_text_aligment=&#8221;left&#8221; css=&#8221;.vc_custom_1707840339332{padding-top: 0px !important;}&#8221;][vc_column][\/vc_column][\/vc_row][vc_row content_placement=&#8221;middle&#8221; row_content_width=&#8221;grid&#8221; content_text_aligment=&#8221;left&#8221;][vc_column][vc_empty_space height=&#8221;64px&#8221;][\/vc_column][\/vc_row]\" \/>\n<meta property=\"og:url\" content=\"https:\/\/fenxweb.com\/index.php\/developpement-dapplication-mobile\/\" \/>\n<meta property=\"og:site_name\" content=\"FENX\" \/>\n<meta property=\"article:modified_time\" content=\"2024-02-13T17:12:20+00:00\" \/>\n<meta name=\"twitter:card\" content=\"summary_large_image\" \/>\n<meta name=\"twitter:label1\" content=\"Est. reading time\" \/>\n\t<meta name=\"twitter:data1\" content=\"2 minutes\" \/>\n<script type=\"application\/ld+json\" class=\"yoast-schema-graph\">{\"@context\":\"https:\/\/schema.org\",\"@graph\":[{\"@type\":\"WebSite\",\"@id\":\"https:\/\/fenxweb.com\/#website\",\"url\":\"https:\/\/fenxweb.com\/\",\"name\":\"FENX\",\"description\":\"\",\"potentialAction\":[{\"@type\":\"SearchAction\",\"target\":{\"@type\":\"EntryPoint\",\"urlTemplate\":\"https:\/\/fenxweb.com\/?s={search_term_string}\"},\"query-input\":\"required name=search_term_string\"}],\"inLanguage\":\"en-US\"},{\"@type\":\"WebPage\",\"@id\":\"https:\/\/fenxweb.com\/index.php\/developpement-dapplication-mobile\/#webpage\",\"url\":\"https:\/\/fenxweb.com\/index.php\/developpement-dapplication-mobile\/\",\"name\":\"D\\u00e9veloppement d'application mobile - FENX\",\"isPartOf\":{\"@id\":\"https:\/\/fenxweb.com\/#website\"},\"datePublished\":\"2024-02-13T17:06:34+00:00\",\"dateModified\":\"2024-02-13T17:12:20+00:00\",\"breadcrumb\":{\"@id\":\"https:\/\/fenxweb.com\/index.php\/developpement-dapplication-mobile\/#breadcrumb\"},\"inLanguage\":\"en-US\",\"potentialAction\":[{\"@type\":\"ReadAction\",\"target\":[\"https:\/\/fenxweb.com\/index.php\/developpement-dapplication-mobile\/\"]}]},{\"@type\":\"BreadcrumbList\",\"@id\":\"https:\/\/fenxweb.com\/index.php\/developpement-dapplication-mobile\/#breadcrumb\",\"itemListElement\":[{\"@type\":\"ListItem\",\"position\":1,\"name\":\"Home\",\"item\":\"https:\/\/fenxweb.com\/\"},{\"@type\":\"ListItem\",\"position\":2,\"name\":\"D\\u00e9veloppement d&#8217;application mobile\"}]}]}<\/script>\n<!-- \/ Yoast SEO plugin. -->","yoast_head_json":{"title":"D\u00e9veloppement d'application mobile - FENX","robots":{"index":"index","follow":"follow","max-snippet":"max-snippet:-1","max-image-preview":"max-image-preview:large","max-video-preview":"max-video-preview:-1"},"canonical":"https:\/\/fenxweb.com\/index.php\/developpement-dapplication-mobile\/","og_locale":"en_US","og_type":"article","og_title":"D\u00e9veloppement d'application mobile - FENX","og_description":"[vc_row content_placement=&#8221;middle&#8221; row_content_width=&#8221;grid&#8221; content_text_aligment=&#8221;left&#8221; css=&#8221;.vc_custom_1707840413400{padding-top: 75px !important;}&#8221;][vc_column][\/vc_column][\/vc_row][vc_row content_placement=&#8221;middle&#8221; row_content_width=&#8221;grid&#8221; content_text_aligment=&#8221;left&#8221;][vc_column][\/vc_column][\/vc_row][vc_row content_placement=&#8221;middle&#8221; row_content_width=&#8221;grid&#8221; content_text_aligment=&#8221;left&#8221; css=&#8221;.vc_custom_1707840339332{padding-top: 0px !important;}&#8221;][vc_column][\/vc_column][\/vc_row][vc_row content_placement=&#8221;middle&#8221; row_content_width=&#8221;grid&#8221; content_text_aligment=&#8221;left&#8221;][vc_column][vc_empty_space height=&#8221;64px&#8221;][\/vc_column][\/vc_row]","og_url":"https:\/\/fenxweb.com\/index.php\/developpement-dapplication-mobile\/","og_site_name":"FENX","article_modified_time":"2024-02-13T17:12:20+00:00","twitter_card":"summary_large_image","twitter_misc":{"Est. reading time":"2 minutes"},"schema":{"@context":"https:\/\/schema.org","@graph":[{"@type":"WebSite","@id":"https:\/\/fenxweb.com\/#website","url":"https:\/\/fenxweb.com\/","name":"FENX","description":"","potentialAction":[{"@type":"SearchAction","target":{"@type":"EntryPoint","urlTemplate":"https:\/\/fenxweb.com\/?s={search_term_string}"},"query-input":"required name=search_term_string"}],"inLanguage":"en-US"},{"@type":"WebPage","@id":"https:\/\/fenxweb.com\/index.php\/developpement-dapplication-mobile\/#webpage","url":"https:\/\/fenxweb.com\/index.php\/developpement-dapplication-mobile\/","name":"D\u00e9veloppement d'application mobile - FENX","isPartOf":{"@id":"https:\/\/fenxweb.com\/#website"},"datePublished":"2024-02-13T17:06:34+00:00","dateModified":"2024-02-13T17:12:20+00:00","breadcrumb":{"@id":"https:\/\/fenxweb.com\/index.php\/developpement-dapplication-mobile\/#breadcrumb"},"inLanguage":"en-US","potentialAction":[{"@type":"ReadAction","target":["https:\/\/fenxweb.com\/index.php\/developpement-dapplication-mobile\/"]}]},{"@type":"BreadcrumbList","@id":"https:\/\/fenxweb.com\/index.php\/developpement-dapplication-mobile\/#breadcrumb","itemListElement":[{"@type":"ListItem","position":1,"name":"Home","item":"https:\/\/fenxweb.com\/"},{"@type":"ListItem","position":2,"name":"D\u00e9veloppement d&#8217;application mobile"}]}]}},"_links":{"self":[{"href":"https:\/\/fenxweb.com\/index.php\/wp-json\/wp\/v2\/pages\/10249"}],"collection":[{"href":"https:\/\/fenxweb.com\/index.php\/wp-json\/wp\/v2\/pages"}],"about":[{"href":"https:\/\/fenxweb.com\/index.php\/wp-json\/wp\/v2\/types\/page"}],"author":[{"embeddable":true,"href":"https:\/\/fenxweb.com\/index.php\/wp-json\/wp\/v2\/users\/1"}],"replies":[{"embeddable":true,"href":"https:\/\/fenxweb.com\/index.php\/wp-json\/wp\/v2\/comments?post=10249"}],"version-history":[{"count":3,"href":"https:\/\/fenxweb.com\/index.php\/wp-json\/wp\/v2\/pages\/10249\/revisions"}],"predecessor-version":[{"id":10256,"href":"https:\/\/fenxweb.com\/index.php\/wp-json\/wp\/v2\/pages\/10249\/revisions\/10256"}],"wp:attachment":[{"href":"https:\/\/fenxweb.com\/index.php\/wp-json\/wp\/v2\/media?parent=10249"}],"curies":[{"name":"wp","href":"https:\/\/api.w.org\/{rel}","templated":true}]}}