{"id":3,"date":"2018-05-31T09:12:38","date_gmt":"2018-05-31T07:12:38","guid":{"rendered":"https:\/\/foton.qodeinteractive.com\/?page_id=3"},"modified":"2024-02-12T16:28:33","modified_gmt":"2024-02-12T15:28:33","slug":"code-conduite-fenx","status":"publish","type":"page","link":"https:\/\/fenxweb.com\/index.php\/code-conduite-fenx\/","title":{"rendered":"Code de Conduite"},"content":{"rendered":"\t\t<div data-elementor-type=\"wp-page\" data-elementor-id=\"3\" class=\"elementor elementor-3\" data-elementor-settings=\"[]\">\n\t\t\t\t\t\t\t<div class=\"elementor-section-wrap\">\n\t\t\t\t\t\t\t<section class=\"elementor-section elementor-top-section elementor-element elementor-element-4197e6ca elementor-section-full_width elementor-section-height-default elementor-section-height-default mkdf-parallax-row-no mkdf-row-grid-no mkdf-disabled-bg-image-bellow-no\" data-id=\"4197e6ca\" data-element_type=\"section\">\n\t\t\t\t\t\t<div class=\"elementor-container elementor-column-gap-default\">\n\t\t\t\t\t<div class=\"elementor-column elementor-col-50 elementor-top-column elementor-element elementor-element-6c581f8f\" data-id=\"6c581f8f\" data-element_type=\"column\" data-settings=\"{&quot;background_background&quot;:&quot;classic&quot;}\">\n\t\t\t<div class=\"elementor-widget-wrap elementor-element-populated\">\n\t\t\t\t\t\t\t\t<div class=\"elementor-element elementor-element-473bbd19 elementor-widget elementor-widget-text-editor\" data-id=\"473bbd19\" data-element_type=\"widget\" data-widget_type=\"text-editor.default\">\n\t\t\t\t<div class=\"elementor-widget-container\">\n\t\t\t\t\t\t\t\t<h4>Introduction<\/h4>\n<p><span style=\"font-weight: 400;\">Chez FENX, nous nous engageons \u00e0 maintenir un environnement de travail respectueux et inclusif. Ce code de conduite s&#8217;applique \u00e0 tous les membres de notre \u00e9quipe, ainsi qu&#8217;\u00e0 tous ceux qui interagissent avec nous, y compris nos clients, nos partenaires et nos visiteurs.<\/span><\/p>\n<h4><span style=\"font-weight: 400;\">Respect<\/span><\/h4>\n<p><span style=\"font-weight: 400;\">Nous valorisons la diversit\u00e9 et nous nous engageons \u00e0 traiter tout le monde avec dignit\u00e9 et respect, ind\u00e9pendamment de leur sexe, race, religion, \u00e2ge, orientation sexuelle, identit\u00e9 de genre, handicap ou origine nationale.<\/span><\/p>\n<h4><span style=\"font-weight: 400;\">Professionnalisme<\/span><\/h4>\n<p><span style=\"font-weight: 400;\">Nous attendons de tous les membres de l&#8217;\u00e9quipe FENX qu&#8217;ils maintiennent un haut niveau de professionnalisme dans toutes leurs interactions. Cela comprend le respect des d\u00e9lais, la r\u00e9alisation de t\u00e2ches de mani\u00e8re efficace et la communication claire et respectueuse avec les coll\u00e8gues et les clients.<\/span><\/p>\n<h4><span style=\"font-weight: 400;\">Int\u00e9grit\u00e9<\/span><\/h4>\n<p><span style=\"font-weight: 400;\">L&#8217;int\u00e9grit\u00e9 est au c\u0153ur de tout ce que nous faisons chez FENX. Nous nous attendons \u00e0 ce que tous les membres de notre \u00e9quipe agissent de mani\u00e8re \u00e9thique et honn\u00eate.<\/span><\/p>\n<h4><span style=\"font-weight: 400;\">Confidentialit\u00e9<\/span><\/h4>\n<p><span style=\"font-weight: 400;\">Nous respectons la confidentialit\u00e9 de nos clients et nous nous engageons \u00e0 prot\u00e9ger leurs informations. Tous les membres de l&#8217;\u00e9quipe FENX doivent respecter les lois et r\u00e9glementations en mati\u00e8re de protection des donn\u00e9es.<\/span><\/p>\n<h4><span style=\"font-weight: 400;\">Non-discrimination et Non-harc\u00e8lement<\/span><\/h4>\n<p><span style=\"font-weight: 400;\">FENX a une politique de tol\u00e9rance z\u00e9ro envers la discrimination et le harc\u00e8lement. Tout comportement de ce type sera trait\u00e9 avec le plus grand s\u00e9rieux.<\/span><\/p>\n<h4><span style=\"font-weight: 400;\">Conclusion<\/span><\/h4>\n<p><span style=\"font-weight: 400;\">Ce code de conduite est un guide pour nous aider \u00e0 maintenir un environnement de travail positif et respectueux. Nous nous attendons \u00e0 ce que tous les membres de l&#8217;\u00e9quipe FENX adh\u00e8rent \u00e0 ces principes et nous nous engageons \u00e0 les faire respecter.<\/span><\/p>\n<p><span style=\"font-weight: 400;\">Merci de votre coop\u00e9ration et de votre engagement \u00e0 faire de FENX un lieu de travail respectueux et inclusif.<\/span><\/p>\n<p><br style=\"font-weight: 400;\" \/><br style=\"font-weight: 400;\" \/><br \/><\/p>\n<!-- wp:paragraph -->\n<p>\u00a0<\/p>\n<!-- \/wp:paragraph -->\t\t\t\t\t\t<\/div>\n\t\t\t\t<\/div>\n\t\t\t\t\t<\/div>\n\t\t<\/div>\n\t\t\t\t<div class=\"elementor-column elementor-col-50 elementor-top-column elementor-element elementor-element-f279b6a\" data-id=\"f279b6a\" data-element_type=\"column\">\n\t\t\t<div class=\"elementor-widget-wrap\">\n\t\t\t\t\t\t\t\t\t<\/div>\n\t\t<\/div>\n\t\t\t\t\t\t\t<\/div>\n\t\t<\/section>\n\t\t\t\t\t\t<\/div>\n\t\t\t\t\t<\/div>\n\t\t","protected":false},"excerpt":{"rendered":"<p>Introduction Chez FENX, nous nous engageons \u00e0 maintenir un environnement de travail respectueux et inclusif. Ce code de conduite s&#8217;applique \u00e0 tous les membres de notre \u00e9quipe, ainsi qu&#8217;\u00e0 tous ceux qui interagissent avec nous, y compris nos clients, nos [&hellip;]<\/p>\n","protected":false},"author":1,"featured_media":0,"parent":0,"menu_order":0,"comment_status":"closed","ping_status":"closed","template":"","meta":[],"yoast_head":"<!-- This site is optimized with the Yoast SEO plugin v17.1 - https:\/\/yoast.com\/wordpress\/plugins\/seo\/ -->\n<title>Code de Conduite - FENX<\/title>\n<meta name=\"robots\" content=\"index, follow, max-snippet:-1, max-image-preview:large, max-video-preview:-1\" \/>\n<link rel=\"canonical\" href=\"https:\/\/fenxweb.com\/index.php\/code-conduite-fenx\/\" \/>\n<meta property=\"og:locale\" content=\"en_US\" \/>\n<meta property=\"og:type\" content=\"article\" \/>\n<meta property=\"og:title\" content=\"Code de Conduite - FENX\" \/>\n<meta property=\"og:description\" content=\"Introduction Chez FENX, nous nous engageons \u00e0 maintenir un environnement de travail respectueux et inclusif. Ce code de conduite s&#8217;applique \u00e0 tous les membres de notre \u00e9quipe, ainsi qu&#8217;\u00e0 tous ceux qui interagissent avec nous, y compris nos clients, nos [&hellip;]\" \/>\n<meta property=\"og:url\" content=\"https:\/\/fenxweb.com\/index.php\/code-conduite-fenx\/\" \/>\n<meta property=\"og:site_name\" content=\"FENX\" \/>\n<meta property=\"article:modified_time\" content=\"2024-02-12T15:28:33+00:00\" \/>\n<meta name=\"twitter:card\" content=\"summary_large_image\" \/>\n<meta name=\"twitter:label1\" content=\"Est. reading time\" \/>\n\t<meta name=\"twitter:data1\" content=\"2 minutes\" \/>\n<script type=\"application\/ld+json\" class=\"yoast-schema-graph\">{\"@context\":\"https:\/\/schema.org\",\"@graph\":[{\"@type\":\"WebSite\",\"@id\":\"https:\/\/fenxweb.com\/#website\",\"url\":\"https:\/\/fenxweb.com\/\",\"name\":\"FENX\",\"description\":\"\",\"potentialAction\":[{\"@type\":\"SearchAction\",\"target\":{\"@type\":\"EntryPoint\",\"urlTemplate\":\"https:\/\/fenxweb.com\/?s={search_term_string}\"},\"query-input\":\"required name=search_term_string\"}],\"inLanguage\":\"en-US\"},{\"@type\":\"WebPage\",\"@id\":\"https:\/\/fenxweb.com\/index.php\/code-conduite-fenx\/#webpage\",\"url\":\"https:\/\/fenxweb.com\/index.php\/code-conduite-fenx\/\",\"name\":\"Code de Conduite - FENX\",\"isPartOf\":{\"@id\":\"https:\/\/fenxweb.com\/#website\"},\"datePublished\":\"2018-05-31T07:12:38+00:00\",\"dateModified\":\"2024-02-12T15:28:33+00:00\",\"breadcrumb\":{\"@id\":\"https:\/\/fenxweb.com\/index.php\/code-conduite-fenx\/#breadcrumb\"},\"inLanguage\":\"en-US\",\"potentialAction\":[{\"@type\":\"ReadAction\",\"target\":[\"https:\/\/fenxweb.com\/index.php\/code-conduite-fenx\/\"]}]},{\"@type\":\"BreadcrumbList\",\"@id\":\"https:\/\/fenxweb.com\/index.php\/code-conduite-fenx\/#breadcrumb\",\"itemListElement\":[{\"@type\":\"ListItem\",\"position\":1,\"name\":\"Home\",\"item\":\"https:\/\/fenxweb.com\/\"},{\"@type\":\"ListItem\",\"position\":2,\"name\":\"Code de Conduite\"}]}]}<\/script>\n<!-- \/ Yoast SEO plugin. -->","yoast_head_json":{"title":"Code de Conduite - FENX","robots":{"index":"index","follow":"follow","max-snippet":"max-snippet:-1","max-image-preview":"max-image-preview:large","max-video-preview":"max-video-preview:-1"},"canonical":"https:\/\/fenxweb.com\/index.php\/code-conduite-fenx\/","og_locale":"en_US","og_type":"article","og_title":"Code de Conduite - FENX","og_description":"Introduction Chez FENX, nous nous engageons \u00e0 maintenir un environnement de travail respectueux et inclusif. Ce code de conduite s&#8217;applique \u00e0 tous les membres de notre \u00e9quipe, ainsi qu&#8217;\u00e0 tous ceux qui interagissent avec nous, y compris nos clients, nos [&hellip;]","og_url":"https:\/\/fenxweb.com\/index.php\/code-conduite-fenx\/","og_site_name":"FENX","article_modified_time":"2024-02-12T15:28:33+00:00","twitter_card":"summary_large_image","twitter_misc":{"Est. reading time":"2 minutes"},"schema":{"@context":"https:\/\/schema.org","@graph":[{"@type":"WebSite","@id":"https:\/\/fenxweb.com\/#website","url":"https:\/\/fenxweb.com\/","name":"FENX","description":"","potentialAction":[{"@type":"SearchAction","target":{"@type":"EntryPoint","urlTemplate":"https:\/\/fenxweb.com\/?s={search_term_string}"},"query-input":"required name=search_term_string"}],"inLanguage":"en-US"},{"@type":"WebPage","@id":"https:\/\/fenxweb.com\/index.php\/code-conduite-fenx\/#webpage","url":"https:\/\/fenxweb.com\/index.php\/code-conduite-fenx\/","name":"Code de Conduite - FENX","isPartOf":{"@id":"https:\/\/fenxweb.com\/#website"},"datePublished":"2018-05-31T07:12:38+00:00","dateModified":"2024-02-12T15:28:33+00:00","breadcrumb":{"@id":"https:\/\/fenxweb.com\/index.php\/code-conduite-fenx\/#breadcrumb"},"inLanguage":"en-US","potentialAction":[{"@type":"ReadAction","target":["https:\/\/fenxweb.com\/index.php\/code-conduite-fenx\/"]}]},{"@type":"BreadcrumbList","@id":"https:\/\/fenxweb.com\/index.php\/code-conduite-fenx\/#breadcrumb","itemListElement":[{"@type":"ListItem","position":1,"name":"Home","item":"https:\/\/fenxweb.com\/"},{"@type":"ListItem","position":2,"name":"Code de Conduite"}]}]}},"_links":{"self":[{"href":"https:\/\/fenxweb.com\/index.php\/wp-json\/wp\/v2\/pages\/3"}],"collection":[{"href":"https:\/\/fenxweb.com\/index.php\/wp-json\/wp\/v2\/pages"}],"about":[{"href":"https:\/\/fenxweb.com\/index.php\/wp-json\/wp\/v2\/types\/page"}],"author":[{"embeddable":true,"href":"https:\/\/fenxweb.com\/index.php\/wp-json\/wp\/v2\/users\/1"}],"replies":[{"embeddable":true,"href":"https:\/\/fenxweb.com\/index.php\/wp-json\/wp\/v2\/comments?post=3"}],"version-history":[{"count":18,"href":"https:\/\/fenxweb.com\/index.php\/wp-json\/wp\/v2\/pages\/3\/revisions"}],"predecessor-version":[{"id":10063,"href":"https:\/\/fenxweb.com\/index.php\/wp-json\/wp\/v2\/pages\/3\/revisions\/10063"}],"wp:attachment":[{"href":"https:\/\/fenxweb.com\/index.php\/wp-json\/wp\/v2\/media?parent=3"}],"curies":[{"name":"wp","href":"https:\/\/api.w.org\/{rel}","templated":true}]}}