{"id":321,"date":"2015-10-07T23:47:46","date_gmt":"2015-10-07T23:47:46","guid":{"rendered":"http:\/\/demo.themeton.com\/creatify\/?page_id=5"},"modified":"2021-06-07T14:17:18","modified_gmt":"2021-06-07T12:17:18","slug":"home-page","status":"publish","type":"page","link":"https:\/\/fenxweb.com\/index.php\/home-page\/","title":{"rendered":"Home Page"},"content":{"rendered":"<p>[vc_row full_width=&#8221;stretch_row_content&#8221; one_page_section=&#8221;yes&#8221; one_page_label=&#8221;Home&#8221; one_page_slug=&#8221;home&#8221; css=&#8221;.vc_custom_1444897798981{margin-bottom: 0px !important;background-image: url(https:\/\/fenxweb.com\/wp-content\/uploads\/2015\/10\/background-mountain.jpg?id=255) !important;background-position: center !important;background-repeat: no-repeat !important;background-size: cover !important;}&#8221; bg_type=&#8221;no_bg&#8221; bg_grad=&#8221;background: -webkit-gradient(linear, left top, left bottom, color-stop(0%, #E3E3E3));background: -moz-linear-gradient(top,#E3E3E3 0%);background: -webkit-linear-gradient(top,#E3E3E3 0%);background: -o-linear-gradient(top,#E3E3E3 0%);background: -ms-linear-gradient(top,#E3E3E3 0%);background: linear-gradient(top,#E3E3E3 0%);&#8221; parallax_style=&#8221;vcpb-default&#8221; bg_image_repeat=&#8221;repeat&#8221; bg_image_size=&#8221;cover&#8221; bg_img_attach=&#8221;scroll&#8221; parallax_sense=&#8221;30&#8243; animation_direction=&#8221;left-animation&#8221; animation_repeat=&#8221;repeat&#8221; video_opts=&#8221;&#8221; viewport_vdo=&#8221;off&#8221; enable_controls=&#8221;off&#8221; bg_override=&#8221;0&#8243; disable_on_mobile_img_parallax=&#8221;off&#8221; parallax_content_sense=&#8221;30&#8243; fadeout_start_effect=&#8221;30&#8243; overlay_pattern_opacity=&#8221;80&#8243; overlay_pattern_attachment=&#8221;fixed&#8221; multi_color_overlay=&#8221;&#8221; multi_color_overlay_opacity=&#8221;60&#8243; seperator_type=&#8221;none_seperator&#8221; seperator_position=&#8221;top_seperator&#8221; seperator_shape_size=&#8221;40&#8243; seperator_svg_height=&#8221;60&#8243; seperator_shape_background=&#8221;#ffffff&#8221; seperator_shape_border=&#8221;none&#8221; seperator_shape_border_width=&#8221;1&#8243; icon_type=&#8221;no_icon&#8221; icon_size=&#8221;32&#8243; icon_style=&#8221;none&#8221; icon_color_border=&#8221;#333333&#8243; icon_border_size=&#8221;1&#8243; icon_border_radius=&#8221;500&#8243; icon_border_spacing=&#8221;50&#8243; img_width=&#8221;48&#8243; ult_hide_row_large_screen=&#8221;off&#8221; ult_hide_row_desktop=&#8221;off&#8221; ult_hide_row_tablet=&#8221;off&#8221; ult_hide_row_tablet_small=&#8221;off&#8221; ult_hide_row_mobile=&#8221;off&#8221; ult_hide_row_mobile_large=&#8221;off&#8221;][vc_column][vc_row_inner css=&#8221;.vc_custom_1444897857237{margin-top: 90px !important;margin-bottom: 60px !important;}&#8221; el_class=&#8221;max1170&#8243;][vc_column_inner width=&#8221;1\/2&#8243; css=&#8221;.vc_custom_1443704270742{margin-bottom: 0px !important;}&#8221;][vc_column_text]<\/p>\n<p class=\"text-right\" style=\"font-size: 16px; color: #393939; letter-spacing: 4px; padding: 30px 20px;\">POURQUOI CHOISIR FENX ?<\/p>\n<p>[\/vc_column_text][\/vc_column_inner][vc_column_inner width=&#8221;1\/2&#8243; css=&#8221;.vc_custom_1443704309060{margin-bottom: 0px !important;border-left-width: 2px !important;padding-left: 45px !important;border-left-color: #dedede !important;border-left-style: solid !important;}&#8221;][vc_column_text]<strong>Forts d&#8217;une exp\u00e9rience de plus de 15 ans dans le secteur du logiciel et du web design, <\/strong>notre \u00e9quipe vous livrera un rendu professionnel et de qualit\u00e9 dans le meilleur d\u00e9lai de r\u00e9alisation.[\/vc_column_text][\/vc_column_inner][\/vc_row_inner][vc_row_inner][vc_column_inner width=&#8221;1\/4&#8243;][\/vc_column_inner][vc_column_inner width=&#8221;1\/4&#8243;][service title=&#8221;FENX&#8221; desc=&#8221;Nous distribuons les solutions de paiement \u00e9lectronique sur les plateformes SaaS.&#8221; icon_type=&#8221;icon_image&#8221; image=&#8221;240&#8243; show_border=&#8221;yes&#8221;][service title=&#8221;NOTRE LOCALISATION&#8221; desc=&#8221;1, avenue de l&#8217;OUA, Q. Basoko GB, Ngaliema, Ingenious City, Concession PROCOKI, \u00e0 Kinshasa RDC&#8221; icon_type=&#8221;icon_image&#8221; image=&#8221;121&#8243; show_border=&#8221;yes&#8221;][\/vc_column_inner][vc_column_inner width=&#8221;1\/4&#8243;][service title=&#8221;NOTRE EQUIPE&#8221; desc=&#8221;Compos\u00e9e d&#8217;experts en d\u00e9veloppement logiciel, web design et marketing digital, notre \u00e9quipe est enti\u00e8rement dispos\u00e9e \u00e0 r\u00e9aliser votre projet.&#8221; icon_type=&#8221;icon_image&#8221; image=&#8221;128&#8243; show_border=&#8221;yes&#8221;][service title=&#8221;Nous \u00e9crire&#8221; desc=&#8221;Adressez-nous vos mails \u00e0 info@fenxweb.com&#8221; icon_type=&#8221;icon_image&#8221; image=&#8221;129&#8243; show_border=&#8221;yes&#8221;][\/vc_column_inner][vc_column_inner width=&#8221;1\/4&#8243;][\/vc_column_inner][\/vc_row_inner][\/vc_column][\/vc_row][vc_row css=&#8221;.vc_custom_1443760462626{margin-bottom: 0px !important;}&#8221;][vc_column][\/vc_column][\/vc_row][vc_row full_width=&#8221;stretch_row&#8221; css=&#8221;.vc_custom_1444292871527{margin-top: -50px !important;margin-bottom: 0px !important;padding-top: 60px !important;padding-bottom: 60px !important;background-image: url(https:\/\/fenxweb.com\/wp-content\/uploads\/2015\/10\/background-cta.png?id=24) !important;background-position: center !important;background-repeat: no-repeat !important;background-size: cover !important;}&#8221; bg_type=&#8221;no_bg&#8221; bg_grad=&#8221;background: -webkit-gradient(linear, left top, left bottom, color-stop(0%, #E3E3E3));background: -moz-linear-gradient(top,#E3E3E3 0%);background: -webkit-linear-gradient(top,#E3E3E3 0%);background: -o-linear-gradient(top,#E3E3E3 0%);background: -ms-linear-gradient(top,#E3E3E3 0%);background: linear-gradient(top,#E3E3E3 0%);&#8221; parallax_style=&#8221;vcpb-default&#8221; bg_image_repeat=&#8221;repeat&#8221; bg_image_size=&#8221;cover&#8221; bg_img_attach=&#8221;scroll&#8221; parallax_sense=&#8221;30&#8243; animation_direction=&#8221;left-animation&#8221; animation_repeat=&#8221;repeat&#8221; video_opts=&#8221;&#8221; viewport_vdo=&#8221;off&#8221; enable_controls=&#8221;off&#8221; bg_override=&#8221;0&#8243; disable_on_mobile_img_parallax=&#8221;off&#8221; parallax_content_sense=&#8221;30&#8243; fadeout_start_effect=&#8221;30&#8243; overlay_pattern_opacity=&#8221;80&#8243; overlay_pattern_attachment=&#8221;fixed&#8221; multi_color_overlay=&#8221;&#8221; multi_color_overlay_opacity=&#8221;60&#8243; seperator_type=&#8221;none_seperator&#8221; seperator_position=&#8221;top_seperator&#8221; seperator_shape_size=&#8221;40&#8243; seperator_svg_height=&#8221;60&#8243; seperator_shape_background=&#8221;#ffffff&#8221; seperator_shape_border=&#8221;none&#8221; seperator_shape_border_width=&#8221;1&#8243; icon_type=&#8221;no_icon&#8221; icon_size=&#8221;32&#8243; icon_style=&#8221;none&#8221; icon_color_border=&#8221;#333333&#8243; icon_border_size=&#8221;1&#8243; icon_border_radius=&#8221;500&#8243; icon_border_spacing=&#8221;50&#8243; img_width=&#8221;48&#8243; ult_hide_row_large_screen=&#8221;off&#8221; ult_hide_row_desktop=&#8221;off&#8221; ult_hide_row_tablet=&#8221;off&#8221; ult_hide_row_tablet_small=&#8221;off&#8221; ult_hide_row_mobile=&#8221;off&#8221; ult_hide_row_mobile_large=&#8221;off&#8221;][vc_column width=&#8221;2\/12&#8243; offset=&#8221;vc_hidden-sm vc_hidden-xs&#8221;][\/vc_column][vc_column width=&#8221;8\/12&#8243;][cta btn_link=&#8221;https:\/\/fenxweb.com\/index.php\/contact\/&#8221; btn_text=&#8221;Nous contacter&#8221; desc=&#8221;Entrez en contact avec nos experts.&#8221;][\/vc_column][vc_column width=&#8221;2\/12&#8243; offset=&#8221;vc_hidden-sm vc_hidden-xs&#8221;][\/vc_column][\/vc_row][vc_row css=&#8221;.vc_custom_1448560272466{margin-bottom: 0px !important;padding-bottom: 100px !important;}&#8221; video_opts=&#8221;&#8221; multi_color_overlay=&#8221;&#8221; el_class=&#8221;hide&#8221;][vc_column][vc_column_text el_class=&#8221;text-center&#8221;]<a class=\"link\" href=\"#\">Knowledge base <i class=\"ion-ios-arrow-right\"><\/i><\/a>[\/vc_column_text][\/vc_column][\/vc_row][vc_row full_width=&#8221;stretch_row&#8221; el_class=&#8221;text-light&#8221; css=&#8221;.vc_custom_1444364274310{margin-bottom: 0px !important;padding-top: 100px !important;padding-bottom: 100px !important;background-image: url(https:\/\/fenxweb.com\/wp-content\/uploads\/2015\/10\/background-services.jpg?id=267) !important;background-position: center !important;background-repeat: no-repeat !important;background-size: cover !important;}&#8221; bg_type=&#8221;no_bg&#8221; bg_grad=&#8221;background: -webkit-gradient(linear, left top, left bottom, color-stop(0%, #E3E3E3));background: -moz-linear-gradient(top,#E3E3E3 0%);background: -webkit-linear-gradient(top,#E3E3E3 0%);background: -o-linear-gradient(top,#E3E3E3 0%);background: -ms-linear-gradient(top,#E3E3E3 0%);background: linear-gradient(top,#E3E3E3 0%);&#8221; parallax_style=&#8221;vcpb-default&#8221; bg_image_repeat=&#8221;repeat&#8221; bg_image_size=&#8221;cover&#8221; bg_img_attach=&#8221;scroll&#8221; parallax_sense=&#8221;30&#8243; animation_direction=&#8221;left-animation&#8221; animation_repeat=&#8221;repeat&#8221; video_opts=&#8221;&#8221; viewport_vdo=&#8221;off&#8221; enable_controls=&#8221;off&#8221; bg_override=&#8221;0&#8243; disable_on_mobile_img_parallax=&#8221;off&#8221; parallax_content_sense=&#8221;30&#8243; fadeout_start_effect=&#8221;30&#8243; overlay_pattern_opacity=&#8221;80&#8243; overlay_pattern_attachment=&#8221;fixed&#8221; multi_color_overlay=&#8221;&#8221; multi_color_overlay_opacity=&#8221;60&#8243; seperator_type=&#8221;none_seperator&#8221; seperator_position=&#8221;top_seperator&#8221; seperator_shape_size=&#8221;40&#8243; seperator_svg_height=&#8221;60&#8243; seperator_shape_background=&#8221;#ffffff&#8221; seperator_shape_border=&#8221;none&#8221; seperator_shape_border_width=&#8221;1&#8243; icon_type=&#8221;no_icon&#8221; icon_size=&#8221;32&#8243; icon_style=&#8221;none&#8221; icon_color_border=&#8221;#333333&#8243; icon_border_size=&#8221;1&#8243; icon_border_radius=&#8221;500&#8243; icon_border_spacing=&#8221;50&#8243; img_width=&#8221;48&#8243; ult_hide_row_large_screen=&#8221;off&#8221; ult_hide_row_desktop=&#8221;off&#8221; ult_hide_row_tablet=&#8221;off&#8221; ult_hide_row_tablet_small=&#8221;off&#8221; ult_hide_row_mobile=&#8221;off&#8221; ult_hide_row_mobile_large=&#8221;off&#8221;][vc_column][vc_row_inner css=&#8221;.vc_custom_1443772524898{margin-bottom: 0px !important;}&#8221;][vc_column_inner width=&#8221;1\/4&#8243;][\/vc_column_inner][vc_column_inner width=&#8221;1\/4&#8243; css=&#8221;.vc_custom_1443772278838{border-bottom-width: 1px !important;border-bottom-color: #ffffff !important;border-bottom-style: solid !important;}&#8221;][service title=&#8221;Site web&#8221; desc=&#8221;Conception de votre site web original compatible avec tous les supports : ordinateur, tablette et mobile.&#8221; icon_type=&#8221;icon_image&#8221; image=&#8221;220&#8243;][\/vc_column_inner][vc_column_inner width=&#8221;1\/4&#8243; css=&#8221;.vc_custom_1443772267921{border-bottom-width: 1px !important;border-left-width: 1px !important;border-left-color: #ffffff !important;border-left-style: solid !important;border-bottom-color: #ffffff !important;border-bottom-style: solid !important;}&#8221;][service title=&#8221;APPLICATION MOBILE&#8221; desc=&#8221;Conception d&#8217;une application mobile optionnelle pour votre activit\u00e9, Android et iOS.&#8221; icon_type=&#8221;icon_image&#8221; image=&#8221;242&#8243;][\/vc_column_inner][vc_column_inner width=&#8221;1\/4&#8243;][\/vc_column_inner][\/vc_row_inner][vc_row_inner css=&#8221;.vc_custom_1443772530702{margin-bottom: 0px !important;}&#8221;][vc_column_inner width=&#8221;1\/4&#8243;][\/vc_column_inner][vc_column_inner width=&#8221;1\/4&#8243; css=&#8221;.vc_custom_1443772278838{border-bottom-width: 1px !important;border-bottom-color: #ffffff !important;border-bottom-style: solid !important;}&#8221;][service title=&#8221;E-COMMERCE&#8221; desc=&#8221;R\u00e9alisation de votre plateforme de vente en ligne \u00e0 moindre co\u00fbt avec int\u00e9gration de plusieurs moyens de paiement bancaire et mobile.&#8221; icon_type=&#8221;icon_image&#8221; image=&#8221;148&#8243;][\/vc_column_inner][vc_column_inner width=&#8221;1\/4&#8243; css=&#8221;.vc_custom_1443772267921{border-bottom-width: 1px !important;border-left-width: 1px !important;border-left-color: #ffffff !important;border-left-style: solid !important;border-bottom-color: #ffffff !important;border-bottom-style: solid !important;}&#8221;][service title=&#8221;CRM\/ERP&#8221; desc=&#8221;Besoin de logiciel de gestion classique ? Nous offrons une large gamme de CRM et ERP \u00e0 impl\u00e9menter et formons votre \u00e9quipe sur l&#8217;utilisation.&#8221; icon_type=&#8221;icon_image&#8221; image=&#8221;221&#8243;][\/vc_column_inner][vc_column_inner width=&#8221;1\/4&#8243;][\/vc_column_inner][\/vc_row_inner][vc_row_inner css=&#8221;.vc_custom_1443772580810{margin-bottom: 0px !important;}&#8221;][vc_column_inner width=&#8221;1\/4&#8243;][\/vc_column_inner][vc_column_inner width=&#8221;1\/4&#8243;][service title=&#8221;MARKETING DIGITAL&#8221; desc=&#8221;De l&#8217;\u00e9laboration de la strat\u00e9gie digitale \u00e0 la gestion et mod\u00e9ration de vos r\u00e9seaux sociaux, nous offrons un plan efficace pour votre e-r\u00e9putation et une mise en place des canaux et tunnels d&#8217;achat digitaux.&#8221; icon_type=&#8221;icon_image&#8221; image=&#8221;219&#8243;][\/vc_column_inner][vc_column_inner width=&#8221;1\/4&#8243; css=&#8221;.vc_custom_1445491658788{border-left-width: 1px !important;border-left-color: #ffffff !important;border-left-style: solid !important;}&#8221;][service title=&#8221;EMAILING&#8221; desc=&#8221;Gardez un contact direct avec vos clients, vos prospects et leads gr\u00e2ce une technique de mailing adapt\u00e9e \u00e0 vos besoins actuels et une plateforme avec lecture d&#8217;indicateurs.&#8221; icon_type=&#8221;icon_image&#8221; image=&#8221;150&#8243;][\/vc_column_inner][vc_column_inner width=&#8221;1\/4&#8243;][\/vc_column_inner][\/vc_row_inner][\/vc_column][\/vc_row]<\/p>\n","protected":false},"excerpt":{"rendered":"<p>[vc_row full_width=&#8221;stretch_row_content&#8221; one_page_section=&#8221;yes&#8221; one_page_label=&#8221;Home&#8221; one_page_slug=&#8221;home&#8221; css=&#8221;.vc_custom_1444897798981{margin-bottom: 0px !important;background-image: url(https:\/\/fenxweb.com\/wp-content\/uploads\/2015\/10\/background-mountain.jpg?id=255) !important;background-position: center !important;background-repeat: no-repeat !important;background-size: cover !important;}&#8221; bg_type=&#8221;no_bg&#8221; bg_grad=&#8221;background: -webkit-gradient(linear, left top, left bottom, color-stop(0%, #E3E3E3));background: -moz-linear-gradient(top,#E3E3E3 0%);background: -webkit-linear-gradient(top,#E3E3E3 0%);background: -o-linear-gradient(top,#E3E3E3 0%);background: -ms-linear-gradient(top,#E3E3E3 0%);background: linear-gradient(top,#E3E3E3 0%);&#8221; parallax_style=&#8221;vcpb-default&#8221; bg_image_repeat=&#8221;repeat&#8221; bg_image_size=&#8221;cover&#8221; bg_img_attach=&#8221;scroll&#8221; parallax_sense=&#8221;30&#8243; [&hellip;]<\/p>\n","protected":false},"author":1,"featured_media":0,"parent":0,"menu_order":0,"comment_status":"closed","ping_status":"closed","template":"","meta":[],"yoast_head":"<!-- This site is optimized with the Yoast SEO plugin v17.1 - https:\/\/yoast.com\/wordpress\/plugins\/seo\/ -->\n<title>Home Page - FENX<\/title>\n<meta name=\"robots\" content=\"index, follow, max-snippet:-1, max-image-preview:large, max-video-preview:-1\" \/>\n<link rel=\"canonical\" href=\"https:\/\/fenxweb.com\/index.php\/home-page\/\" \/>\n<meta property=\"og:locale\" content=\"en_US\" \/>\n<meta property=\"og:type\" content=\"article\" \/>\n<meta property=\"og:title\" content=\"Home Page - FENX\" \/>\n<meta property=\"og:description\" content=\"[vc_row full_width=&#8221;stretch_row_content&#8221; one_page_section=&#8221;yes&#8221; one_page_label=&#8221;Home&#8221; one_page_slug=&#8221;home&#8221; css=&#8221;.vc_custom_1444897798981{margin-bottom: 0px !important;background-image: url(https:\/\/fenxweb.com\/wp-content\/uploads\/2015\/10\/background-mountain.jpg?id=255) !important;background-position: center !important;background-repeat: no-repeat !important;background-size: cover !important;}&#8221; bg_type=&#8221;no_bg&#8221; bg_grad=&#8221;background: -webkit-gradient(linear, left top, left bottom, color-stop(0%, #E3E3E3));background: -moz-linear-gradient(top,#E3E3E3 0%);background: -webkit-linear-gradient(top,#E3E3E3 0%);background: -o-linear-gradient(top,#E3E3E3 0%);background: -ms-linear-gradient(top,#E3E3E3 0%);background: linear-gradient(top,#E3E3E3 0%);&#8221; parallax_style=&#8221;vcpb-default&#8221; bg_image_repeat=&#8221;repeat&#8221; bg_image_size=&#8221;cover&#8221; bg_img_attach=&#8221;scroll&#8221; parallax_sense=&#8221;30&#8243; [&hellip;]\" \/>\n<meta property=\"og:url\" content=\"https:\/\/fenxweb.com\/index.php\/home-page\/\" \/>\n<meta property=\"og:site_name\" content=\"FENX\" \/>\n<meta property=\"article:modified_time\" content=\"2021-06-07T12:17:18+00:00\" \/>\n<meta name=\"twitter:card\" content=\"summary_large_image\" \/>\n<meta name=\"twitter:label1\" content=\"Est. reading time\" \/>\n\t<meta name=\"twitter:data1\" content=\"7 minutes\" \/>\n<script type=\"application\/ld+json\" class=\"yoast-schema-graph\">{\"@context\":\"https:\/\/schema.org\",\"@graph\":[{\"@type\":\"WebSite\",\"@id\":\"https:\/\/fenxweb.com\/#website\",\"url\":\"https:\/\/fenxweb.com\/\",\"name\":\"FENX\",\"description\":\"\",\"potentialAction\":[{\"@type\":\"SearchAction\",\"target\":{\"@type\":\"EntryPoint\",\"urlTemplate\":\"https:\/\/fenxweb.com\/?s={search_term_string}\"},\"query-input\":\"required name=search_term_string\"}],\"inLanguage\":\"en-US\"},{\"@type\":\"WebPage\",\"@id\":\"https:\/\/fenxweb.com\/index.php\/home-page\/#webpage\",\"url\":\"https:\/\/fenxweb.com\/index.php\/home-page\/\",\"name\":\"Home Page - FENX\",\"isPartOf\":{\"@id\":\"https:\/\/fenxweb.com\/#website\"},\"datePublished\":\"2015-10-07T23:47:46+00:00\",\"dateModified\":\"2021-06-07T12:17:18+00:00\",\"breadcrumb\":{\"@id\":\"https:\/\/fenxweb.com\/index.php\/home-page\/#breadcrumb\"},\"inLanguage\":\"en-US\",\"potentialAction\":[{\"@type\":\"ReadAction\",\"target\":[\"https:\/\/fenxweb.com\/index.php\/home-page\/\"]}]},{\"@type\":\"BreadcrumbList\",\"@id\":\"https:\/\/fenxweb.com\/index.php\/home-page\/#breadcrumb\",\"itemListElement\":[{\"@type\":\"ListItem\",\"position\":1,\"name\":\"Home\",\"item\":\"https:\/\/fenxweb.com\/\"},{\"@type\":\"ListItem\",\"position\":2,\"name\":\"Home Page\"}]}]}<\/script>\n<!-- \/ Yoast SEO plugin. -->","yoast_head_json":{"title":"Home Page - FENX","robots":{"index":"index","follow":"follow","max-snippet":"max-snippet:-1","max-image-preview":"max-image-preview:large","max-video-preview":"max-video-preview:-1"},"canonical":"https:\/\/fenxweb.com\/index.php\/home-page\/","og_locale":"en_US","og_type":"article","og_title":"Home Page - FENX","og_description":"[vc_row full_width=&#8221;stretch_row_content&#8221; one_page_section=&#8221;yes&#8221; one_page_label=&#8221;Home&#8221; one_page_slug=&#8221;home&#8221; css=&#8221;.vc_custom_1444897798981{margin-bottom: 0px !important;background-image: url(https:\/\/fenxweb.com\/wp-content\/uploads\/2015\/10\/background-mountain.jpg?id=255) !important;background-position: center !important;background-repeat: no-repeat !important;background-size: cover !important;}&#8221; bg_type=&#8221;no_bg&#8221; bg_grad=&#8221;background: -webkit-gradient(linear, left top, left bottom, color-stop(0%, #E3E3E3));background: -moz-linear-gradient(top,#E3E3E3 0%);background: -webkit-linear-gradient(top,#E3E3E3 0%);background: -o-linear-gradient(top,#E3E3E3 0%);background: -ms-linear-gradient(top,#E3E3E3 0%);background: linear-gradient(top,#E3E3E3 0%);&#8221; parallax_style=&#8221;vcpb-default&#8221; bg_image_repeat=&#8221;repeat&#8221; bg_image_size=&#8221;cover&#8221; bg_img_attach=&#8221;scroll&#8221; parallax_sense=&#8221;30&#8243; [&hellip;]","og_url":"https:\/\/fenxweb.com\/index.php\/home-page\/","og_site_name":"FENX","article_modified_time":"2021-06-07T12:17:18+00:00","twitter_card":"summary_large_image","twitter_misc":{"Est. reading time":"7 minutes"},"schema":{"@context":"https:\/\/schema.org","@graph":[{"@type":"WebSite","@id":"https:\/\/fenxweb.com\/#website","url":"https:\/\/fenxweb.com\/","name":"FENX","description":"","potentialAction":[{"@type":"SearchAction","target":{"@type":"EntryPoint","urlTemplate":"https:\/\/fenxweb.com\/?s={search_term_string}"},"query-input":"required name=search_term_string"}],"inLanguage":"en-US"},{"@type":"WebPage","@id":"https:\/\/fenxweb.com\/index.php\/home-page\/#webpage","url":"https:\/\/fenxweb.com\/index.php\/home-page\/","name":"Home Page - FENX","isPartOf":{"@id":"https:\/\/fenxweb.com\/#website"},"datePublished":"2015-10-07T23:47:46+00:00","dateModified":"2021-06-07T12:17:18+00:00","breadcrumb":{"@id":"https:\/\/fenxweb.com\/index.php\/home-page\/#breadcrumb"},"inLanguage":"en-US","potentialAction":[{"@type":"ReadAction","target":["https:\/\/fenxweb.com\/index.php\/home-page\/"]}]},{"@type":"BreadcrumbList","@id":"https:\/\/fenxweb.com\/index.php\/home-page\/#breadcrumb","itemListElement":[{"@type":"ListItem","position":1,"name":"Home","item":"https:\/\/fenxweb.com\/"},{"@type":"ListItem","position":2,"name":"Home Page"}]}]}},"_links":{"self":[{"href":"https:\/\/fenxweb.com\/index.php\/wp-json\/wp\/v2\/pages\/321"}],"collection":[{"href":"https:\/\/fenxweb.com\/index.php\/wp-json\/wp\/v2\/pages"}],"about":[{"href":"https:\/\/fenxweb.com\/index.php\/wp-json\/wp\/v2\/types\/page"}],"author":[{"embeddable":true,"href":"https:\/\/fenxweb.com\/index.php\/wp-json\/wp\/v2\/users\/1"}],"replies":[{"embeddable":true,"href":"https:\/\/fenxweb.com\/index.php\/wp-json\/wp\/v2\/comments?post=321"}],"version-history":[{"count":36,"href":"https:\/\/fenxweb.com\/index.php\/wp-json\/wp\/v2\/pages\/321\/revisions"}],"predecessor-version":[{"id":442,"href":"https:\/\/fenxweb.com\/index.php\/wp-json\/wp\/v2\/pages\/321\/revisions\/442"}],"wp:attachment":[{"href":"https:\/\/fenxweb.com\/index.php\/wp-json\/wp\/v2\/media?parent=321"}],"curies":[{"name":"wp","href":"https:\/\/api.w.org\/{rel}","templated":true}]}}