{"id":9874,"date":"2023-10-03T14:43:58","date_gmt":"2023-10-03T12:43:58","guid":{"rendered":"https:\/\/fenxweb.com\/?page_id=9874"},"modified":"2023-10-03T14:49:21","modified_gmt":"2023-10-03T12:49:21","slug":"demo-banky","status":"publish","type":"page","link":"https:\/\/fenxweb.com\/index.php\/demo-banky\/","title":{"rendered":"Demande de d\u00e9monstration pour Banky"},"content":{"rendered":"\n<figure class=\"wp-block-image\"><img alt=\"\"\/><\/figure>\n\n\n\n<p>Ce formulaire vous permet de demander une d\u00e9monstration personnalis\u00e9e de notre solution core-banking system, adapt\u00e9e \u00e0 vos besoins sp\u00e9cifiques. Une fois le formulaire soumis, notre \u00e9quipe vous contactera pour organiser une d\u00e9monstration \u00e0 votre convenance. Ne manquez pas cette opportunit\u00e9 de d\u00e9couvrir comment Banky peut transformer votre institution financi\u00e8re.<\/p>\n\n\n\n<div class=\"wp-block-contact-form-7-contact-form-selector\"><div role=\"form\" class=\"wpcf7\" id=\"wpcf7-f9929-o1\" lang=\"en-US\" dir=\"ltr\">\n<div class=\"screen-reader-response\"><p role=\"status\" aria-live=\"polite\" aria-atomic=\"true\"><\/p> <ul><\/ul><\/div>\n<form action=\"\/index.php\/wp-json\/wp\/v2\/pages\/9874#wpcf7-f9929-o1\" method=\"post\" class=\"wpcf7-form init\" novalidate=\"novalidate\" data-status=\"init\">\n<div style=\"display: none;\">\n<input type=\"hidden\" name=\"_wpcf7\" value=\"9929\" \/>\n<input type=\"hidden\" name=\"_wpcf7_version\" value=\"5.4.2\" \/>\n<input type=\"hidden\" name=\"_wpcf7_locale\" value=\"en_US\" \/>\n<input type=\"hidden\" name=\"_wpcf7_unit_tag\" value=\"wpcf7-f9929-o1\" \/>\n<input type=\"hidden\" name=\"_wpcf7_container_post\" value=\"0\" \/>\n<input type=\"hidden\" name=\"_wpcf7_posted_data_hash\" value=\"\" \/>\n<\/div>\n<div class=\"mkdf-grid-row mkdf-grid-small-gutter\">\n\t<div class=\"eltdf-grid-col-6\">\n\t\t<p style=\"text-align: center;\">\n\t\t<span class=\"wpcf7-form-control-wrap your-name\"><input type=\"text\" name=\"your-name\" value=\"\" size=\"40\" class=\"wpcf7-form-control wpcf7-text\" aria-invalid=\"false\" placeholder=\"NOM\" \/><\/span>\n\t<\/div>\n\t<div class=\"mkdf-grid-col-6\">\n\t\t<p style=\"text-align: center;\">\n\t\t<span class=\"wpcf7-form-control-wrap your-prename\"><input type=\"text\" name=\"your-prename\" value=\"\" size=\"40\" class=\"wpcf7-form-control wpcf7-text\" aria-invalid=\"false\" placeholder=\"PRENOM\" \/><\/span>\n<\/div>\n\t<div class=\"mkdf-grid-col-6\">\n\t\t<p style=\"text-align: center;\">\n                <span class=\"wpcf7-form-control-wrap your-email\"><input type=\"email\" name=\"your-email\" value=\"\" size=\"40\" class=\"wpcf7-form-control wpcf7-text wpcf7-email wpcf7-validates-as-required wpcf7-validates-as-email\" aria-required=\"true\" aria-invalid=\"false\" placeholder=\"EMAIL\" \/><\/span>\n\t<\/div>\n<\/div>\n<div>\n\t<p style=\"text-align: center;\">\n\t<span class=\"wpcf7-form-control-wrap your-telephone\"><input type=\"text\" name=\"your-telephone\" value=\"\" size=\"40\" class=\"wpcf7-form-control wpcf7-text\" aria-invalid=\"false\" placeholder=\"VOTRE TELEPHONE\" \/><\/span>\n\t<\/p>\n<\/div>\n<div>\n\t<p style=\"text-align: center;\">\n\t<span class=\"wpcf7-form-control-wrap your-entreprise\"><input type=\"text\" name=\"your-entreprise\" value=\"\" size=\"40\" class=\"wpcf7-form-control wpcf7-text\" aria-invalid=\"false\" placeholder=\"VOTRE ENTREPRISE\" \/><\/span>\n\t<\/p>\n<\/div>\n<div>\n\t<p style=\"text-align: center;\">\n\t<span class=\"wpcf7-form-control-wrap your-fonction\"><input type=\"text\" name=\"your-fonction\" value=\"\" size=\"40\" class=\"wpcf7-form-control wpcf7-text\" aria-invalid=\"false\" placeholder=\"VOTRE FONCTION\" \/><\/span>\n\t<\/p>\n<\/div>\n<div>\n\t<p style=\"text-align: center;\">\n\t<span class=\"wpcf7-form-control-wrap your-message\"><textarea name=\"your-message\" cols=\"40\" rows=\"10\" class=\"wpcf7-form-control wpcf7-textarea\" aria-invalid=\"false\" placeholder=\"VOTRE MESSAGE\"><\/textarea><\/span>\n\t<\/p>\n<\/div>\n\n<div>\n<div class=\"mkdf-cf7-btn-custom-hover\">\n\t<p style=\"text-align: left; margin-top: 30px;\">\n\t<input type=\"submit\" value=\"ENVOYER\" class=\"wpcf7-form-control wpcf7-submit\" \/>\n\t<\/p>\n<\/div>\n<\/div><div class=\"wpcf7-response-output\" aria-hidden=\"true\"><\/div><\/form><\/div><\/div>\n","protected":false},"excerpt":{"rendered":"<p>Ce formulaire vous permet de demander une d\u00e9monstration personnalis\u00e9e de notre solution core-banking system, adapt\u00e9e \u00e0 vos besoins sp\u00e9cifiques. Une fois le formulaire soumis, notre \u00e9quipe vous contactera pour organiser une d\u00e9monstration \u00e0 votre convenance. Ne manquez pas cette opportunit\u00e9 [&hellip;]<\/p>\n","protected":false},"author":1,"featured_media":0,"parent":0,"menu_order":0,"comment_status":"closed","ping_status":"closed","template":"","meta":[],"yoast_head":"<!-- This site is optimized with the Yoast SEO plugin v17.1 - https:\/\/yoast.com\/wordpress\/plugins\/seo\/ -->\n<title>Demande de d\u00e9monstration pour Banky - FENX<\/title>\n<meta name=\"robots\" content=\"index, follow, max-snippet:-1, max-image-preview:large, max-video-preview:-1\" \/>\n<link rel=\"canonical\" href=\"https:\/\/fenxweb.com\/index.php\/demo-banky\/\" \/>\n<meta property=\"og:locale\" content=\"en_US\" \/>\n<meta property=\"og:type\" content=\"article\" \/>\n<meta property=\"og:title\" content=\"Demande de d\u00e9monstration pour Banky - FENX\" \/>\n<meta property=\"og:description\" content=\"Ce formulaire vous permet de demander une d\u00e9monstration personnalis\u00e9e de notre solution core-banking system, adapt\u00e9e \u00e0 vos besoins sp\u00e9cifiques. Une fois le formulaire soumis, notre \u00e9quipe vous contactera pour organiser une d\u00e9monstration \u00e0 votre convenance. Ne manquez pas cette opportunit\u00e9 [&hellip;]\" \/>\n<meta property=\"og:url\" content=\"https:\/\/fenxweb.com\/index.php\/demo-banky\/\" \/>\n<meta property=\"og:site_name\" content=\"FENX\" \/>\n<meta property=\"article:modified_time\" content=\"2023-10-03T12:49:21+00:00\" \/>\n<meta name=\"twitter:card\" content=\"summary_large_image\" \/>\n<meta name=\"twitter:label1\" content=\"Est. reading time\" \/>\n\t<meta name=\"twitter:data1\" content=\"1 minute\" \/>\n<script type=\"application\/ld+json\" class=\"yoast-schema-graph\">{\"@context\":\"https:\/\/schema.org\",\"@graph\":[{\"@type\":\"WebSite\",\"@id\":\"https:\/\/fenxweb.com\/#website\",\"url\":\"https:\/\/fenxweb.com\/\",\"name\":\"FENX\",\"description\":\"\",\"potentialAction\":[{\"@type\":\"SearchAction\",\"target\":{\"@type\":\"EntryPoint\",\"urlTemplate\":\"https:\/\/fenxweb.com\/?s={search_term_string}\"},\"query-input\":\"required name=search_term_string\"}],\"inLanguage\":\"en-US\"},{\"@type\":\"WebPage\",\"@id\":\"https:\/\/fenxweb.com\/index.php\/demo-banky\/#webpage\",\"url\":\"https:\/\/fenxweb.com\/index.php\/demo-banky\/\",\"name\":\"Demande de d\\u00e9monstration pour Banky - FENX\",\"isPartOf\":{\"@id\":\"https:\/\/fenxweb.com\/#website\"},\"datePublished\":\"2023-10-03T12:43:58+00:00\",\"dateModified\":\"2023-10-03T12:49:21+00:00\",\"breadcrumb\":{\"@id\":\"https:\/\/fenxweb.com\/index.php\/demo-banky\/#breadcrumb\"},\"inLanguage\":\"en-US\",\"potentialAction\":[{\"@type\":\"ReadAction\",\"target\":[\"https:\/\/fenxweb.com\/index.php\/demo-banky\/\"]}]},{\"@type\":\"BreadcrumbList\",\"@id\":\"https:\/\/fenxweb.com\/index.php\/demo-banky\/#breadcrumb\",\"itemListElement\":[{\"@type\":\"ListItem\",\"position\":1,\"name\":\"Home\",\"item\":\"https:\/\/fenxweb.com\/\"},{\"@type\":\"ListItem\",\"position\":2,\"name\":\"Demande de d\\u00e9monstration pour Banky\"}]}]}<\/script>\n<!-- \/ Yoast SEO plugin. -->","yoast_head_json":{"title":"Demande de d\u00e9monstration pour Banky - FENX","robots":{"index":"index","follow":"follow","max-snippet":"max-snippet:-1","max-image-preview":"max-image-preview:large","max-video-preview":"max-video-preview:-1"},"canonical":"https:\/\/fenxweb.com\/index.php\/demo-banky\/","og_locale":"en_US","og_type":"article","og_title":"Demande de d\u00e9monstration pour Banky - FENX","og_description":"Ce formulaire vous permet de demander une d\u00e9monstration personnalis\u00e9e de notre solution core-banking system, adapt\u00e9e \u00e0 vos besoins sp\u00e9cifiques. Une fois le formulaire soumis, notre \u00e9quipe vous contactera pour organiser une d\u00e9monstration \u00e0 votre convenance. Ne manquez pas cette opportunit\u00e9 [&hellip;]","og_url":"https:\/\/fenxweb.com\/index.php\/demo-banky\/","og_site_name":"FENX","article_modified_time":"2023-10-03T12:49:21+00:00","twitter_card":"summary_large_image","twitter_misc":{"Est. reading time":"1 minute"},"schema":{"@context":"https:\/\/schema.org","@graph":[{"@type":"WebSite","@id":"https:\/\/fenxweb.com\/#website","url":"https:\/\/fenxweb.com\/","name":"FENX","description":"","potentialAction":[{"@type":"SearchAction","target":{"@type":"EntryPoint","urlTemplate":"https:\/\/fenxweb.com\/?s={search_term_string}"},"query-input":"required name=search_term_string"}],"inLanguage":"en-US"},{"@type":"WebPage","@id":"https:\/\/fenxweb.com\/index.php\/demo-banky\/#webpage","url":"https:\/\/fenxweb.com\/index.php\/demo-banky\/","name":"Demande de d\u00e9monstration pour Banky - FENX","isPartOf":{"@id":"https:\/\/fenxweb.com\/#website"},"datePublished":"2023-10-03T12:43:58+00:00","dateModified":"2023-10-03T12:49:21+00:00","breadcrumb":{"@id":"https:\/\/fenxweb.com\/index.php\/demo-banky\/#breadcrumb"},"inLanguage":"en-US","potentialAction":[{"@type":"ReadAction","target":["https:\/\/fenxweb.com\/index.php\/demo-banky\/"]}]},{"@type":"BreadcrumbList","@id":"https:\/\/fenxweb.com\/index.php\/demo-banky\/#breadcrumb","itemListElement":[{"@type":"ListItem","position":1,"name":"Home","item":"https:\/\/fenxweb.com\/"},{"@type":"ListItem","position":2,"name":"Demande de d\u00e9monstration pour Banky"}]}]}},"_links":{"self":[{"href":"https:\/\/fenxweb.com\/index.php\/wp-json\/wp\/v2\/pages\/9874"}],"collection":[{"href":"https:\/\/fenxweb.com\/index.php\/wp-json\/wp\/v2\/pages"}],"about":[{"href":"https:\/\/fenxweb.com\/index.php\/wp-json\/wp\/v2\/types\/page"}],"author":[{"embeddable":true,"href":"https:\/\/fenxweb.com\/index.php\/wp-json\/wp\/v2\/users\/1"}],"replies":[{"embeddable":true,"href":"https:\/\/fenxweb.com\/index.php\/wp-json\/wp\/v2\/comments?post=9874"}],"version-history":[{"count":4,"href":"https:\/\/fenxweb.com\/index.php\/wp-json\/wp\/v2\/pages\/9874\/revisions"}],"predecessor-version":[{"id":9930,"href":"https:\/\/fenxweb.com\/index.php\/wp-json\/wp\/v2\/pages\/9874\/revisions\/9930"}],"wp:attachment":[{"href":"https:\/\/fenxweb.com\/index.php\/wp-json\/wp\/v2\/media?parent=9874"}],"curies":[{"name":"wp","href":"https:\/\/api.w.org\/{rel}","templated":true}]}}