{"id":9943,"date":"2024-02-12T14:48:05","date_gmt":"2024-02-12T13:48:05","guid":{"rendered":"https:\/\/fenxweb.com\/?page_id=9943"},"modified":"2024-02-12T16:10:02","modified_gmt":"2024-02-12T15:10:02","slug":"charte-ethique-et-conformite-de-fenx","status":"publish","type":"page","link":"https:\/\/fenxweb.com\/index.php\/charte-ethique-et-conformite-de-fenx\/","title":{"rendered":"Charte \u00c9thique et Conformit\u00e9"},"content":{"rendered":"\t\t<div data-elementor-type=\"wp-page\" data-elementor-id=\"9943\" class=\"elementor elementor-9943\" data-elementor-settings=\"[]\">\n\t\t\t\t\t\t\t<div class=\"elementor-section-wrap\">\n\t\t\t\t\t\t\t<section class=\"elementor-section elementor-top-section elementor-element elementor-element-1a690aff elementor-section-full_width elementor-section-height-default elementor-section-height-default mkdf-parallax-row-no mkdf-row-grid-no mkdf-disabled-bg-image-bellow-no\" data-id=\"1a690aff\" data-element_type=\"section\">\n\t\t\t\t\t\t<div class=\"elementor-container elementor-column-gap-default\">\n\t\t\t\t\t<div class=\"elementor-column elementor-col-50 elementor-top-column elementor-element elementor-element-37ecbe41\" data-id=\"37ecbe41\" data-element_type=\"column\" data-settings=\"{&quot;background_background&quot;:&quot;classic&quot;}\">\n\t\t\t<div class=\"elementor-widget-wrap elementor-element-populated\">\n\t\t\t\t\t\t\t\t<div class=\"elementor-element elementor-element-1ba54331 elementor-widget elementor-widget-text-editor\" data-id=\"1ba54331\" data-element_type=\"widget\" data-widget_type=\"text-editor.default\">\n\t\t\t\t<div class=\"elementor-widget-container\">\n\t\t\t\t\t\t\t\t<!-- wp:heading {\"level\":4} -->\n<h4>Introduction<\/h4>\n<!-- \/wp:heading -->\n\n<!-- wp:paragraph -->\n<p>Chez FENX, nous nous engageons \u00e0 maintenir les normes les plus \u00e9lev\u00e9es d&#8217;\u00e9thique et de conformit\u00e9 dans toutes nos activit\u00e9s. Cette charte d\u00e9finit les principes que nous suivons pour garantir que nous respectons ces normes.<\/p>\n<!-- \/wp:paragraph -->\n\n<!-- wp:heading {\"level\":4} -->\n<h4>\u00c9thique<\/h4>\n<!-- \/wp:heading -->\n\n<!-- wp:paragraph -->\n<p>Nous nous engageons \u00e0 agir avec int\u00e9grit\u00e9 et honn\u00eatet\u00e9 dans toutes nos interactions. Nous respectons les lois et r\u00e9glementations applicables et nous nous attendons \u00e0 ce que tous les membres de notre \u00e9quipe fassent de m\u00eame.<\/p>\n<!-- \/wp:paragraph -->\n\n<!-- wp:heading {\"level\":4} -->\n<h4>Conformit\u00e9<\/h4>\n<!-- \/wp:heading -->\n\n<!-- wp:paragraph -->\n<p>Nous nous conformons \u00e0 toutes les lois et r\u00e9glementations applicables dans les juridictions o\u00f9 nous op\u00e9rons. Cela comprend les lois sur la protection des donn\u00e9es, les lois sur le travail et l&#8217;emploi, et les lois sur la concurrence.<\/p>\n<!-- \/wp:paragraph -->\n\n<!-- wp:heading {\"level\":4} -->\n<h4>Respect des droits de l&#8217;homme<\/h4>\n<!-- \/wp:heading -->\n\n<!-- wp:paragraph -->\n<p>Nous respectons les droits de l&#8217;homme et nous nous engageons \u00e0 ne pas participer ou soutenir la violation de ces droits. Nous nous attendons \u00e0 ce que nos partenaires et fournisseurs respectent \u00e9galement ces droits.<\/p>\n<!-- \/wp:paragraph -->\n\n<!-- wp:heading {\"level\":4} -->\n<h4>Confidentialit\u00e9 et s\u00e9curit\u00e9 des donn\u00e9es<\/h4>\n<!-- \/wp:heading -->\n\n<!-- wp:paragraph -->\n<p>Nous respectons la confidentialit\u00e9 de nos clients et nous nous engageons \u00e0 prot\u00e9ger leurs donn\u00e9es. Nous avons mis en place des mesures de s\u00e9curit\u00e9 robustes pour prot\u00e9ger les donn\u00e9es de nos clients contre l&#8217;acc\u00e8s non autoris\u00e9, la divulgation, l&#8217;alt\u00e9ration et la destruction.<\/p>\n<!-- \/wp:paragraph -->\n\n<!-- wp:heading {\"level\":4} -->\n<h4>Responsabilit\u00e9 sociale<\/h4>\n<!-- \/wp:heading -->\n\n<!-- wp:paragraph -->\n<p>Nous nous engageons \u00e0 \u00eatre une entreprise socialement responsable. Cela signifie que nous prenons en compte l&#8217;impact de nos activit\u00e9s sur la soci\u00e9t\u00e9 et l&#8217;environnement et que nous nous effor\u00e7ons de minimiser cet impact.<\/p>\n<!-- \/wp:paragraph -->\n\n<!-- wp:heading {\"level\":4} -->\n<h4>Conclusion<\/h4>\n<!-- \/wp:heading -->\n\n<!-- wp:paragraph -->\n<p>Cette charte est un guide pour nous aider \u00e0 maintenir les normes les plus \u00e9lev\u00e9es d&#8217;\u00e9thique et de conformit\u00e9. Nous nous attendons \u00e0 ce que tous les membres de l&#8217;\u00e9quipe FENX adh\u00e8rent \u00e0 ces principes et nous nous engageons \u00e0 les faire respecter.<\/p>\n<!-- \/wp:paragraph -->\n\n<!-- wp:paragraph -->\n<p>Merci de votre coop\u00e9ration et de votre engagement \u00e0 faire de FENX une entreprise \u00e9thique et conforme.<\/p>\n<!-- \/wp:paragraph -->\t\t\t\t\t\t<\/div>\n\t\t\t\t<\/div>\n\t\t\t\t\t<\/div>\n\t\t<\/div>\n\t\t\t\t<div class=\"elementor-column elementor-col-50 elementor-top-column elementor-element elementor-element-7e71e5b\" data-id=\"7e71e5b\" data-element_type=\"column\">\n\t\t\t<div class=\"elementor-widget-wrap\">\n\t\t\t\t\t\t\t\t\t<\/div>\n\t\t<\/div>\n\t\t\t\t\t\t\t<\/div>\n\t\t<\/section>\n\t\t\t\t\t\t<\/div>\n\t\t\t\t\t<\/div>\n\t\t","protected":false},"excerpt":{"rendered":"<p>Introduction Chez FENX, nous nous engageons \u00e0 maintenir les normes les plus \u00e9lev\u00e9es d&#8217;\u00e9thique et de conformit\u00e9 dans toutes nos activit\u00e9s. Cette charte d\u00e9finit les principes que nous suivons pour garantir que nous respectons ces normes. \u00c9thique Nous nous engageons [&hellip;]<\/p>\n","protected":false},"author":1,"featured_media":0,"parent":0,"menu_order":0,"comment_status":"closed","ping_status":"closed","template":"","meta":[],"yoast_head":"<!-- This site is optimized with the Yoast SEO plugin v17.1 - https:\/\/yoast.com\/wordpress\/plugins\/seo\/ -->\n<title>Charte \u00c9thique et Conformit\u00e9 - FENX<\/title>\n<meta name=\"robots\" content=\"index, follow, max-snippet:-1, max-image-preview:large, max-video-preview:-1\" \/>\n<link rel=\"canonical\" href=\"https:\/\/fenxweb.com\/index.php\/charte-ethique-et-conformite-de-fenx\/\" \/>\n<meta property=\"og:locale\" content=\"en_US\" \/>\n<meta property=\"og:type\" content=\"article\" \/>\n<meta property=\"og:title\" content=\"Charte \u00c9thique et Conformit\u00e9 - FENX\" \/>\n<meta property=\"og:description\" content=\"Introduction Chez FENX, nous nous engageons \u00e0 maintenir les normes les plus \u00e9lev\u00e9es d&#8217;\u00e9thique et de conformit\u00e9 dans toutes nos activit\u00e9s. Cette charte d\u00e9finit les principes que nous suivons pour garantir que nous respectons ces normes. \u00c9thique Nous nous engageons [&hellip;]\" \/>\n<meta property=\"og:url\" content=\"https:\/\/fenxweb.com\/index.php\/charte-ethique-et-conformite-de-fenx\/\" \/>\n<meta property=\"og:site_name\" content=\"FENX\" \/>\n<meta property=\"article:modified_time\" content=\"2024-02-12T15:10:02+00:00\" \/>\n<meta name=\"twitter:card\" content=\"summary_large_image\" \/>\n<meta name=\"twitter:label1\" content=\"Est. reading time\" \/>\n\t<meta name=\"twitter:data1\" content=\"2 minutes\" \/>\n<script type=\"application\/ld+json\" class=\"yoast-schema-graph\">{\"@context\":\"https:\/\/schema.org\",\"@graph\":[{\"@type\":\"WebSite\",\"@id\":\"https:\/\/fenxweb.com\/#website\",\"url\":\"https:\/\/fenxweb.com\/\",\"name\":\"FENX\",\"description\":\"\",\"potentialAction\":[{\"@type\":\"SearchAction\",\"target\":{\"@type\":\"EntryPoint\",\"urlTemplate\":\"https:\/\/fenxweb.com\/?s={search_term_string}\"},\"query-input\":\"required name=search_term_string\"}],\"inLanguage\":\"en-US\"},{\"@type\":\"WebPage\",\"@id\":\"https:\/\/fenxweb.com\/index.php\/charte-ethique-et-conformite-de-fenx\/#webpage\",\"url\":\"https:\/\/fenxweb.com\/index.php\/charte-ethique-et-conformite-de-fenx\/\",\"name\":\"Charte \\u00c9thique et Conformit\\u00e9 - FENX\",\"isPartOf\":{\"@id\":\"https:\/\/fenxweb.com\/#website\"},\"datePublished\":\"2024-02-12T13:48:05+00:00\",\"dateModified\":\"2024-02-12T15:10:02+00:00\",\"breadcrumb\":{\"@id\":\"https:\/\/fenxweb.com\/index.php\/charte-ethique-et-conformite-de-fenx\/#breadcrumb\"},\"inLanguage\":\"en-US\",\"potentialAction\":[{\"@type\":\"ReadAction\",\"target\":[\"https:\/\/fenxweb.com\/index.php\/charte-ethique-et-conformite-de-fenx\/\"]}]},{\"@type\":\"BreadcrumbList\",\"@id\":\"https:\/\/fenxweb.com\/index.php\/charte-ethique-et-conformite-de-fenx\/#breadcrumb\",\"itemListElement\":[{\"@type\":\"ListItem\",\"position\":1,\"name\":\"Home\",\"item\":\"https:\/\/fenxweb.com\/\"},{\"@type\":\"ListItem\",\"position\":2,\"name\":\"Charte \\u00c9thique et Conformit\\u00e9\"}]}]}<\/script>\n<!-- \/ Yoast SEO plugin. -->","yoast_head_json":{"title":"Charte \u00c9thique et Conformit\u00e9 - FENX","robots":{"index":"index","follow":"follow","max-snippet":"max-snippet:-1","max-image-preview":"max-image-preview:large","max-video-preview":"max-video-preview:-1"},"canonical":"https:\/\/fenxweb.com\/index.php\/charte-ethique-et-conformite-de-fenx\/","og_locale":"en_US","og_type":"article","og_title":"Charte \u00c9thique et Conformit\u00e9 - FENX","og_description":"Introduction Chez FENX, nous nous engageons \u00e0 maintenir les normes les plus \u00e9lev\u00e9es d&#8217;\u00e9thique et de conformit\u00e9 dans toutes nos activit\u00e9s. Cette charte d\u00e9finit les principes que nous suivons pour garantir que nous respectons ces normes. \u00c9thique Nous nous engageons [&hellip;]","og_url":"https:\/\/fenxweb.com\/index.php\/charte-ethique-et-conformite-de-fenx\/","og_site_name":"FENX","article_modified_time":"2024-02-12T15:10:02+00:00","twitter_card":"summary_large_image","twitter_misc":{"Est. reading time":"2 minutes"},"schema":{"@context":"https:\/\/schema.org","@graph":[{"@type":"WebSite","@id":"https:\/\/fenxweb.com\/#website","url":"https:\/\/fenxweb.com\/","name":"FENX","description":"","potentialAction":[{"@type":"SearchAction","target":{"@type":"EntryPoint","urlTemplate":"https:\/\/fenxweb.com\/?s={search_term_string}"},"query-input":"required name=search_term_string"}],"inLanguage":"en-US"},{"@type":"WebPage","@id":"https:\/\/fenxweb.com\/index.php\/charte-ethique-et-conformite-de-fenx\/#webpage","url":"https:\/\/fenxweb.com\/index.php\/charte-ethique-et-conformite-de-fenx\/","name":"Charte \u00c9thique et Conformit\u00e9 - FENX","isPartOf":{"@id":"https:\/\/fenxweb.com\/#website"},"datePublished":"2024-02-12T13:48:05+00:00","dateModified":"2024-02-12T15:10:02+00:00","breadcrumb":{"@id":"https:\/\/fenxweb.com\/index.php\/charte-ethique-et-conformite-de-fenx\/#breadcrumb"},"inLanguage":"en-US","potentialAction":[{"@type":"ReadAction","target":["https:\/\/fenxweb.com\/index.php\/charte-ethique-et-conformite-de-fenx\/"]}]},{"@type":"BreadcrumbList","@id":"https:\/\/fenxweb.com\/index.php\/charte-ethique-et-conformite-de-fenx\/#breadcrumb","itemListElement":[{"@type":"ListItem","position":1,"name":"Home","item":"https:\/\/fenxweb.com\/"},{"@type":"ListItem","position":2,"name":"Charte \u00c9thique et Conformit\u00e9"}]}]}},"_links":{"self":[{"href":"https:\/\/fenxweb.com\/index.php\/wp-json\/wp\/v2\/pages\/9943"}],"collection":[{"href":"https:\/\/fenxweb.com\/index.php\/wp-json\/wp\/v2\/pages"}],"about":[{"href":"https:\/\/fenxweb.com\/index.php\/wp-json\/wp\/v2\/types\/page"}],"author":[{"embeddable":true,"href":"https:\/\/fenxweb.com\/index.php\/wp-json\/wp\/v2\/users\/1"}],"replies":[{"embeddable":true,"href":"https:\/\/fenxweb.com\/index.php\/wp-json\/wp\/v2\/comments?post=9943"}],"version-history":[{"count":11,"href":"https:\/\/fenxweb.com\/index.php\/wp-json\/wp\/v2\/pages\/9943\/revisions"}],"predecessor-version":[{"id":10044,"href":"https:\/\/fenxweb.com\/index.php\/wp-json\/wp\/v2\/pages\/9943\/revisions\/10044"}],"wp:attachment":[{"href":"https:\/\/fenxweb.com\/index.php\/wp-json\/wp\/v2\/media?parent=9943"}],"curies":[{"name":"wp","href":"https:\/\/api.w.org\/{rel}","templated":true}]}}