{"id":9950,"date":"2024-02-12T14:58:59","date_gmt":"2024-02-12T13:58:59","guid":{"rendered":"https:\/\/fenxweb.com\/?page_id=9950"},"modified":"2024-02-12T16:28:17","modified_gmt":"2024-02-12T15:28:17","slug":"charte-environnementale-de-fenx","status":"publish","type":"page","link":"https:\/\/fenxweb.com\/index.php\/charte-environnementale-de-fenx\/","title":{"rendered":"Charte environnementale"},"content":{"rendered":"\t\t<div data-elementor-type=\"wp-page\" data-elementor-id=\"9950\" class=\"elementor elementor-9950\" data-elementor-settings=\"[]\">\n\t\t\t\t\t\t\t<div class=\"elementor-section-wrap\">\n\t\t\t\t\t\t\t<section class=\"elementor-section elementor-top-section elementor-element elementor-element-20a3f7cd elementor-section-full_width elementor-section-height-default elementor-section-height-default mkdf-parallax-row-no mkdf-row-grid-no mkdf-disabled-bg-image-bellow-no\" data-id=\"20a3f7cd\" data-element_type=\"section\">\n\t\t\t\t\t\t<div class=\"elementor-container elementor-column-gap-default\">\n\t\t\t\t\t<div class=\"elementor-column elementor-col-50 elementor-top-column elementor-element elementor-element-603205ae\" data-id=\"603205ae\" data-element_type=\"column\" data-settings=\"{&quot;background_background&quot;:&quot;classic&quot;}\">\n\t\t\t<div class=\"elementor-widget-wrap elementor-element-populated\">\n\t\t\t\t\t\t\t\t<div class=\"elementor-element elementor-element-587c3bbd elementor-widget elementor-widget-text-editor\" data-id=\"587c3bbd\" data-element_type=\"widget\" data-widget_type=\"text-editor.default\">\n\t\t\t\t<div class=\"elementor-widget-container\">\n\t\t\t\t\t\t\t\t<!-- wp:heading {\"level\":4} -->\n<h4>Introduction<\/h4>\n<!-- \/wp:heading -->\n\n<!-- wp:paragraph -->\n<p>Chez FENX, nous reconnaissons l&#8217;importance de prot\u00e9ger notre environnement pour les g\u00e9n\u00e9rations futures. Cette charte environnementale d\u00e9finit nos engagements en mati\u00e8re de d\u00e9veloppement durable et de respect de l&#8217;environnement.<\/p>\n<!-- \/wp:paragraph -->\n\n<!-- wp:heading {\"level\":4} -->\n<h4>Engagement envers l&#8217;environnement<\/h4>\n<!-- \/wp:heading -->\n\n<!-- wp:paragraph -->\n<p>Nous nous engageons \u00e0 minimiser notre impact environnemental en r\u00e9duisant notre consommation d&#8217;\u00e9nergie et en favorisant le recyclage. Nous nous effor\u00e7ons \u00e9galement de r\u00e9duire notre empreinte carbone en favorisant les d\u00e9placements verts et en utilisant des technologies \u00e9co-\u00e9nerg\u00e9tiques.<\/p>\n<!-- \/wp:paragraph -->\n\n<!-- wp:heading {\"level\":4} -->\n<h4>Gestion des d\u00e9chets<\/h4>\n<!-- \/wp:heading -->\n\n<!-- wp:paragraph -->\n<p>Nous nous engageons \u00e0 g\u00e9rer nos d\u00e9chets de mani\u00e8re responsable. Cela comprend la r\u00e9duction des d\u00e9chets \u00e0 la source, le recyclage et la valorisation des d\u00e9chets.<\/p>\n<!-- \/wp:paragraph -->\n\n<!-- wp:heading {\"level\":4} -->\n<h4>Sensibilisation \u00e0 l&#8217;environnement<\/h4>\n<!-- \/wp:heading -->\n\n<!-- wp:paragraph -->\n<p>Nous nous engageons \u00e0 sensibiliser nos employ\u00e9s et nos clients \u00e0 l&#8217;importance de la protection de l&#8217;environnement. Nous encourageons chacun \u00e0 adopter des comportements respectueux de l&#8217;environnement.<\/p>\n<!-- \/wp:paragraph -->\n\n<!-- wp:heading {\"level\":4} -->\n<h4>Conformit\u00e9 r\u00e9glementaire<\/h4>\n<!-- \/wp:heading -->\n\n<!-- wp:paragraph -->\n<p>Nous nous engageons \u00e0 respecter toutes les lois et r\u00e9glementations environnementales applicables. Nous nous effor\u00e7ons \u00e9galement de surpasser ces exigences chaque fois que cela est possible.<\/p>\n<!-- \/wp:paragraph -->\n\n<!-- wp:heading {\"level\":4} -->\n<h4>Conclusion<\/h4>\n<!-- \/wp:heading -->\n\n<!-- wp:paragraph -->\n<p>Cette charte environnementale est un guide pour nous aider \u00e0 respecter nos engagements envers l&#8217;environnement. Nous nous attendons \u00e0 ce que tous les membres de l&#8217;\u00e9quipe FENX adh\u00e8rent \u00e0 ces principes et nous nous engageons \u00e0 les faire respecter.<\/p>\n<!-- \/wp:paragraph -->\n\n<!-- wp:paragraph -->\n<p>Merci de votre coop\u00e9ration et de votre engagement \u00e0 faire de FENX une entreprise respectueuse de l&#8217;environnement.<\/p>\n<!-- \/wp:paragraph -->\t\t\t\t\t\t<\/div>\n\t\t\t\t<\/div>\n\t\t\t\t\t<\/div>\n\t\t<\/div>\n\t\t\t\t<div class=\"elementor-column elementor-col-50 elementor-top-column elementor-element elementor-element-c0bf4fd\" data-id=\"c0bf4fd\" data-element_type=\"column\">\n\t\t\t<div class=\"elementor-widget-wrap\">\n\t\t\t\t\t\t\t\t\t<\/div>\n\t\t<\/div>\n\t\t\t\t\t\t\t<\/div>\n\t\t<\/section>\n\t\t\t\t\t\t<\/div>\n\t\t\t\t\t<\/div>\n\t\t","protected":false},"excerpt":{"rendered":"<p>Introduction Chez FENX, nous reconnaissons l&#8217;importance de prot\u00e9ger notre environnement pour les g\u00e9n\u00e9rations futures. Cette charte environnementale d\u00e9finit nos engagements en mati\u00e8re de d\u00e9veloppement durable et de respect de l&#8217;environnement. Engagement envers l&#8217;environnement Nous nous engageons \u00e0 minimiser notre impact [&hellip;]<\/p>\n","protected":false},"author":1,"featured_media":0,"parent":0,"menu_order":0,"comment_status":"closed","ping_status":"closed","template":"","meta":[],"yoast_head":"<!-- This site is optimized with the Yoast SEO plugin v17.1 - https:\/\/yoast.com\/wordpress\/plugins\/seo\/ -->\n<title>Charte environnementale - FENX<\/title>\n<meta name=\"robots\" content=\"index, follow, max-snippet:-1, max-image-preview:large, max-video-preview:-1\" \/>\n<link rel=\"canonical\" href=\"https:\/\/fenxweb.com\/index.php\/charte-environnementale-de-fenx\/\" \/>\n<meta property=\"og:locale\" content=\"en_US\" \/>\n<meta property=\"og:type\" content=\"article\" \/>\n<meta property=\"og:title\" content=\"Charte environnementale - FENX\" \/>\n<meta property=\"og:description\" content=\"Introduction Chez FENX, nous reconnaissons l&#8217;importance de prot\u00e9ger notre environnement pour les g\u00e9n\u00e9rations futures. Cette charte environnementale d\u00e9finit nos engagements en mati\u00e8re de d\u00e9veloppement durable et de respect de l&#8217;environnement. Engagement envers l&#8217;environnement Nous nous engageons \u00e0 minimiser notre impact [&hellip;]\" \/>\n<meta property=\"og:url\" content=\"https:\/\/fenxweb.com\/index.php\/charte-environnementale-de-fenx\/\" \/>\n<meta property=\"og:site_name\" content=\"FENX\" \/>\n<meta property=\"article:modified_time\" content=\"2024-02-12T15:28:17+00:00\" \/>\n<meta name=\"twitter:card\" content=\"summary_large_image\" \/>\n<meta name=\"twitter:label1\" content=\"Est. reading time\" \/>\n\t<meta name=\"twitter:data1\" content=\"1 minute\" \/>\n<script type=\"application\/ld+json\" class=\"yoast-schema-graph\">{\"@context\":\"https:\/\/schema.org\",\"@graph\":[{\"@type\":\"WebSite\",\"@id\":\"https:\/\/fenxweb.com\/#website\",\"url\":\"https:\/\/fenxweb.com\/\",\"name\":\"FENX\",\"description\":\"\",\"potentialAction\":[{\"@type\":\"SearchAction\",\"target\":{\"@type\":\"EntryPoint\",\"urlTemplate\":\"https:\/\/fenxweb.com\/?s={search_term_string}\"},\"query-input\":\"required name=search_term_string\"}],\"inLanguage\":\"en-US\"},{\"@type\":\"WebPage\",\"@id\":\"https:\/\/fenxweb.com\/index.php\/charte-environnementale-de-fenx\/#webpage\",\"url\":\"https:\/\/fenxweb.com\/index.php\/charte-environnementale-de-fenx\/\",\"name\":\"Charte environnementale - FENX\",\"isPartOf\":{\"@id\":\"https:\/\/fenxweb.com\/#website\"},\"datePublished\":\"2024-02-12T13:58:59+00:00\",\"dateModified\":\"2024-02-12T15:28:17+00:00\",\"breadcrumb\":{\"@id\":\"https:\/\/fenxweb.com\/index.php\/charte-environnementale-de-fenx\/#breadcrumb\"},\"inLanguage\":\"en-US\",\"potentialAction\":[{\"@type\":\"ReadAction\",\"target\":[\"https:\/\/fenxweb.com\/index.php\/charte-environnementale-de-fenx\/\"]}]},{\"@type\":\"BreadcrumbList\",\"@id\":\"https:\/\/fenxweb.com\/index.php\/charte-environnementale-de-fenx\/#breadcrumb\",\"itemListElement\":[{\"@type\":\"ListItem\",\"position\":1,\"name\":\"Home\",\"item\":\"https:\/\/fenxweb.com\/\"},{\"@type\":\"ListItem\",\"position\":2,\"name\":\"Charte environnementale\"}]}]}<\/script>\n<!-- \/ Yoast SEO plugin. -->","yoast_head_json":{"title":"Charte environnementale - FENX","robots":{"index":"index","follow":"follow","max-snippet":"max-snippet:-1","max-image-preview":"max-image-preview:large","max-video-preview":"max-video-preview:-1"},"canonical":"https:\/\/fenxweb.com\/index.php\/charte-environnementale-de-fenx\/","og_locale":"en_US","og_type":"article","og_title":"Charte environnementale - FENX","og_description":"Introduction Chez FENX, nous reconnaissons l&#8217;importance de prot\u00e9ger notre environnement pour les g\u00e9n\u00e9rations futures. Cette charte environnementale d\u00e9finit nos engagements en mati\u00e8re de d\u00e9veloppement durable et de respect de l&#8217;environnement. Engagement envers l&#8217;environnement Nous nous engageons \u00e0 minimiser notre impact [&hellip;]","og_url":"https:\/\/fenxweb.com\/index.php\/charte-environnementale-de-fenx\/","og_site_name":"FENX","article_modified_time":"2024-02-12T15:28:17+00:00","twitter_card":"summary_large_image","twitter_misc":{"Est. reading time":"1 minute"},"schema":{"@context":"https:\/\/schema.org","@graph":[{"@type":"WebSite","@id":"https:\/\/fenxweb.com\/#website","url":"https:\/\/fenxweb.com\/","name":"FENX","description":"","potentialAction":[{"@type":"SearchAction","target":{"@type":"EntryPoint","urlTemplate":"https:\/\/fenxweb.com\/?s={search_term_string}"},"query-input":"required name=search_term_string"}],"inLanguage":"en-US"},{"@type":"WebPage","@id":"https:\/\/fenxweb.com\/index.php\/charte-environnementale-de-fenx\/#webpage","url":"https:\/\/fenxweb.com\/index.php\/charte-environnementale-de-fenx\/","name":"Charte environnementale - FENX","isPartOf":{"@id":"https:\/\/fenxweb.com\/#website"},"datePublished":"2024-02-12T13:58:59+00:00","dateModified":"2024-02-12T15:28:17+00:00","breadcrumb":{"@id":"https:\/\/fenxweb.com\/index.php\/charte-environnementale-de-fenx\/#breadcrumb"},"inLanguage":"en-US","potentialAction":[{"@type":"ReadAction","target":["https:\/\/fenxweb.com\/index.php\/charte-environnementale-de-fenx\/"]}]},{"@type":"BreadcrumbList","@id":"https:\/\/fenxweb.com\/index.php\/charte-environnementale-de-fenx\/#breadcrumb","itemListElement":[{"@type":"ListItem","position":1,"name":"Home","item":"https:\/\/fenxweb.com\/"},{"@type":"ListItem","position":2,"name":"Charte environnementale"}]}]}},"_links":{"self":[{"href":"https:\/\/fenxweb.com\/index.php\/wp-json\/wp\/v2\/pages\/9950"}],"collection":[{"href":"https:\/\/fenxweb.com\/index.php\/wp-json\/wp\/v2\/pages"}],"about":[{"href":"https:\/\/fenxweb.com\/index.php\/wp-json\/wp\/v2\/types\/page"}],"author":[{"embeddable":true,"href":"https:\/\/fenxweb.com\/index.php\/wp-json\/wp\/v2\/users\/1"}],"replies":[{"embeddable":true,"href":"https:\/\/fenxweb.com\/index.php\/wp-json\/wp\/v2\/comments?post=9950"}],"version-history":[{"count":8,"href":"https:\/\/fenxweb.com\/index.php\/wp-json\/wp\/v2\/pages\/9950\/revisions"}],"predecessor-version":[{"id":10062,"href":"https:\/\/fenxweb.com\/index.php\/wp-json\/wp\/v2\/pages\/9950\/revisions\/10062"}],"wp:attachment":[{"href":"https:\/\/fenxweb.com\/index.php\/wp-json\/wp\/v2\/media?parent=9950"}],"curies":[{"name":"wp","href":"https:\/\/api.w.org\/{rel}","templated":true}]}}