{"id":9952,"date":"2024-02-12T15:00:41","date_gmt":"2024-02-12T14:00:41","guid":{"rendered":"https:\/\/fenxweb.com\/?page_id=9952"},"modified":"2024-02-12T16:27:08","modified_gmt":"2024-02-12T15:27:08","slug":"politique-de-responsabilite-sociale-des-entreprises-rse-de-fenx","status":"publish","type":"page","link":"https:\/\/fenxweb.com\/index.php\/politique-de-responsabilite-sociale-des-entreprises-rse-de-fenx\/","title":{"rendered":"Politique de Responsabilit\u00e9 Sociale des Entreprises (RSE)"},"content":{"rendered":"\t\t<div data-elementor-type=\"wp-page\" data-elementor-id=\"9952\" class=\"elementor elementor-9952\" data-elementor-settings=\"[]\">\n\t\t\t\t\t\t\t<div class=\"elementor-section-wrap\">\n\t\t\t\t\t\t\t<section class=\"elementor-section elementor-top-section elementor-element elementor-element-35093a28 elementor-section-full_width elementor-section-height-default elementor-section-height-default mkdf-parallax-row-no mkdf-row-grid-no mkdf-disabled-bg-image-bellow-no\" data-id=\"35093a28\" data-element_type=\"section\">\n\t\t\t\t\t\t<div class=\"elementor-container elementor-column-gap-default\">\n\t\t\t\t\t<div class=\"elementor-column elementor-col-50 elementor-top-column elementor-element elementor-element-7cf2445a\" data-id=\"7cf2445a\" data-element_type=\"column\" data-settings=\"{&quot;background_background&quot;:&quot;classic&quot;}\">\n\t\t\t<div class=\"elementor-widget-wrap elementor-element-populated\">\n\t\t\t\t\t\t\t\t<div class=\"elementor-element elementor-element-3f96705a elementor-widget elementor-widget-text-editor\" data-id=\"3f96705a\" data-element_type=\"widget\" data-widget_type=\"text-editor.default\">\n\t\t\t\t<div class=\"elementor-widget-container\">\n\t\t\t\t\t\t\t\t<!-- wp:heading {\"level\":4} -->\n<h4>Introduction<\/h4>\n<!-- \/wp:heading -->\n\n<!-- wp:paragraph -->\n<p>Chez FENX, nous croyons fermement que notre succ\u00e8s est li\u00e9 \u00e0 notre engagement envers la soci\u00e9t\u00e9 et l&#8217;environnement. Cette politique de RSE d\u00e9finit nos engagements et nos objectifs en mati\u00e8re de responsabilit\u00e9 sociale.<\/p>\n<!-- \/wp:paragraph -->\n\n<!-- wp:heading {\"level\":4} -->\n<h4>Engagement envers nos employ\u00e9s<\/h4>\n<!-- \/wp:heading -->\n\n<!-- wp:paragraph -->\n<p>Nous nous engageons \u00e0 fournir un environnement de travail s\u00fbr, inclusif et respectueux pour tous nos employ\u00e9s. Nous valorisons la diversit\u00e9 et l&#8217;\u00e9galit\u00e9 des chances et nous nous effor\u00e7ons de promouvoir le d\u00e9veloppement professionnel de tous nos employ\u00e9s.<\/p>\n<!-- \/wp:paragraph -->\n\n<!-- wp:heading {\"level\":4} -->\n<h4>Engagement envers l&#8217;environnement<\/h4>\n<!-- \/wp:heading -->\n\n<!-- wp:paragraph -->\n<p>Nous nous engageons \u00e0 minimiser notre impact environnemental en r\u00e9duisant notre consommation d&#8217;\u00e9nergie, en favorisant le recyclage et en utilisant des technologies respectueuses de l&#8217;environnement. Nous nous effor\u00e7ons \u00e9galement de contribuer \u00e0 la lutte contre le changement climatique en r\u00e9duisant notre empreinte carbone.<\/p>\n<!-- \/wp:paragraph -->\n\n<!-- wp:heading {\"level\":4} -->\n<h4>Engagement envers la soci\u00e9t\u00e9<\/h4>\n<!-- \/wp:heading -->\n\n<!-- wp:paragraph -->\n<p>Nous nous engageons \u00e0 contribuer positivement \u00e0 la soci\u00e9t\u00e9 en soutenant des initiatives locales et en participant \u00e0 des projets de d\u00e9veloppement communautaire. Nous nous effor\u00e7ons \u00e9galement de respecter les droits de l&#8217;homme et de promouvoir l&#8217;\u00e9quit\u00e9 sociale.<\/p>\n<!-- \/wp:paragraph -->\n\n<!-- wp:heading {\"level\":4} -->\n<h4>Engagement envers nos clients<\/h4>\n<!-- \/wp:heading -->\n\n<!-- wp:paragraph -->\n<p>Nous nous engageons \u00e0 fournir des produits et services de haute qualit\u00e9 qui r\u00e9pondent aux besoins de nos clients. Nous nous effor\u00e7ons de maintenir des relations solides et durables avec nos clients en agissant avec int\u00e9grit\u00e9 et transparence.<\/p>\n<!-- \/wp:paragraph -->\n\n<!-- wp:heading {\"level\":4} -->\n<h4>Conclusion<\/h4>\n<!-- \/wp:heading -->\n\n<!-- wp:paragraph -->\n<p>Cette politique de RSE est un guide pour nous aider \u00e0 respecter nos engagements envers la soci\u00e9t\u00e9 et l&#8217;environnement. Nous nous attendons \u00e0 ce que tous les membres de l&#8217;\u00e9quipe FENX adh\u00e8rent \u00e0 ces principes et nous nous engageons \u00e0 les faire respecter.<\/p>\n<!-- \/wp:paragraph -->\n\n<!-- wp:paragraph -->\n<p>Merci de votre coop\u00e9ration et de votre engagement \u00e0 faire de FENX une entreprise socialement responsable.<\/p>\n<!-- \/wp:paragraph -->\t\t\t\t\t\t<\/div>\n\t\t\t\t<\/div>\n\t\t\t\t\t<\/div>\n\t\t<\/div>\n\t\t\t\t<div class=\"elementor-column elementor-col-50 elementor-top-column elementor-element elementor-element-5c50b7e\" data-id=\"5c50b7e\" data-element_type=\"column\">\n\t\t\t<div class=\"elementor-widget-wrap\">\n\t\t\t\t\t\t\t\t\t<\/div>\n\t\t<\/div>\n\t\t\t\t\t\t\t<\/div>\n\t\t<\/section>\n\t\t\t\t\t\t<\/div>\n\t\t\t\t\t<\/div>\n\t\t","protected":false},"excerpt":{"rendered":"<p>Introduction Chez FENX, nous croyons fermement que notre succ\u00e8s est li\u00e9 \u00e0 notre engagement envers la soci\u00e9t\u00e9 et l&#8217;environnement. Cette politique de RSE d\u00e9finit nos engagements et nos objectifs en mati\u00e8re de responsabilit\u00e9 sociale. Engagement envers nos employ\u00e9s Nous nous [&hellip;]<\/p>\n","protected":false},"author":1,"featured_media":0,"parent":0,"menu_order":0,"comment_status":"closed","ping_status":"closed","template":"","meta":[],"yoast_head":"<!-- This site is optimized with the Yoast SEO plugin v17.1 - https:\/\/yoast.com\/wordpress\/plugins\/seo\/ -->\n<title>Politique de Responsabilit\u00e9 Sociale des Entreprises (RSE) - FENX<\/title>\n<meta name=\"robots\" content=\"index, follow, max-snippet:-1, max-image-preview:large, max-video-preview:-1\" \/>\n<link rel=\"canonical\" href=\"https:\/\/fenxweb.com\/index.php\/politique-de-responsabilite-sociale-des-entreprises-rse-de-fenx\/\" \/>\n<meta property=\"og:locale\" content=\"en_US\" \/>\n<meta property=\"og:type\" content=\"article\" \/>\n<meta property=\"og:title\" content=\"Politique de Responsabilit\u00e9 Sociale des Entreprises (RSE) - FENX\" \/>\n<meta property=\"og:description\" content=\"Introduction Chez FENX, nous croyons fermement que notre succ\u00e8s est li\u00e9 \u00e0 notre engagement envers la soci\u00e9t\u00e9 et l&#8217;environnement. Cette politique de RSE d\u00e9finit nos engagements et nos objectifs en mati\u00e8re de responsabilit\u00e9 sociale. Engagement envers nos employ\u00e9s Nous nous [&hellip;]\" \/>\n<meta property=\"og:url\" content=\"https:\/\/fenxweb.com\/index.php\/politique-de-responsabilite-sociale-des-entreprises-rse-de-fenx\/\" \/>\n<meta property=\"og:site_name\" content=\"FENX\" \/>\n<meta property=\"article:modified_time\" content=\"2024-02-12T15:27:08+00:00\" \/>\n<meta name=\"twitter:card\" content=\"summary_large_image\" \/>\n<meta name=\"twitter:label1\" content=\"Est. reading time\" \/>\n\t<meta name=\"twitter:data1\" content=\"2 minutes\" \/>\n<script type=\"application\/ld+json\" class=\"yoast-schema-graph\">{\"@context\":\"https:\/\/schema.org\",\"@graph\":[{\"@type\":\"WebSite\",\"@id\":\"https:\/\/fenxweb.com\/#website\",\"url\":\"https:\/\/fenxweb.com\/\",\"name\":\"FENX\",\"description\":\"\",\"potentialAction\":[{\"@type\":\"SearchAction\",\"target\":{\"@type\":\"EntryPoint\",\"urlTemplate\":\"https:\/\/fenxweb.com\/?s={search_term_string}\"},\"query-input\":\"required name=search_term_string\"}],\"inLanguage\":\"en-US\"},{\"@type\":\"WebPage\",\"@id\":\"https:\/\/fenxweb.com\/index.php\/politique-de-responsabilite-sociale-des-entreprises-rse-de-fenx\/#webpage\",\"url\":\"https:\/\/fenxweb.com\/index.php\/politique-de-responsabilite-sociale-des-entreprises-rse-de-fenx\/\",\"name\":\"Politique de Responsabilit\\u00e9 Sociale des Entreprises (RSE) - FENX\",\"isPartOf\":{\"@id\":\"https:\/\/fenxweb.com\/#website\"},\"datePublished\":\"2024-02-12T14:00:41+00:00\",\"dateModified\":\"2024-02-12T15:27:08+00:00\",\"breadcrumb\":{\"@id\":\"https:\/\/fenxweb.com\/index.php\/politique-de-responsabilite-sociale-des-entreprises-rse-de-fenx\/#breadcrumb\"},\"inLanguage\":\"en-US\",\"potentialAction\":[{\"@type\":\"ReadAction\",\"target\":[\"https:\/\/fenxweb.com\/index.php\/politique-de-responsabilite-sociale-des-entreprises-rse-de-fenx\/\"]}]},{\"@type\":\"BreadcrumbList\",\"@id\":\"https:\/\/fenxweb.com\/index.php\/politique-de-responsabilite-sociale-des-entreprises-rse-de-fenx\/#breadcrumb\",\"itemListElement\":[{\"@type\":\"ListItem\",\"position\":1,\"name\":\"Home\",\"item\":\"https:\/\/fenxweb.com\/\"},{\"@type\":\"ListItem\",\"position\":2,\"name\":\"Politique de Responsabilit\\u00e9 Sociale des Entreprises (RSE)\"}]}]}<\/script>\n<!-- \/ Yoast SEO plugin. -->","yoast_head_json":{"title":"Politique de Responsabilit\u00e9 Sociale des Entreprises (RSE) - FENX","robots":{"index":"index","follow":"follow","max-snippet":"max-snippet:-1","max-image-preview":"max-image-preview:large","max-video-preview":"max-video-preview:-1"},"canonical":"https:\/\/fenxweb.com\/index.php\/politique-de-responsabilite-sociale-des-entreprises-rse-de-fenx\/","og_locale":"en_US","og_type":"article","og_title":"Politique de Responsabilit\u00e9 Sociale des Entreprises (RSE) - FENX","og_description":"Introduction Chez FENX, nous croyons fermement que notre succ\u00e8s est li\u00e9 \u00e0 notre engagement envers la soci\u00e9t\u00e9 et l&#8217;environnement. Cette politique de RSE d\u00e9finit nos engagements et nos objectifs en mati\u00e8re de responsabilit\u00e9 sociale. Engagement envers nos employ\u00e9s Nous nous [&hellip;]","og_url":"https:\/\/fenxweb.com\/index.php\/politique-de-responsabilite-sociale-des-entreprises-rse-de-fenx\/","og_site_name":"FENX","article_modified_time":"2024-02-12T15:27:08+00:00","twitter_card":"summary_large_image","twitter_misc":{"Est. reading time":"2 minutes"},"schema":{"@context":"https:\/\/schema.org","@graph":[{"@type":"WebSite","@id":"https:\/\/fenxweb.com\/#website","url":"https:\/\/fenxweb.com\/","name":"FENX","description":"","potentialAction":[{"@type":"SearchAction","target":{"@type":"EntryPoint","urlTemplate":"https:\/\/fenxweb.com\/?s={search_term_string}"},"query-input":"required name=search_term_string"}],"inLanguage":"en-US"},{"@type":"WebPage","@id":"https:\/\/fenxweb.com\/index.php\/politique-de-responsabilite-sociale-des-entreprises-rse-de-fenx\/#webpage","url":"https:\/\/fenxweb.com\/index.php\/politique-de-responsabilite-sociale-des-entreprises-rse-de-fenx\/","name":"Politique de Responsabilit\u00e9 Sociale des Entreprises (RSE) - FENX","isPartOf":{"@id":"https:\/\/fenxweb.com\/#website"},"datePublished":"2024-02-12T14:00:41+00:00","dateModified":"2024-02-12T15:27:08+00:00","breadcrumb":{"@id":"https:\/\/fenxweb.com\/index.php\/politique-de-responsabilite-sociale-des-entreprises-rse-de-fenx\/#breadcrumb"},"inLanguage":"en-US","potentialAction":[{"@type":"ReadAction","target":["https:\/\/fenxweb.com\/index.php\/politique-de-responsabilite-sociale-des-entreprises-rse-de-fenx\/"]}]},{"@type":"BreadcrumbList","@id":"https:\/\/fenxweb.com\/index.php\/politique-de-responsabilite-sociale-des-entreprises-rse-de-fenx\/#breadcrumb","itemListElement":[{"@type":"ListItem","position":1,"name":"Home","item":"https:\/\/fenxweb.com\/"},{"@type":"ListItem","position":2,"name":"Politique de Responsabilit\u00e9 Sociale des Entreprises (RSE)"}]}]}},"_links":{"self":[{"href":"https:\/\/fenxweb.com\/index.php\/wp-json\/wp\/v2\/pages\/9952"}],"collection":[{"href":"https:\/\/fenxweb.com\/index.php\/wp-json\/wp\/v2\/pages"}],"about":[{"href":"https:\/\/fenxweb.com\/index.php\/wp-json\/wp\/v2\/types\/page"}],"author":[{"embeddable":true,"href":"https:\/\/fenxweb.com\/index.php\/wp-json\/wp\/v2\/users\/1"}],"replies":[{"embeddable":true,"href":"https:\/\/fenxweb.com\/index.php\/wp-json\/wp\/v2\/comments?post=9952"}],"version-history":[{"count":8,"href":"https:\/\/fenxweb.com\/index.php\/wp-json\/wp\/v2\/pages\/9952\/revisions"}],"predecessor-version":[{"id":10061,"href":"https:\/\/fenxweb.com\/index.php\/wp-json\/wp\/v2\/pages\/9952\/revisions\/10061"}],"wp:attachment":[{"href":"https:\/\/fenxweb.com\/index.php\/wp-json\/wp\/v2\/media?parent=9952"}],"curies":[{"name":"wp","href":"https:\/\/api.w.org\/{rel}","templated":true}]}}