{"id":9965,"date":"2024-02-12T15:17:28","date_gmt":"2024-02-12T14:17:28","guid":{"rendered":"https:\/\/fenxweb.com\/?page_id=9965"},"modified":"2024-02-12T16:31:56","modified_gmt":"2024-02-12T15:31:56","slug":"mot-du-president","status":"publish","type":"page","link":"https:\/\/fenxweb.com\/index.php\/mot-du-president\/","title":{"rendered":"Mot du Pr\u00e9sident"},"content":{"rendered":"\t\t<div data-elementor-type=\"wp-page\" data-elementor-id=\"9965\" class=\"elementor elementor-9965\" data-elementor-settings=\"[]\">\n\t\t\t\t\t\t\t<div class=\"elementor-section-wrap\">\n\t\t\t\t\t\t\t<section class=\"elementor-section elementor-top-section elementor-element elementor-element-cf7e6d4 elementor-section-full_width elementor-section-height-default elementor-section-height-default mkdf-parallax-row-no mkdf-row-grid-no mkdf-disabled-bg-image-bellow-no\" data-id=\"cf7e6d4\" data-element_type=\"section\">\n\t\t\t\t\t\t<div class=\"elementor-container elementor-column-gap-default\">\n\t\t\t\t\t<div class=\"elementor-column elementor-col-50 elementor-top-column elementor-element elementor-element-6d9142f\" data-id=\"6d9142f\" data-element_type=\"column\" data-settings=\"{&quot;background_background&quot;:&quot;classic&quot;}\">\n\t\t\t<div class=\"elementor-widget-wrap elementor-element-populated\">\n\t\t\t\t\t\t\t\t<div class=\"elementor-element elementor-element-8b4f7a7 elementor-widget elementor-widget-text-editor\" data-id=\"8b4f7a7\" data-element_type=\"widget\" data-widget_type=\"text-editor.default\">\n\t\t\t\t<div class=\"elementor-widget-container\">\n\t\t\t\t\t\t\t\t<p><span style=\"font-weight: 400;\">FENX a vu le jour avec l\u2019ambition de concr\u00e9tiser les id\u00e9es en solutions technologiques. Notre mission principale est d\u2019accompagner les entreprises dans leur transition num\u00e9rique, visant \u00e0 am\u00e9liorer leur performance op\u00e9rationnelle et financi\u00e8re.<\/span><\/p><p><span style=\"font-weight: 400;\">Nous proposons des solutions logicielles de premier ordre, adapt\u00e9es aux exigences sp\u00e9cifiques de nos clients. Notre objectif est de surpasser les attentes, en privil\u00e9giant l\u2019innovation, l\u2019efficacit\u00e9 et la satisfaction client.<\/span><\/p><p><strong>Notre \u00e9quipe<\/strong><\/p><p><span style=\"font-weight: 400;\">Notre \u00e9quipe est constitu\u00e9e de professionnels engag\u00e9s, anim\u00e9s par une passion pour la technologie. Chaque membre de FENX apporte une expertise singuli\u00e8re et un d\u00e9sir d\u2019excellence qui se manifeste dans chaque projet que nous r\u00e9alisons. Nous sommes fiers de notre \u00e9quipe et de l\u2019esprit d\u2019innovation qu\u2019elle v\u00e9hicule.<\/span><\/p><p><strong>Vers l&#8217;avenir<\/strong><\/p><p><span style=\"font-weight: 400;\">En tournant notre regard vers l\u2019avenir, nous sommes enthousiasm\u00e9s par les possibilit\u00e9s illimit\u00e9es que le d\u00e9veloppement de logiciels pr\u00e9sente. Nous sommes r\u00e9solus \u00e0 rester \u00e0 l\u2019avant-garde de la technologie, \u00e0 innover sans cesse et \u00e0 fournir des solutions qui contribuent \u00e0 la r\u00e9ussite de nos clients. Nous vous remercions pour votre soutien continu et nous nous r\u00e9jouissons de l\u2019opportunit\u00e9 de vous servir.<\/span><\/p><p>\u00a0<\/p><p><strong>Bonny Mbombi Mayamonuswa<\/strong><\/p><p><em>Pr\u00e9sident &amp; fondateur de FENX sasu<\/em><\/p>\t\t\t\t\t\t<\/div>\n\t\t\t\t<\/div>\n\t\t\t\t\t<\/div>\n\t\t<\/div>\n\t\t\t\t<div class=\"elementor-column elementor-col-50 elementor-top-column elementor-element elementor-element-f43f28d\" data-id=\"f43f28d\" data-element_type=\"column\">\n\t\t\t<div class=\"elementor-widget-wrap elementor-element-populated\">\n\t\t\t\t\t\t\t\t<div class=\"elementor-element elementor-element-7ed472b elementor-widget elementor-widget-image\" data-id=\"7ed472b\" data-element_type=\"widget\" data-widget_type=\"image.default\">\n\t\t\t\t<div class=\"elementor-widget-container\">\n\t\t\t\t\t\t\t\t\t\t\t\t\t\t\t<img width=\"300\" height=\"300\" src=\"https:\/\/fenxweb.com\/wp-content\/uploads\/2024\/02\/1667739450805-300x300.jpeg\" class=\"attachment-woocommerce_thumbnail size-woocommerce_thumbnail\" alt=\"\" loading=\"lazy\" srcset=\"https:\/\/fenxweb.com\/wp-content\/uploads\/2024\/02\/1667739450805-300x300.jpeg 300w, https:\/\/fenxweb.com\/wp-content\/uploads\/2024\/02\/1667739450805-150x150.jpeg 150w, https:\/\/fenxweb.com\/wp-content\/uploads\/2024\/02\/1667739450805-768x768.jpeg 768w, https:\/\/fenxweb.com\/wp-content\/uploads\/2024\/02\/1667739450805-550x550.jpeg 550w, https:\/\/fenxweb.com\/wp-content\/uploads\/2024\/02\/1667739450805-650x650.jpeg 650w, https:\/\/fenxweb.com\/wp-content\/uploads\/2024\/02\/1667739450805-600x600.jpeg 600w, https:\/\/fenxweb.com\/wp-content\/uploads\/2024\/02\/1667739450805-100x100.jpeg 100w, https:\/\/fenxweb.com\/wp-content\/uploads\/2024\/02\/1667739450805.jpeg 800w\" sizes=\"(max-width: 300px) 100vw, 300px\" \/>\t\t\t\t\t\t\t\t\t\t\t\t\t\t\t<\/div>\n\t\t\t\t<\/div>\n\t\t\t\t\t<\/div>\n\t\t<\/div>\n\t\t\t\t\t\t\t<\/div>\n\t\t<\/section>\n\t\t\t\t\t\t<\/div>\n\t\t\t\t\t<\/div>\n\t\t","protected":false},"excerpt":{"rendered":"<p>FENX a vu le jour avec l\u2019ambition de concr\u00e9tiser les id\u00e9es en solutions technologiques. Notre mission principale est d\u2019accompagner les entreprises dans leur transition num\u00e9rique, visant \u00e0 am\u00e9liorer leur performance op\u00e9rationnelle et financi\u00e8re. Nous proposons des solutions logicielles de premier [&hellip;]<\/p>\n","protected":false},"author":1,"featured_media":0,"parent":0,"menu_order":0,"comment_status":"closed","ping_status":"closed","template":"","meta":[],"yoast_head":"<!-- This site is optimized with the Yoast SEO plugin v17.1 - https:\/\/yoast.com\/wordpress\/plugins\/seo\/ -->\n<title>Mot du Pr\u00e9sident - FENX<\/title>\n<meta name=\"robots\" content=\"index, follow, max-snippet:-1, max-image-preview:large, max-video-preview:-1\" \/>\n<link rel=\"canonical\" href=\"https:\/\/fenxweb.com\/index.php\/mot-du-president\/\" \/>\n<meta property=\"og:locale\" content=\"en_US\" \/>\n<meta property=\"og:type\" content=\"article\" \/>\n<meta property=\"og:title\" content=\"Mot du Pr\u00e9sident - FENX\" \/>\n<meta property=\"og:description\" content=\"FENX a vu le jour avec l\u2019ambition de concr\u00e9tiser les id\u00e9es en solutions technologiques. Notre mission principale est d\u2019accompagner les entreprises dans leur transition num\u00e9rique, visant \u00e0 am\u00e9liorer leur performance op\u00e9rationnelle et financi\u00e8re. Nous proposons des solutions logicielles de premier [&hellip;]\" \/>\n<meta property=\"og:url\" content=\"https:\/\/fenxweb.com\/index.php\/mot-du-president\/\" \/>\n<meta property=\"og:site_name\" content=\"FENX\" \/>\n<meta property=\"article:modified_time\" content=\"2024-02-12T15:31:56+00:00\" \/>\n<meta property=\"og:image\" content=\"https:\/\/fenxweb.com\/wp-content\/uploads\/2024\/02\/1667739450805-300x300.jpeg\" \/>\n<meta name=\"twitter:card\" content=\"summary_large_image\" \/>\n<meta name=\"twitter:label1\" content=\"Est. reading time\" \/>\n\t<meta name=\"twitter:data1\" content=\"2 minutes\" \/>\n<script type=\"application\/ld+json\" class=\"yoast-schema-graph\">{\"@context\":\"https:\/\/schema.org\",\"@graph\":[{\"@type\":\"WebSite\",\"@id\":\"https:\/\/fenxweb.com\/#website\",\"url\":\"https:\/\/fenxweb.com\/\",\"name\":\"FENX\",\"description\":\"\",\"potentialAction\":[{\"@type\":\"SearchAction\",\"target\":{\"@type\":\"EntryPoint\",\"urlTemplate\":\"https:\/\/fenxweb.com\/?s={search_term_string}\"},\"query-input\":\"required name=search_term_string\"}],\"inLanguage\":\"en-US\"},{\"@type\":\"ImageObject\",\"@id\":\"https:\/\/fenxweb.com\/index.php\/mot-du-president\/#primaryimage\",\"inLanguage\":\"en-US\",\"url\":\"https:\/\/fenxweb.com\/wp-content\/uploads\/2024\/02\/1667739450805.jpeg\",\"contentUrl\":\"https:\/\/fenxweb.com\/wp-content\/uploads\/2024\/02\/1667739450805.jpeg\",\"width\":800,\"height\":800},{\"@type\":\"WebPage\",\"@id\":\"https:\/\/fenxweb.com\/index.php\/mot-du-president\/#webpage\",\"url\":\"https:\/\/fenxweb.com\/index.php\/mot-du-president\/\",\"name\":\"Mot du Pr\\u00e9sident - FENX\",\"isPartOf\":{\"@id\":\"https:\/\/fenxweb.com\/#website\"},\"primaryImageOfPage\":{\"@id\":\"https:\/\/fenxweb.com\/index.php\/mot-du-president\/#primaryimage\"},\"datePublished\":\"2024-02-12T14:17:28+00:00\",\"dateModified\":\"2024-02-12T15:31:56+00:00\",\"breadcrumb\":{\"@id\":\"https:\/\/fenxweb.com\/index.php\/mot-du-president\/#breadcrumb\"},\"inLanguage\":\"en-US\",\"potentialAction\":[{\"@type\":\"ReadAction\",\"target\":[\"https:\/\/fenxweb.com\/index.php\/mot-du-president\/\"]}]},{\"@type\":\"BreadcrumbList\",\"@id\":\"https:\/\/fenxweb.com\/index.php\/mot-du-president\/#breadcrumb\",\"itemListElement\":[{\"@type\":\"ListItem\",\"position\":1,\"name\":\"Home\",\"item\":\"https:\/\/fenxweb.com\/\"},{\"@type\":\"ListItem\",\"position\":2,\"name\":\"Mot du Pr\\u00e9sident\"}]}]}<\/script>\n<!-- \/ Yoast SEO plugin. -->","yoast_head_json":{"title":"Mot du Pr\u00e9sident - FENX","robots":{"index":"index","follow":"follow","max-snippet":"max-snippet:-1","max-image-preview":"max-image-preview:large","max-video-preview":"max-video-preview:-1"},"canonical":"https:\/\/fenxweb.com\/index.php\/mot-du-president\/","og_locale":"en_US","og_type":"article","og_title":"Mot du Pr\u00e9sident - FENX","og_description":"FENX a vu le jour avec l\u2019ambition de concr\u00e9tiser les id\u00e9es en solutions technologiques. Notre mission principale est d\u2019accompagner les entreprises dans leur transition num\u00e9rique, visant \u00e0 am\u00e9liorer leur performance op\u00e9rationnelle et financi\u00e8re. Nous proposons des solutions logicielles de premier [&hellip;]","og_url":"https:\/\/fenxweb.com\/index.php\/mot-du-president\/","og_site_name":"FENX","article_modified_time":"2024-02-12T15:31:56+00:00","og_image":[{"url":"https:\/\/fenxweb.com\/wp-content\/uploads\/2024\/02\/1667739450805-300x300.jpeg"}],"twitter_card":"summary_large_image","twitter_misc":{"Est. reading time":"2 minutes"},"schema":{"@context":"https:\/\/schema.org","@graph":[{"@type":"WebSite","@id":"https:\/\/fenxweb.com\/#website","url":"https:\/\/fenxweb.com\/","name":"FENX","description":"","potentialAction":[{"@type":"SearchAction","target":{"@type":"EntryPoint","urlTemplate":"https:\/\/fenxweb.com\/?s={search_term_string}"},"query-input":"required name=search_term_string"}],"inLanguage":"en-US"},{"@type":"ImageObject","@id":"https:\/\/fenxweb.com\/index.php\/mot-du-president\/#primaryimage","inLanguage":"en-US","url":"https:\/\/fenxweb.com\/wp-content\/uploads\/2024\/02\/1667739450805.jpeg","contentUrl":"https:\/\/fenxweb.com\/wp-content\/uploads\/2024\/02\/1667739450805.jpeg","width":800,"height":800},{"@type":"WebPage","@id":"https:\/\/fenxweb.com\/index.php\/mot-du-president\/#webpage","url":"https:\/\/fenxweb.com\/index.php\/mot-du-president\/","name":"Mot du Pr\u00e9sident - FENX","isPartOf":{"@id":"https:\/\/fenxweb.com\/#website"},"primaryImageOfPage":{"@id":"https:\/\/fenxweb.com\/index.php\/mot-du-president\/#primaryimage"},"datePublished":"2024-02-12T14:17:28+00:00","dateModified":"2024-02-12T15:31:56+00:00","breadcrumb":{"@id":"https:\/\/fenxweb.com\/index.php\/mot-du-president\/#breadcrumb"},"inLanguage":"en-US","potentialAction":[{"@type":"ReadAction","target":["https:\/\/fenxweb.com\/index.php\/mot-du-president\/"]}]},{"@type":"BreadcrumbList","@id":"https:\/\/fenxweb.com\/index.php\/mot-du-president\/#breadcrumb","itemListElement":[{"@type":"ListItem","position":1,"name":"Home","item":"https:\/\/fenxweb.com\/"},{"@type":"ListItem","position":2,"name":"Mot du Pr\u00e9sident"}]}]}},"_links":{"self":[{"href":"https:\/\/fenxweb.com\/index.php\/wp-json\/wp\/v2\/pages\/9965"}],"collection":[{"href":"https:\/\/fenxweb.com\/index.php\/wp-json\/wp\/v2\/pages"}],"about":[{"href":"https:\/\/fenxweb.com\/index.php\/wp-json\/wp\/v2\/types\/page"}],"author":[{"embeddable":true,"href":"https:\/\/fenxweb.com\/index.php\/wp-json\/wp\/v2\/users\/1"}],"replies":[{"embeddable":true,"href":"https:\/\/fenxweb.com\/index.php\/wp-json\/wp\/v2\/comments?post=9965"}],"version-history":[{"count":36,"href":"https:\/\/fenxweb.com\/index.php\/wp-json\/wp\/v2\/pages\/9965\/revisions"}],"predecessor-version":[{"id":10069,"href":"https:\/\/fenxweb.com\/index.php\/wp-json\/wp\/v2\/pages\/9965\/revisions\/10069"}],"wp:attachment":[{"href":"https:\/\/fenxweb.com\/index.php\/wp-json\/wp\/v2\/media?parent=9965"}],"curies":[{"name":"wp","href":"https:\/\/api.w.org\/{rel}","templated":true}]}}